{"id":23298,"date":"2023-05-14T20:14:44","date_gmt":"2023-05-14T20:14:44","guid":{"rendered":"https:\/\/www.tornum.com\/product\/sweep-out-permanent\/"},"modified":"2024-05-15T11:02:40","modified_gmt":"2024-05-15T11:02:40","slug":"allando-kihordocsiga","status":"publish","type":"product","link":"https:\/\/www.tornum.com\/hu\/termek\/allando-kihordocsiga\/","title":{"rendered":"\u00c1LLAND\u00d3 KIHORD\u00d3CSIGA"},"content":{"rendered":"<div class=\"wpb-content-wrapper\"><p>[vc_row][vc_column width=&#8221;2\/3&#8243;][vc_column_text]<\/p>\n<h3><strong>TORNUM \u00c1LLAND\u00d3 KIHORD\u00d3CSIGA<\/strong><\/h3>\n<p>Fix be\u00e9p\u00edt\u00e9s\u0171 Tornum kit\u00e1rol\u00f3csiga. A csiga egy meghajt\u00f3egys\u00e9gb\u0151l, szabv\u00e1nyos hossz\u00fas\u00e1g\u00fa b\u0151v\u00edtm\u00e9nyekb\u0151l, l\u00e1nccal m\u0171k\u00f6dtetett z\u00e1r\u00f3elemb\u0151l, valamint hajt\u00f3ker\u00e9kb\u0151l \u00e1ll. Az \u00fcr\u00edt\u0151csig\u00e1t sz\u00e1mos elt\u00e9r\u0151 szabv\u00e1nyos hosszban k\u00edn\u00e1ljuk, de 9,7 m\u00e9ter hosszig egy\u00e9ni m\u00e9retben is kaphat\u00f3.<\/p>\n<p>Maxim\u00e1lis kapacit\u00e1s: 60 tonna\/\u00f3ra.[\/vc_column_text][\/vc_column][vc_column width=&#8221;1\/3&#8243;][vc_column_text]<strong>Jellemz\u0151k<\/strong><br \/>\n\u2022 Hajt\u00f3m\u0171ves motor<br \/>\n\u2022 Porfestett f\u00e9mlemez csatorna<br \/>\n\u2022 A csatorna hossza \u00b1100 mm-rel \u00e1ll\u00edthat\u00f3<br \/>\n[\/vc_column_text][\/vc_column][\/vc_row]<\/p>\n<\/div>","protected":false},"excerpt":{"rendered":"<p>Ez a Tornum sil\u00f3kba fixen be\u00e9p\u00edthet\u0151 \u00fcr\u00edt\u0151csig\u00e1ja, amely rugalmas modul\u00e1ris rendszerben k\u00e9sz\u00fcl, \u00edgy hozz\u00e1igaz\u00edthat\u00f3 a sil\u00f3 m\u00e9ret\u00e9hez.<\/p>\n","protected":false},"featured_media":21157,"comment_status":"open","ping_status":"closed","template":"","meta":{"_acf_changed":false},"product_brand":[],"product_cat":[420,428,435,473,474,502],"product_tag":[468,454],"class_list":{"0":"post-23298","1":"product","2":"type-product","3":"status-publish","4":"has-post-thumbnail","6":"product_cat-minden-termek-hu","7":"product_cat-gabona-hu","8":"product_cat-anyagmozgatas","9":"product_cat-silokiereszto-hu","10":"product_cat-szallitocsiga-hu","11":"product_cat-urito-szallitoszalag-hu","12":"product_tag-storage-hu","13":"product_tag-transport-hu","14":"description-off","16":"first","17":"instock","18":"shipping-taxable","19":"product-type-simple"},"acf":[],"_links":{"self":[{"href":"https:\/\/www.tornum.com\/hu\/wp-json\/wp\/v2\/product\/23298","targetHints":{"allow":["GET"]}}],"collection":[{"href":"https:\/\/www.tornum.com\/hu\/wp-json\/wp\/v2\/product"}],"about":[{"href":"https:\/\/www.tornum.com\/hu\/wp-json\/wp\/v2\/types\/product"}],"replies":[{"embeddable":true,"href":"https:\/\/www.tornum.com\/hu\/wp-json\/wp\/v2\/comments?post=23298"}],"version-history":[{"count":1,"href":"https:\/\/www.tornum.com\/hu\/wp-json\/wp\/v2\/product\/23298\/revisions"}],"predecessor-version":[{"id":23310,"href":"https:\/\/www.tornum.com\/hu\/wp-json\/wp\/v2\/product\/23298\/revisions\/23310"}],"wp:featuredmedia":[{"embeddable":true,"href":"https:\/\/www.tornum.com\/hu\/wp-json\/wp\/v2\/media\/21157"}],"wp:attachment":[{"href":"https:\/\/www.tornum.com\/hu\/wp-json\/wp\/v2\/media?parent=23298"}],"wp:term":[{"taxonomy":"product_brand","embeddable":true,"href":"https:\/\/www.tornum.com\/hu\/wp-json\/wp\/v2\/product_brand?post=23298"},{"taxonomy":"product_cat","embeddable":true,"href":"https:\/\/www.tornum.com\/hu\/wp-json\/wp\/v2\/product_cat?post=23298"},{"taxonomy":"product_tag","embeddable":true,"href":"https:\/\/www.tornum.com\/hu\/wp-json\/wp\/v2\/product_tag?post=23298"}],"curies":[{"name":"wp","href":"https:\/\/api.w.org\/{rel}","templated":true}]}}