{"id":23299,"date":"2023-05-17T13:17:49","date_gmt":"2023-05-17T13:17:49","guid":{"rendered":"https:\/\/www.tornum.com\/product\/tecflam-gas-burner\/"},"modified":"2025-07-31T06:01:40","modified_gmt":"2025-07-31T06:01:40","slug":"tecflam-gazego","status":"publish","type":"product","link":"https:\/\/www.tornum.com\/hu\/termek\/tecflam-gazego\/","title":{"rendered":"TECFLAM &#8211; G\u00c1Z\u00c9G\u0150"},"content":{"rendered":"<p>Az ilyen t\u00edpus\u00fa f\u0171t\u00e9sn\u00e9l a sz\u00e1r\u00edt\u00f3 ventil\u00e1torai \u00e1ltal l\u00e9trehozott technol\u00f3giai sz\u00e1r\u00edt\u00f3leveg\u0151, az \u00e9g\u0151 ventil\u00e1torai \u00e1ltal l\u00e9trehozott \u00e9g\u00e9si leveg\u0151 \u00e9s az \u00e9g\u00e9sterm\u00e9kg\u00e1zok mind \u00f6sszekeveredve k\u00e9pezik a term\u00e9ny sz\u00e1r\u00edt\u00e1s\u00e1hoz sz\u00fcks\u00e9ges leveg\u0151t, cs\u00f6kkentve az energiafogyaszt\u00e1st. F\u0171t\u00e9si kapacit\u00e1s 814 kW-t\u00f3l 16280 kW k\u00f6z\u00f6tti.<\/p>\n","protected":false},"excerpt":{"rendered":"<p>A TORNUM LPG- (cseppfoly\u00f3s\u00edtott f\u00f6ldg\u00e1z) \u00e9s f\u00f6ldg\u00e1z\u00fczem\u0171 g\u00e1z\u00e9g\u0151ket is k\u00edn\u00e1l f\u00fcgg\u0151leges gabonasz\u00e1r\u00edt\u00f3k k\u00f6zvetlen f\u0171t\u00e9s\u00e9hez. A k\u00edn\u00e1latban sz\u00e1mos k\u00fcl\u00f6nb\u00f6z\u0151 csatorna\u00e9g\u0151 \u00e9s soros \u00e9g\u0151 tal\u00e1lhat\u00f3, a telep\u00edtend\u0151 rendszer t\u00edpus\u00e1nak megfelel\u0151en.<\/p>\n<p>A g\u00e1z\u00e9g\u0151vel k\u00f6zvetlen\u00fcl f\u0171t\u00f6tt gabonasz\u00e1r\u00edt\u00f3 kevesebb energi\u00e1t fogyaszt, mint a k\u00f6zvetett f\u0171t\u00e9s, p\u00e9ld\u00e1ul egy olajkaz\u00e1n.<\/p>\n","protected":false},"featured_media":21395,"comment_status":"open","ping_status":"closed","template":"","meta":{"_acf_changed":false},"product_brand":[],"product_cat":[420,421,429],"product_tag":[430,431],"class_list":{"0":"post-23299","1":"product","2":"type-product","3":"status-publish","4":"has-post-thumbnail","6":"product_cat-minden-termek-hu","7":"product_cat-kondicionalas","8":"product_cat-hoforrasok-hu","9":"product_tag-burner-hu","10":"product_tag-dryer-hu","11":"description-off","13":"first","14":"instock","15":"shipping-taxable","16":"product-type-simple"},"acf":[],"_links":{"self":[{"href":"https:\/\/www.tornum.com\/hu\/wp-json\/wp\/v2\/product\/23299","targetHints":{"allow":["GET"]}}],"collection":[{"href":"https:\/\/www.tornum.com\/hu\/wp-json\/wp\/v2\/product"}],"about":[{"href":"https:\/\/www.tornum.com\/hu\/wp-json\/wp\/v2\/types\/product"}],"replies":[{"embeddable":true,"href":"https:\/\/www.tornum.com\/hu\/wp-json\/wp\/v2\/comments?post=23299"}],"version-history":[{"count":1,"href":"https:\/\/www.tornum.com\/hu\/wp-json\/wp\/v2\/product\/23299\/revisions"}],"predecessor-version":[{"id":23314,"href":"https:\/\/www.tornum.com\/hu\/wp-json\/wp\/v2\/product\/23299\/revisions\/23314"}],"wp:featuredmedia":[{"embeddable":true,"href":"https:\/\/www.tornum.com\/hu\/wp-json\/wp\/v2\/media\/21395"}],"wp:attachment":[{"href":"https:\/\/www.tornum.com\/hu\/wp-json\/wp\/v2\/media?parent=23299"}],"wp:term":[{"taxonomy":"product_brand","embeddable":true,"href":"https:\/\/www.tornum.com\/hu\/wp-json\/wp\/v2\/product_brand?post=23299"},{"taxonomy":"product_cat","embeddable":true,"href":"https:\/\/www.tornum.com\/hu\/wp-json\/wp\/v2\/product_cat?post=23299"},{"taxonomy":"product_tag","embeddable":true,"href":"https:\/\/www.tornum.com\/hu\/wp-json\/wp\/v2\/product_tag?post=23299"}],"curies":[{"name":"wp","href":"https:\/\/api.w.org\/{rel}","templated":true}]}}