{"id":23300,"date":"2023-05-14T21:03:59","date_gmt":"2023-05-14T21:03:59","guid":{"rendered":"https:\/\/www.tornum.com\/product\/temperature-monitoring\/"},"modified":"2025-07-31T06:08:48","modified_gmt":"2025-07-31T06:08:48","slug":"homerseklet-figyeles","status":"publish","type":"product","link":"https:\/\/www.tornum.com\/hu\/termek\/homerseklet-figyeles\/","title":{"rendered":"H\u0150M\u00c9RS\u00c9KLET-FIGYEL\u00c9S"},"content":{"rendered":"<div class=\"wpb-content-wrapper\"><p>[vc_row][vc_column width=&#8221;2\/3&#8243;][vc_column_text]A Tornum t\u00e1rol\u00f3sil\u00f3khoz k\u00e9sz\u00fclt h\u0151m\u00e9rs\u00e9klet-figyel\u0151 rendszere lehet\u0151v\u00e9 teszi a gabona min\u0151s\u00e9g\u00e9nek szoros ellen\u0151rz\u00e9s alatt tart\u00e1s\u00e1t a t\u00e1rol\u00e1s sor\u00e1n. A m\u00e9r\u0151k\u00e1belek meger\u0151s\u00edtett v\u00e9d\u0151cs\u00f6vekkel k\u00e9sz\u00fclnek, amelyeken sz\u00e1mos \u00e9rz\u00e9kel\u0151 tal\u00e1lhat\u00f3. A Tornum k\u00e9tf\u00e9le h\u0151m\u00e9rs\u00e9kletm\u00e9r\u0151 \u00e9s -figyel\u0151 rendszert k\u00edn\u00e1l \u2013 egy elemes k\u00e9zi eszk\u00f6zt, amely a k\u00e1belek k\u00f6z\u00f6tt \u00e1thelyezhet\u0151, illetve egy sz\u00e1m\u00edt\u00f3g\u00e9pes rendszert folyamatos h\u0151m\u00e9rs\u00e9klet-fel\u00fcgyelettel, riaszt\u00e1si szintekkel \u00e9s a magt\u00e1rban fenn\u00e1ll\u00f3 h\u0151m\u00e9rs\u00e9klet alakul\u00e1s\u00e1nak regisztr\u00e1l\u00e1s\u00e1val.<\/p>\n<p>A k\u00e9zi m\u0171szerhez m\u00e9r\u0151szond\u00e1kat is k\u00edn\u00e1lunk.<br \/>\nVezet\u00e9k n\u00e9lk\u00fcli adat\u00e1tvitel \u00e9s internetel\u00e9r\u00e9s is lehets\u00e9ges.<br \/>\n[\/vc_column_text][\/vc_column][vc_column width=&#8221;1\/3&#8243;][vc_column_text]<strong>EL\u0150NY\u00d6K<\/strong><br \/>\n\u2022 Grafikonokon \u00e9s t\u00e1bl\u00e1zatokon megjelen\u00edtett teljes k\u00f6r\u0171 el\u0151zm\u00e9nyadatok<br \/>\n\u2022 H\u0151m\u00e9rs\u00e9kleti trenddel \u00e9s aktu\u00e1lis h\u0151m\u00e9rs\u00e9klettel kapcsolatos riaszt\u00e1sok<br \/>\n\u2022 Szell\u0151ztet\u00e9s szab\u00e1lyoz\u00e1s<br \/>\n\u2022 Szintszab\u00e1lyoz\u00e1s<br \/>\n\u2022 Vezet\u00e9k n\u00e9lk\u00fcli adat\u00e1tvitel is el\u00e9rhet\u0151<br \/>\n\u2022 Megb\u00edzhat\u00f3 \u00e9s felhaszn\u00e1l\u00f3bar\u00e1t<br \/>\n\u2022 K\u00f6nnyen telep\u00edthet\u0151<br \/>\n\u2022 K\u00e9r\u00e9sre b\u00e1rmilyen nyelv\u0171 kezel\u0151fel\u00fclettel<br \/>\n\u2022 \u00c9rz\u00e9kel\u0151k\u00e1belek ATEX-tan\u00fas\u00edtv\u00e1nya 20\/21\/22 z\u00f3nabesorol\u00e1s szerint<br \/>\n[\/vc_column_text][\/vc_column][\/vc_row]<\/p>\n<\/div>","protected":false},"excerpt":{"rendered":"<p>A Tornum t\u00e1rol\u00f3sil\u00f3khoz k\u00e9sz\u00fclt h\u0151m\u00e9rs\u00e9klet-figyel\u0151 rendszere lehet\u0151v\u00e9 teszi a gabona min\u0151s\u00e9g\u00e9nek szoros ellen\u0151rz\u00e9s alatt tart\u00e1s\u00e1t a t\u00e1rol\u00e1s sor\u00e1n.<\/p>\n","protected":false},"featured_media":22046,"comment_status":"open","ping_status":"closed","template":"","meta":{"_acf_changed":false},"product_brand":[],"product_cat":[420,434,427,428,440,503],"product_tag":[443,444,445],"class_list":{"0":"post-23300","1":"product","2":"type-product","3":"status-publish","4":"has-post-thumbnail","6":"product_cat-minden-termek-hu","7":"product_cat-takarmanyok-hu","8":"product_cat-elelmiszer-hu","9":"product_cat-gabona-hu","10":"product_cat-gabonakezeles","11":"product_cat-homerseklet-ellenorzes-hu","12":"product_tag-monitoring-hu","13":"product_tag-pc-hu","14":"product_tag-plc-hu","15":"description-off","17":"first","18":"instock","19":"shipping-taxable","20":"product-type-simple"},"acf":[],"_links":{"self":[{"href":"https:\/\/www.tornum.com\/hu\/wp-json\/wp\/v2\/product\/23300","targetHints":{"allow":["GET"]}}],"collection":[{"href":"https:\/\/www.tornum.com\/hu\/wp-json\/wp\/v2\/product"}],"about":[{"href":"https:\/\/www.tornum.com\/hu\/wp-json\/wp\/v2\/types\/product"}],"replies":[{"embeddable":true,"href":"https:\/\/www.tornum.com\/hu\/wp-json\/wp\/v2\/comments?post=23300"}],"version-history":[{"count":2,"href":"https:\/\/www.tornum.com\/hu\/wp-json\/wp\/v2\/product\/23300\/revisions"}],"predecessor-version":[{"id":23318,"href":"https:\/\/www.tornum.com\/hu\/wp-json\/wp\/v2\/product\/23300\/revisions\/23318"}],"wp:featuredmedia":[{"embeddable":true,"href":"https:\/\/www.tornum.com\/hu\/wp-json\/wp\/v2\/media\/22046"}],"wp:attachment":[{"href":"https:\/\/www.tornum.com\/hu\/wp-json\/wp\/v2\/media?parent=23300"}],"wp:term":[{"taxonomy":"product_brand","embeddable":true,"href":"https:\/\/www.tornum.com\/hu\/wp-json\/wp\/v2\/product_brand?post=23300"},{"taxonomy":"product_cat","embeddable":true,"href":"https:\/\/www.tornum.com\/hu\/wp-json\/wp\/v2\/product_cat?post=23300"},{"taxonomy":"product_tag","embeddable":true,"href":"https:\/\/www.tornum.com\/hu\/wp-json\/wp\/v2\/product_tag?post=23300"}],"curies":[{"name":"wp","href":"https:\/\/api.w.org\/{rel}","templated":true}]}}