{"id":23301,"date":"2023-01-29T22:13:08","date_gmt":"2023-01-29T22:13:08","guid":{"rendered":"https:\/\/www.tornum.com\/product\/tf-dryer\/"},"modified":"2025-07-31T06:14:33","modified_gmt":"2025-07-31T06:14:33","slug":"tf-szarito","status":"publish","type":"product","link":"https:\/\/www.tornum.com\/hu\/termek\/tf-szarito\/","title":{"rendered":"TF SZ\u00c1R\u00cdT\u00d3"},"content":{"rendered":"<div class=\"wpb-content-wrapper\"><p>[vc_row][vc_column][vc_column_text]<strong>Gyorsan v\u00e1lthat a szakaszos sz\u00e1r\u00edt\u00e1s \u00e9s a folyamatos sz\u00e1r\u00edt\u00e1s k\u00f6z\u00f6tt.<\/strong><\/p>\n<p>A Tornum TF az a rugalmas sz\u00e1r\u00edt\u00f3, amelyet a legjobban be\u00e1ll\u00edthat a gabon\u00e1hoz \u00e9s a mennyis\u00e9ghez, mik\u00f6zben meg\u0151rzi a min\u0151s\u00e9get.<br \/>\nA TF rendszerben k\u00e9t sz\u00e1r\u00edt\u00f3 van egyben. V\u00e1lasszon a folyamatos sz\u00e1r\u00edt\u00e1s vagy a szakaszos sz\u00e1r\u00edt\u00e1s k\u00f6z\u00f6tt a k\u00f6r\u00fclm\u00e9nyekt\u0151l f\u00fcgg\u0151en.<br \/>\nA Tornum TF sz\u00e1r\u00edt\u00f3 alacsony nyom\u00e1son is m\u0171k\u00f6dik. Az \u00f6sszes sz\u00e1r\u00edt\u00f3leveg\u0151t egy ventil\u00e1tor sz\u00edvja be a sz\u00e1r\u00edt\u00f3ba, amely<br \/>\na sz\u00e1r\u00edt\u00f3 m\u00e9ret\u00e9nek \u00e9s a h\u0151forr\u00e1snak megfelel\u0151en van m\u00e9retezve.<br \/>\nAz alacsony nyom\u00e1s\u00fa sz\u00e1r\u00edt\u00f3 l\u00e9nyegesen kevesebb port termel a sz\u00e1r\u00edt\u00f3 k\u00f6r\u00fcl, mint egy \u00fagynevezett nagynyom\u00e1s\u00fa sz\u00e1r\u00edt\u00f3, ami kik\u00fcsz\u00f6b\u00f6li a gabonaz\u00f3n\u00e1ban, a cs\u00f6vekben \u00e9s az felvon\u00f3kban a kondenz\u00e1ci\u00f3 vesz\u00e9ly\u00e9t is.<\/p>\n<p>A folyamatos sz\u00e1r\u00edt\u00e1s megkezd\u00e9sekor mindig van egy &#8222;ind\u00edt\u00e1si sz\u00fcnet&#8221;, miel\u0151tt a sz\u00e1r\u00edt\u00f3 \u00f6n\u00e1ll\u00f3an m\u0171k\u00f6dni kezd.<\/p>\n<p>Min\u00e9l nagyobb a gabona mennyis\u00e9ge, ann\u00e1l el\u0151ny\u00f6sebb a folyamatos sz\u00e1r\u00edt\u00e1s haszn\u00e1lata.<\/p>\n<p>Folyamatos sz\u00e1r\u00edt\u00e1si \u00fczemm\u00f3dban a sz\u00e1r\u00edt\u00f3t a Tornum IDC rendszerrel vez\u00e9relheti, amely m\u00e9ri a bej\u00f6v\u0151 \u00e9s kimen\u0151 gabona nedvess\u00e9gtartalm\u00e1t.<\/p>\n<p>Kisebb mennyis\u00e9gek vagy hossz\u00fa id\u0151n kereszt\u00fcl alacsony h\u0151m\u00e9rs\u00e9kleten sz\u00e1r\u00edtand\u00f3 szemek eset\u00e9n v\u00e1lassza a szakaszos sz\u00e1r\u00edt\u00e1si \u00fczemm\u00f3dot.<br \/>\nA szakaszos sz\u00e1r\u00edt\u00e1si m\u00f3dban a vez\u00e9rl\u00e9s a s\u00faly, az id\u0151 vagy a h\u0151m\u00e9rs\u00e9klet alapj\u00e1n t\u00f6rt\u00e9nik, att\u00f3l f\u00fcgg\u0151en, hogy \u00d6nnek mi a legmegfelel\u0151bb.<\/p>\n<p>&#8211; A TF k\u00f6nnyen v\u00e1lthat\u00f3 a folyamatos sz\u00e1r\u00edt\u00e1s \u00e9s a szakaszos sz\u00e1r\u00edt\u00e1s k\u00f6z\u00f6tt, p\u00e9ld\u00e1ul a Tornum vez\u00e9rl\u0151rendszer\u00e9n kereszt\u00fcl ir\u00e1ny\u00edtott motoros tol\u00f3z\u00e1rak seg\u00edts\u00e9g\u00e9vel. Ez lehet\u0151v\u00e9 teszi, hogy a sz\u00e1r\u00edt\u00f3 a folyamatos sz\u00e1r\u00edt\u00e1s befejez\u00e9se ut\u00e1n egy pillanat alatt k\u00e9szen \u00e1lljon.<br \/>\n&#8211; A sz\u00e1r\u00edt\u00f3 az utols\u00f3 szemig ki\u00fcr\u00fcl, mivel nincsenek olyan bels\u0151 fel\u00fcletek, amelyek anyagot tarthatn\u00e1nak vissza. Ez megk\u00f6nny\u00edti a tiszt\u00edt\u00e1st \u00e9s a fert\u0151tlen\u00edt\u00e9st a k\u00fcl\u00f6nb\u00f6z\u0151 szemcset\u00edpusokra val\u00f3 \u00e1t\u00e1ll\u00e1skor.<br \/>\n&#8211; A TF az \u00d6n ig\u00e9nyei szerint opcion\u00e1lis ventil\u00e1tort\u00edpusokkal is szerelhet\u0151; pl. CAC vagy EDS t\u00edp axi\u00e1lventil\u00e1torokkal vagy porlev\u00e1laszt\u00f3 ventil\u00e1torokkal, ha a felhaszn\u00e1l\u00e1si helysz\u00ednre vonatkoz\u00f3an k\u00fcl\u00f6nleges k\u00f6vetelm\u00e9nyek vannak.<br \/>\nHangcsillap\u00edt\u00e1ssal b\u00e1rmely kivitel felszerelhet\u0151.<\/p>\n<p>&#8211; A TF vez\u00e9rl\u00e9s\u00e9re folyamatos \u00fczemm\u00f3dban a Tornum *IDC rendszer\u00e9vel vagy szakaszos sz\u00e1r\u00edt\u00e1si \u00fczemm\u00f3dban a kiv\u00e1lasztott id\u0151-, s\u00faly- vagy h\u0151m\u00e9rs\u00e9klet-szab\u00e1lyoz\u00e1ssal van lehet\u0151s\u00e9g. *Minimum 12 szekci\u00f3s.<br \/>\n&#8211; A TF opcion\u00e1lis h\u0151forr\u00e1ssal is \u00fczemeltethet\u0151, teljesen az \u00d6n k\u00edv\u00e1ns\u00e1gai \u00e9s helyzete szerint, amelyet a Tornum az LBK aj\u00e1nl\u00e1sai szerint tervez meg. A leggyakrabban haszn\u00e1lt h\u0151forr\u00e1sok a k\u00f6zvetett olaj\u00e9g\u0151k; f\u00f6ldg\u00e1z- vagy cseppfoly\u00f3s\u00edtott petr\u00f3leum g\u00e1z\u00e9g\u0151k; pelletb\u0151l vagy apr\u00edt\u00e9kb\u00f3l sz\u00e1rmaz\u00f3 k\u00f6zvetlen h\u0151; melegv\u00edz-, g\u0151z- vagy elektromos akkumul\u00e1torok.. [\/vc_column_text][\/vc_column][\/vc_row]<\/p>\n<\/div>","protected":false},"excerpt":{"rendered":"<p>A Tornum TF olyan rugalmas sz\u00e1r\u00edt\u00f3, ahol a legjobban \u00f6ssze lehet hangolni a gabona jelleg\u00e9t \u00e9s mennyis\u00e9g\u00e9t, mindezt a min\u0151s\u00e9g meg\u0151rz\u00e9se mellett.<br \/>\nA TF seg\u00edts\u00e9g\u00e9vel k\u00e9t sz\u00e1r\u00edt\u00f3g\u00e9pet haszn\u00e1lhatsz egyetlen berendez\u00e9sen bel\u00fcl, \u00e9s az adotts\u00e1gok alapj\u00e1n v\u00e1laszthat a folyamatos sz\u00e1r\u00edt\u00e1s vagy a szakaszos sz\u00e1r\u00edt\u00e1s k\u00f6z\u00fcl.<\/p>\n","protected":false},"featured_media":20707,"comment_status":"open","ping_status":"closed","template":"","meta":{"_acf_changed":false},"product_brand":[],"product_cat":[420,428,421,448],"product_tag":[431,468,454],"class_list":{"0":"post-23301","1":"product","2":"type-product","3":"status-publish","4":"has-post-thumbnail","6":"product_cat-minden-termek-hu","7":"product_cat-gabona-hu","8":"product_cat-kondicionalas","9":"product_cat-gabonaszaritok-hu","10":"product_tag-dryer-hu","11":"product_tag-storage-hu","12":"product_tag-transport-hu","13":"pa_products-type-all-products-hu","14":"pa_products-type-food-hu","15":"description-off","17":"first","18":"instock","19":"shipping-taxable","20":"product-type-simple"},"acf":[],"_links":{"self":[{"href":"https:\/\/www.tornum.com\/hu\/wp-json\/wp\/v2\/product\/23301","targetHints":{"allow":["GET"]}}],"collection":[{"href":"https:\/\/www.tornum.com\/hu\/wp-json\/wp\/v2\/product"}],"about":[{"href":"https:\/\/www.tornum.com\/hu\/wp-json\/wp\/v2\/types\/product"}],"replies":[{"embeddable":true,"href":"https:\/\/www.tornum.com\/hu\/wp-json\/wp\/v2\/comments?post=23301"}],"version-history":[{"count":3,"href":"https:\/\/www.tornum.com\/hu\/wp-json\/wp\/v2\/product\/23301\/revisions"}],"predecessor-version":[{"id":30933,"href":"https:\/\/www.tornum.com\/hu\/wp-json\/wp\/v2\/product\/23301\/revisions\/30933"}],"wp:featuredmedia":[{"embeddable":true,"href":"https:\/\/www.tornum.com\/hu\/wp-json\/wp\/v2\/media\/20707"}],"wp:attachment":[{"href":"https:\/\/www.tornum.com\/hu\/wp-json\/wp\/v2\/media?parent=23301"}],"wp:term":[{"taxonomy":"product_brand","embeddable":true,"href":"https:\/\/www.tornum.com\/hu\/wp-json\/wp\/v2\/product_brand?post=23301"},{"taxonomy":"product_cat","embeddable":true,"href":"https:\/\/www.tornum.com\/hu\/wp-json\/wp\/v2\/product_cat?post=23301"},{"taxonomy":"product_tag","embeddable":true,"href":"https:\/\/www.tornum.com\/hu\/wp-json\/wp\/v2\/product_tag?post=23301"}],"curies":[{"name":"wp","href":"https:\/\/api.w.org\/{rel}","templated":true}]}}