{"id":23302,"date":"2023-04-03T11:47:47","date_gmt":"2023-04-03T11:47:47","guid":{"rendered":"https:\/\/www.tornum.com\/product\/tornum-conditioning-laterals\/"},"modified":"2025-08-01T08:16:13","modified_gmt":"2025-08-01T08:16:13","slug":"kondicionalo-csatornak","status":"publish","type":"product","link":"https:\/\/www.tornum.com\/hu\/termek\/kondicionalo-csatornak\/","title":{"rendered":"KONDICION\u00c1L\u00d3 CSATORN\u00c1K"},"content":{"rendered":"<div class=\"wpb-content-wrapper\"><p>[vc_row gap=&#8221;35&#8243;][vc_column width=&#8221;2\/3&#8243;][vc_column_text]A Tornum kondicion\u00e1l\u00f3 csatorn\u00e1i a gabona kondicion\u00e1l\u00e1s\u00e1t v\u00e9gzik t\u00f6lcs\u00e9res sil\u00f3kban. A leveg\u0151 csatlakoztat\u00e1sa 200mm \u00e1tm\u00e9r\u0151j\u0171 csatorna alkalmaz\u00e1s\u00e1val t\u00f6rt\u00e9nik. A kondicion\u00e1l\u00f3 csatorn\u00e1k ut\u00f3lag is hozz\u00e1alak\u00edthat\u00f3k a legt\u00f6bb t\u00f6lcs\u00e9res tart\u00e1lyhoz \u00e9s sil\u00f3hoz.[\/vc_column_text][\/vc_column][vc_column width=&#8221;1\/3&#8243;][\/vc_column][\/vc_row]<\/p>\n<\/div>","protected":false},"excerpt":{"rendered":"<p>A Tornum kondicion\u00e1l\u00f3 csatorn\u00e1i a gabona kondicion\u00e1l\u00e1s\u00e1t v\u00e9gzik t\u00f6lcs\u00e9res sil\u00f3kban. A leveg\u0151 csatlakoztat\u00e1sa 200mm \u00e1tm\u00e9r\u0151j\u0171 csatorna alkalmaz\u00e1s\u00e1val t\u00f6rt\u00e9nik. A kondicion\u00e1l\u00f3 csatorn\u00e1k ut\u00f3lag is hozz\u00e1alak\u00edthat\u00f3k a legt\u00f6bb t\u00f6lcs\u00e9res tart\u00e1lyhoz \u00e9s sil\u00f3hoz.<\/p>\n","protected":false},"featured_media":21618,"comment_status":"open","ping_status":"closed","template":"","meta":{"_acf_changed":false},"product_brand":[],"product_cat":[420,427,428,421,505],"product_tag":[437,506,472],"class_list":{"0":"post-23302","1":"product","2":"type-product","3":"status-publish","4":"has-post-thumbnail","6":"product_cat-minden-termek-hu","7":"product_cat-elelmiszer-hu","8":"product_cat-gabona-hu","9":"product_cat-kondicionalas","10":"product_cat-kondicionalo-csatornak-hu","11":"product_tag-conditioning-hu","12":"product_tag-hopper-silo-hu","13":"product_tag-radial-fan-hu","14":"pa_products-type-grain-hu","15":"description-off","17":"first","18":"instock","19":"shipping-taxable","20":"product-type-simple"},"acf":[],"_links":{"self":[{"href":"https:\/\/www.tornum.com\/hu\/wp-json\/wp\/v2\/product\/23302","targetHints":{"allow":["GET"]}}],"collection":[{"href":"https:\/\/www.tornum.com\/hu\/wp-json\/wp\/v2\/product"}],"about":[{"href":"https:\/\/www.tornum.com\/hu\/wp-json\/wp\/v2\/types\/product"}],"replies":[{"embeddable":true,"href":"https:\/\/www.tornum.com\/hu\/wp-json\/wp\/v2\/comments?post=23302"}],"version-history":[{"count":3,"href":"https:\/\/www.tornum.com\/hu\/wp-json\/wp\/v2\/product\/23302\/revisions"}],"predecessor-version":[{"id":51175,"href":"https:\/\/www.tornum.com\/hu\/wp-json\/wp\/v2\/product\/23302\/revisions\/51175"}],"wp:featuredmedia":[{"embeddable":true,"href":"https:\/\/www.tornum.com\/hu\/wp-json\/wp\/v2\/media\/21618"}],"wp:attachment":[{"href":"https:\/\/www.tornum.com\/hu\/wp-json\/wp\/v2\/media?parent=23302"}],"wp:term":[{"taxonomy":"product_brand","embeddable":true,"href":"https:\/\/www.tornum.com\/hu\/wp-json\/wp\/v2\/product_brand?post=23302"},{"taxonomy":"product_cat","embeddable":true,"href":"https:\/\/www.tornum.com\/hu\/wp-json\/wp\/v2\/product_cat?post=23302"},{"taxonomy":"product_tag","embeddable":true,"href":"https:\/\/www.tornum.com\/hu\/wp-json\/wp\/v2\/product_tag?post=23302"}],"curies":[{"name":"wp","href":"https:\/\/api.w.org\/{rel}","templated":true}]}}