{"id":23303,"date":"2023-05-14T21:20:59","date_gmt":"2023-05-14T21:20:59","guid":{"rendered":"https:\/\/www.tornum.com\/product\/tornum-tx\/"},"modified":"2025-07-31T06:28:31","modified_gmt":"2025-07-31T06:28:31","slug":"tornum-tx","status":"publish","type":"product","link":"https:\/\/www.tornum.com\/hu\/termek\/tornum-tx\/","title":{"rendered":"TORNUM TX"},"content":{"rendered":"<div class=\"content o-stack-sm c-text\">\n<p><strong>Cs\u0151rendszer a durva dolgokhoz.<\/strong><br \/>\n&#8211; Tart\u00f3s rendszer, amely csavaros karim\u00e1kkal van \u00f6sszeszerelve.<br \/>\n&#8211; Horganyzott vagy zom\u00e1ncozott ac\u00e9lb\u00f3l tervezett fel\u00fcletkezel\u00e9s.<br \/>\n&#8211; Rugalmas rendszer egyenes \u00e9s k\u00fcl\u00f6nb\u00f6z\u0151 sz\u00f6gben csavart k\u00f6ny\u00f6kcs\u00f6vekkel.<br \/>\n&#8211; Kaphat\u00f3 #200, #250, #300-as m\u00e9retben.<br \/>\n&#8211; A vastags\u00e1g 3 mm.<br \/>\n&#8211; Rendk\u00edv\u00fcl nagy ig\u00e9nybev\u00e9tel eset\u00e9n a cs\u0151rendszer 8 mm-es bels\u0151 m\u0171anyaggal is rendelhet\u0151.<\/p>\n<p><strong>2-utas eloszt\u00f3<\/strong><br \/>\n&#8211; Minden lemezlap cser\u00e9lhet\u0151, hogy az egyes darabok elhaszn\u00e1l\u00f3d\u00e1sa eset\u00e9n elker\u00fclhet\u0151 legyen a teljes eloszt\u00f3 cser\u00e9je.<br \/>\n&#8211; Az eloszt\u00f3k rugalmasak \u00e9s bal vagy jobb oldali kivitelben kaphat\u00f3k, a helyzet\u00e9rz\u00e9kel\u0151k indukt\u00edv funkci\u00f3val rendelkeznek, \u00e9s mindk\u00e9t oldalra felszerelhet\u0151k.<br \/>\n&#8211; Ellen\u0151rz\u0151 furatok az elhaszn\u00e1l\u00f3d\u00e1s ellen\u0151rz\u00e9s\u00e9re \u00e9s a poz\u00edci\u00f3 ellen\u0151rz\u00e9s\u00e9re (a szennyez\u0151d\u00e9s kock\u00e1zat\u00e1nak minimaliz\u00e1l\u00e1sa \u00e9rdek\u00e9ben).<br \/>\n&#8211; T=3 mm-es oldalak.<br \/>\n&#8211; Z\u00e1r\u00f3lemez Hardox ac\u00e9lb\u00f3l T=8 mm, 8 mm-es m\u0171anyaggal bor\u00edtva.<\/p>\n<p><strong>Zsalu <\/strong><br \/>\n&#8211; Tart\u00f3s red\u0151ny\u00f6k sz\u00e9les k\u00f6r\u0171 haszn\u00e1latra.<br \/>\n&#8211; Er\u0151s, ac\u00e9l tompa menettel kialak\u00edtva.<br \/>\n&#8211; A red\u0151ny goly\u00f3scsap\u00e1gyaz\u00e1s\u00fa, hogy az anyagb\u00f3l ered\u0151 nagy nyom\u00e1s alatt is nyithat\u00f3 \u00e9s z\u00e1rhat\u00f3 legyen.<br \/>\n&#8211; Vezet\u0151ker\u00e9kkel vagy elektromos motorral kaphat\u00f3.<br \/>\n&#8211; Zsaluk a sil\u00f3 k\u00f6zepe alatt, p\u00e9ld\u00e1ul a sil\u00f3 alj\u00e1n t\u00f6rt\u00e9n\u0151 haszn\u00e1latra.<br \/>\n&#8211; Kaphat\u00f3 #200, #250, #300 m\u00e9retben.<br \/>\n&#8211; A zsalu tetej\u00e9n vezet\u0151lapok vannak, amelyek biztos\u00edtj\u00e1k a zsalu szoros z\u00e1r\u00f3d\u00e1s\u00e1t.<br \/>\n&#8211; \u00c1ll\u00edthat\u00f3 t\u00f6m\u00edt\u00e9sek, amelyek megakad\u00e1lyozz\u00e1k, hogy a term\u00e9k behatoljon a zsalu mechanikus r\u00e9szeibe.<\/p>\n<\/div>\n","protected":false},"excerpt":{"rendered":"<p><span class=\"ui-provider en bdi bdj bdk bdl bdm bdn bdo bdp bdq bdr bds bdt bdu bdv bdw bdx bdy bdz bea beb bec bed bee bef beg beh bei bej bek bel bem ben beo bep\" dir=\"ltr\">N\u00e9gysz\u00f6gletes cs\u00f6vek b\u00e1r telep\u00edt\u00e9sekhez. Hossz\u00fa \u00e9lettartamra \u00e9s nagy tart\u00f3ss\u00e1gra tervezve.<\/span><\/p>\n","protected":false},"featured_media":21992,"comment_status":"open","ping_status":"closed","template":"","meta":{"_acf_changed":false},"product_brand":[],"product_cat":[420,434,427,428,435,498],"product_tag":[499],"class_list":{"0":"post-23303","1":"product","2":"type-product","3":"status-publish","4":"has-post-thumbnail","6":"product_cat-minden-termek-hu","7":"product_cat-takarmanyok-hu","8":"product_cat-elelmiszer-hu","9":"product_cat-gabona-hu","10":"product_cat-anyagmozgatas","11":"product_cat-csorendszer-hu","12":"product_tag-pipes-hu","13":"description-off","15":"first","16":"instock","17":"shipping-taxable","18":"product-type-simple"},"acf":[],"_links":{"self":[{"href":"https:\/\/www.tornum.com\/hu\/wp-json\/wp\/v2\/product\/23303","targetHints":{"allow":["GET"]}}],"collection":[{"href":"https:\/\/www.tornum.com\/hu\/wp-json\/wp\/v2\/product"}],"about":[{"href":"https:\/\/www.tornum.com\/hu\/wp-json\/wp\/v2\/types\/product"}],"replies":[{"embeddable":true,"href":"https:\/\/www.tornum.com\/hu\/wp-json\/wp\/v2\/comments?post=23303"}],"version-history":[{"count":3,"href":"https:\/\/www.tornum.com\/hu\/wp-json\/wp\/v2\/product\/23303\/revisions"}],"predecessor-version":[{"id":29933,"href":"https:\/\/www.tornum.com\/hu\/wp-json\/wp\/v2\/product\/23303\/revisions\/29933"}],"wp:featuredmedia":[{"embeddable":true,"href":"https:\/\/www.tornum.com\/hu\/wp-json\/wp\/v2\/media\/21992"}],"wp:attachment":[{"href":"https:\/\/www.tornum.com\/hu\/wp-json\/wp\/v2\/media?parent=23303"}],"wp:term":[{"taxonomy":"product_brand","embeddable":true,"href":"https:\/\/www.tornum.com\/hu\/wp-json\/wp\/v2\/product_brand?post=23303"},{"taxonomy":"product_cat","embeddable":true,"href":"https:\/\/www.tornum.com\/hu\/wp-json\/wp\/v2\/product_cat?post=23303"},{"taxonomy":"product_tag","embeddable":true,"href":"https:\/\/www.tornum.com\/hu\/wp-json\/wp\/v2\/product_tag?post=23303"}],"curies":[{"name":"wp","href":"https:\/\/api.w.org\/{rel}","templated":true}]}}