{"id":23305,"date":"2023-05-14T20:17:35","date_gmt":"2023-05-14T20:17:35","guid":{"rendered":"https:\/\/www.tornum.com\/product\/u-trough-screw-auger-rsu\/"},"modified":"2025-07-31T06:36:26","modified_gmt":"2025-07-31T06:36:26","slug":"rsu-u-csatornas-szallitocsiga","status":"publish","type":"product","link":"https:\/\/www.tornum.com\/hu\/termek\/rsu-u-csatornas-szallitocsiga\/","title":{"rendered":"RSU U-CSATORN\u00c1S SZ\u00c1LL\u00cdT\u00d3CSIGA"},"content":{"rendered":"<h3>A TORNUM RSU U-CSATORN\u00c1S SZ\u00c1LL\u00cdT\u00d3CSIGA<\/h3>\n<p>A TORNUM U-csatorn\u00e1s sz\u00e1ll\u00edt\u00f3csiga gabona, magvak, liszt \u00e9s m\u00e1s szemcs\u00e9s anyag v\u00edzszintes sz\u00e1ll\u00edt\u00e1s\u00e1ra szolg\u00e1l.<\/p>\n<p>Az RSU modul\u00e1ris elven van fel\u00e9p\u00edtve. Ez\u00e1ltal egyszer\u0171bb a tervez\u00e9se, t\u00e1rol\u00e1sa, sz\u00e1ll\u00edt\u00e1sa \u00e9s telep\u00edt\u00e9se.<\/p>\n<p>Az RSU olyan helyekre val\u00f3, ahol k\u00f6vetelm\u00e9ny a term\u00e9ny nagy kapacit\u00e1ssal t\u00f6rt\u00e9n\u0151 mozgat\u00e1sa. A Svea RSU b\u00e1rmely term\u00e9nymozgat\u00f3-rendszerhez hozz\u00e1illeszthet\u0151 \u00e9s a gabon\u00e1n k\u00edv\u00fcl mindenf\u00e9le szemcs\u00e9s, por\u00e1llag\u00fa vagy pellet\u00e1lt anyaghoz alkalmas.<\/p>\n<p>Az RSU konzolos kialak\u00edt\u00e1s\u00fa, a csigaspir\u00e1l egy merev k\u00f6zponti cs\u0151re van hegesztve. Az Svea RSU emellett k\u00fcl\u00f6nleges kialak\u00edt\u00e1s\u00fa k\u00f6zb\u00fcls\u0151 csap\u00e1gyakkal is rendelkezik, melyek a lehet\u0151 legkev\u00e9sb\u00e9 f\u00e9kezik az anyag\u00e1raml\u00e1st.<\/p>\n<p>Az RSU kompakt csigahajt\u00e1s\u00fa hajt\u00f3m\u0171vel rendelkezik. A hajt\u00f3m\u0171 karbantart\u00e1smentes \u00e9s egyszer\u0171en felszerelhet\u0151. A hajt\u00f3m\u0171h\u00f6z es\u0151v\u00e9d\u0151 burkolat, csap\u00e1gyak \u00e9s csatlakoz\u00f3elemek kaphat\u00f3k.<\/p>\n","protected":false},"excerpt":{"rendered":"<p>A TORNUM U-csatorn\u00e1s sz\u00e1ll\u00edt\u00f3csiga gabona, magvak, liszt \u00e9s m\u00e1s szemcs\u00e9s anyag v\u00edzszintes sz\u00e1ll\u00edt\u00e1s\u00e1ra szolg\u00e1l.<\/p>\n","protected":false},"featured_media":22523,"comment_status":"open","ping_status":"closed","template":"","meta":{"_acf_changed":false},"product_brand":[],"product_cat":[420,434,427,428,435,474],"product_tag":[468,454],"class_list":{"0":"post-23305","1":"product","2":"type-product","3":"status-publish","4":"has-post-thumbnail","6":"product_cat-minden-termek-hu","7":"product_cat-takarmanyok-hu","8":"product_cat-elelmiszer-hu","9":"product_cat-gabona-hu","10":"product_cat-anyagmozgatas","11":"product_cat-szallitocsiga-hu","12":"product_tag-storage-hu","13":"product_tag-transport-hu","14":"description-off","16":"first","17":"instock","18":"shipping-taxable","19":"product-type-simple"},"acf":[],"_links":{"self":[{"href":"https:\/\/www.tornum.com\/hu\/wp-json\/wp\/v2\/product\/23305","targetHints":{"allow":["GET"]}}],"collection":[{"href":"https:\/\/www.tornum.com\/hu\/wp-json\/wp\/v2\/product"}],"about":[{"href":"https:\/\/www.tornum.com\/hu\/wp-json\/wp\/v2\/types\/product"}],"replies":[{"embeddable":true,"href":"https:\/\/www.tornum.com\/hu\/wp-json\/wp\/v2\/comments?post=23305"}],"version-history":[{"count":2,"href":"https:\/\/www.tornum.com\/hu\/wp-json\/wp\/v2\/product\/23305\/revisions"}],"predecessor-version":[{"id":23334,"href":"https:\/\/www.tornum.com\/hu\/wp-json\/wp\/v2\/product\/23305\/revisions\/23334"}],"wp:featuredmedia":[{"embeddable":true,"href":"https:\/\/www.tornum.com\/hu\/wp-json\/wp\/v2\/media\/22523"}],"wp:attachment":[{"href":"https:\/\/www.tornum.com\/hu\/wp-json\/wp\/v2\/media?parent=23305"}],"wp:term":[{"taxonomy":"product_brand","embeddable":true,"href":"https:\/\/www.tornum.com\/hu\/wp-json\/wp\/v2\/product_brand?post=23305"},{"taxonomy":"product_cat","embeddable":true,"href":"https:\/\/www.tornum.com\/hu\/wp-json\/wp\/v2\/product_cat?post=23305"},{"taxonomy":"product_tag","embeddable":true,"href":"https:\/\/www.tornum.com\/hu\/wp-json\/wp\/v2\/product_tag?post=23305"}],"curies":[{"name":"wp","href":"https:\/\/api.w.org\/{rel}","templated":true}]}}