{"id":23306,"date":"2023-05-17T13:11:22","date_gmt":"2023-05-17T13:11:22","guid":{"rendered":"https:\/\/www.tornum.com\/product\/cmt-clima\/"},"modified":"2025-07-08T05:42:53","modified_gmt":"2025-07-08T05:42:53","slug":"meleglevego-futo-cmt-klima","status":"publish","type":"product","link":"https:\/\/www.tornum.com\/hu\/termek\/meleglevego-futo-cmt-klima\/","title":{"rendered":"MELEGLEVEG\u0150-F\u0170T\u0150 CMT KL\u00cdMA"},"content":{"rendered":"<p>A CMT melegleveg\u0151-f\u0171t\u0151 berendez\u00e9s k\u00e9t v\u00e1ltozata kaphat\u00f3, G (f\u00fcgg\u0151leges) \u00e9s GO (v\u00edzszintes). A f\u0171t\u0151berendez\u00e9s fel van szerelve: Riello olaj\u00e9g\u0151vel, digit\u00e1lis h\u0151m\u00e9rs\u00e9klet-szab\u00e1lyoz\u00e1ssal \u00e9s t\u00falmeleged\u00e9s elleni termoszt\u00e1ttal. A l\u00e9gf\u0171t\u0151berendez\u00e9st k\u00fclt\u00e9ri haszn\u00e1lat eset\u00e9n v\u00e9deni kell az id\u0151j\u00e1r\u00e1s viszontags\u00e1gait\u00f3l.<\/p>\n","protected":false},"excerpt":{"rendered":"<p>A CMT melegleveg\u0151-f\u0171t\u0151 berendez\u00e9s k\u00e9t v\u00e1ltozata kaphat\u00f3, G (f\u00fcgg\u0151leges) \u00e9s GO (v\u00edzszintes). A f\u0171t\u0151berendez\u00e9s fel van szerelve: Riello olaj\u00e9g\u0151vel, digit\u00e1lis h\u0151m\u00e9rs\u00e9klet-szab\u00e1lyoz\u00e1ssal \u00e9s t\u00falmeleged\u00e9s elleni termoszt\u00e1ttal. A l\u00e9gf\u0171t\u0151berendez\u00e9st k\u00fclt\u00e9ri haszn\u00e1lat eset\u00e9n v\u00e9deni kell az id\u0151j\u00e1r\u00e1s viszontags\u00e1gait\u00f3l.<\/p>\n","protected":false},"featured_media":21383,"comment_status":"open","ping_status":"closed","template":"","meta":{"_acf_changed":false},"product_brand":[],"product_cat":[420,421,429],"product_tag":[430,431],"class_list":{"0":"post-23306","1":"product","2":"type-product","3":"status-publish","4":"has-post-thumbnail","6":"product_cat-minden-termek-hu","7":"product_cat-kondicionalas","8":"product_cat-hoforrasok-hu","9":"product_tag-burner-hu","10":"product_tag-dryer-hu","11":"description-off","13":"first","14":"instock","15":"shipping-taxable","16":"product-type-simple"},"acf":[],"_links":{"self":[{"href":"https:\/\/www.tornum.com\/hu\/wp-json\/wp\/v2\/product\/23306","targetHints":{"allow":["GET"]}}],"collection":[{"href":"https:\/\/www.tornum.com\/hu\/wp-json\/wp\/v2\/product"}],"about":[{"href":"https:\/\/www.tornum.com\/hu\/wp-json\/wp\/v2\/types\/product"}],"replies":[{"embeddable":true,"href":"https:\/\/www.tornum.com\/hu\/wp-json\/wp\/v2\/comments?post=23306"}],"version-history":[{"count":3,"href":"https:\/\/www.tornum.com\/hu\/wp-json\/wp\/v2\/product\/23306\/revisions"}],"predecessor-version":[{"id":29822,"href":"https:\/\/www.tornum.com\/hu\/wp-json\/wp\/v2\/product\/23306\/revisions\/29822"}],"wp:featuredmedia":[{"embeddable":true,"href":"https:\/\/www.tornum.com\/hu\/wp-json\/wp\/v2\/media\/21383"}],"wp:attachment":[{"href":"https:\/\/www.tornum.com\/hu\/wp-json\/wp\/v2\/media?parent=23306"}],"wp:term":[{"taxonomy":"product_brand","embeddable":true,"href":"https:\/\/www.tornum.com\/hu\/wp-json\/wp\/v2\/product_brand?post=23306"},{"taxonomy":"product_cat","embeddable":true,"href":"https:\/\/www.tornum.com\/hu\/wp-json\/wp\/v2\/product_cat?post=23306"},{"taxonomy":"product_tag","embeddable":true,"href":"https:\/\/www.tornum.com\/hu\/wp-json\/wp\/v2\/product_tag?post=23306"}],"curies":[{"name":"wp","href":"https:\/\/api.w.org\/{rel}","templated":true}]}}