{"id":53596,"date":"2026-02-19T12:48:58","date_gmt":"2026-02-19T12:48:58","guid":{"rendered":"https:\/\/www.tornum.com\/?post_type=product&#038;p=53596"},"modified":"2026-03-25T09:41:29","modified_gmt":"2026-03-25T09:41:29","slug":"atlas","status":"publish","type":"product","link":"https:\/\/www.tornum.com\/hu\/termek\/atlas\/","title":{"rendered":"ATLAS"},"content":{"rendered":"<div class=\"wpb-content-wrapper\"><p>[vc_row][vc_column width=&#8221;1\/2&#8243;][vc_column_text css=&#8221;&#8221;]<\/p>\n<p data-start=\"138\" data-end=\"466\"><strong data-start=\"138\" data-end=\"157\">Hat\u00e9konys\u00e1gra \u00e9s biztons\u00e1gra tervezve<\/strong><\/p>\n<p data-start=\"138\" data-end=\"466\">Az Atlas Transport a rendszer minden elem\u00e9t \u00f6sszehangolja, id\u0151t takar\u00edt meg \u00e9s seg\u00edt megel\u0151zni a hib\u00e1kat. Az oper\u00e1toroknak csup\u00e1n a kiindul\u00e1si \u00e9s c\u00e9lpontot kell kiv\u00e1lasztaniuk, a t\u00f6bbit az Atlas elv\u00e9gzi. Ez lehet\u0151v\u00e9 teszi a z\u00f6kken\u0151mentes m\u0171k\u00f6d\u00e9st kevesebb fel\u00fcgyelet mellett, val\u00f3s idej\u0171 visszajelz\u00e9ssel \u00e9s riaszt\u00e1skezel\u00e9ssel, valamint gyorsabb, biztons\u00e1gosabb \u00e9s tiszt\u00e1bb anyagmozgat\u00e1si ciklusokat biztos\u00edt.<\/p>\n<p data-start=\"468\" data-end=\"865\">Az Atlas \u00f6kosziszt\u00e9ma r\u00e9szek\u00e9nt a sz\u00e1ll\u00edt\u00e1si rendszer integr\u00e1l\u00f3dik az \u00f6sszes t\u00f6bbi modullal, bele\u00e9rtve a sz\u00e1r\u00edt\u00f3vez\u00e9rl\u0151ket \u00e9s az intelligens t\u00e1rol\u00e1sir\u00e1ny\u00edt\u00e1st, \u00edgy egyetlen fel\u00fcletet biztos\u00edt a teljes l\u00e9tes\u00edtm\u00e9ny sz\u00e1m\u00e1ra. Ez lehet\u0151v\u00e9 teszi a teljes \u00fczem egys\u00e9ges ir\u00e1ny\u00edt\u00e1s\u00e1t, a t\u00e1voli hozz\u00e1f\u00e9r\u00e9st \u00e9l\u0151 teljes\u00edtm\u00e9nyadatokkal, valamint el\u0151rejelz\u0151 elemz\u00e9seket teljes nyomon k\u00f6vethet\u0151s\u00e9ggel, \u00edgy az oper\u00e1torok teljes kontrollt kapnak minden folyamat felett.<\/p>\n<p>[\/vc_column_text][\/vc_column][vc_column width=&#8221;1\/2&#8243;][vc_column_text css=&#8221;&#8221;]<\/p>\n<p data-start=\"164\" data-end=\"347\"><strong data-start=\"164\" data-end=\"183\">Minden szem sz\u00e1m\u00edt<\/strong><\/p>\n<p data-start=\"164\" data-end=\"347\">Az Atlas Transport teljes k\u00f6r\u0171en ir\u00e1ny\u00edtja a gabonakezel\u00e9st a besz\u00e1ll\u00edt\u00e1st\u00f3l a t\u00e1rol\u00e1son \u00e1t a kiadagol\u00e1sig, biztos\u00edtva a z\u00f6kken\u0151mentes, automatiz\u00e1lt \u00e9s intelligens anyag\u00e1raml\u00e1st a teljes l\u00e9tes\u00edtm\u00e9nyben.<\/p>\n<p data-start=\"349\" data-end=\"739\">A rendszer \u00fagy lett kialak\u00edtva, hogy a folyamat minden l\u00e9p\u00e9s\u00e9t optimaliz\u00e1lja. Az \u00dctemez\u00e9s (Scheduling) \u00e9s az Auto Pit seg\u00edts\u00e9g\u00e9vel az anyagmozgat\u00e1s el\u0151re megtervezhet\u0151 \u00e9s automatikusan v\u00e9grehajthat\u00f3, m\u00edg a T\u00f6bbc\u00e9l\u00fa soros \u00fctemez\u00e9s (Multi Destination Queue Scheduling) lehet\u0151v\u00e9 teszi t\u00f6bb \u00fatvonal egym\u00e1s ut\u00e1ni kezel\u00e9s\u00e9t. Az Intelligens \u00fatvonalv\u00e1laszt\u00e1s (Intelligent Routing) r\u00e9v\u00e9n a sz\u00e1ll\u00edt\u00f3szalagok \u00e9s felvon\u00f3k automatikusan kiv\u00e1laszt\u00e1sra ker\u00fclnek minden egyes \u00fatvonalhoz, biztos\u00edtva a hat\u00e9kony anyagsz\u00e1ll\u00edt\u00e1st minden alkalommal.<\/p>\n<p data-start=\"741\" data-end=\"1025\">Az oper\u00e1torok teljes r\u00e1l\u00e1t\u00e1st kapnak a Route Map Visualization funkci\u00f3n kereszt\u00fcl, amely \u00e1tl\u00e1that\u00f3 k\u00e9pet ny\u00fajt minden gabonamozg\u00e1sr\u00f3l. A megb\u00edzhat\u00f3 m\u0171k\u00f6d\u00e9s \u00e9rdek\u00e9ben a Blockage Detection and Resolution seg\u00edt megel\u0151zni az \u00e1ll\u00e1sid\u0151t, m\u00edg a Preventive Maintenance intelligens figyelmeztet\u00e9seket biztos\u00edt m\u00e9g a meghib\u00e1sod\u00e1sok bek\u00f6vetkez\u00e9se el\u0151tt.<\/p>\n<p data-start=\"1027\" data-end=\"1165\">A folyamat befejez\u00e9s\u00e9r\u0151l sz\u00f3l\u00f3 \u00e9rtes\u00edt\u00e9sek (Process Completion Notifications) folyamatosan t\u00e1j\u00e9koztatj\u00e1k az oper\u00e1torokat minden egyes \u00e1tvitel befejez\u00e9s\u00e9r\u0151l, \u00edgy jobb kontrollt \u00e9s hat\u00e9konyabb koordin\u00e1ci\u00f3t tesznek lehet\u0151v\u00e9.<\/p>\n<p data-start=\"1167\" data-end=\"1292\">Ezek a funkci\u00f3k egy\u00fcttesen egy intelligensebb, biztons\u00e1gosabb \u00e9s hat\u00e9konyabb gabonakezel\u0151 rendszert hoznak l\u00e9tre, amely val\u00f3ban gondoskodik arr\u00f3l, hogy minden szem sz\u00e1m\u00edtson.<\/p>\n<p>[\/vc_column_text][\/vc_column][\/vc_row]<\/p>\n<\/div>","protected":false},"excerpt":{"rendered":"<h2 data-start=\"75\" data-end=\"132\">Atlas Transport \u2013 Okosabb ir\u00e1ny\u00edt\u00e1s a gabonasil\u00f3k sz\u00e1m\u00e1ra<\/h2>\n<p data-start=\"134\" data-end=\"638\">Atlas Transport egy fejlett rendszer, amelyet a gabonakezel\u00e9s optimaliz\u00e1l\u00e1s\u00e1ra terveztek a besz\u00e1ll\u00edt\u00e1st\u00f3l a t\u00e1rol\u00e1son \u00e1t a kiadagol\u00e1sig. Biztos\u00edtja a teljes l\u00e9tes\u00edtm\u00e9nyen bel\u00fcli z\u00f6kken\u0151mentes, automatiz\u00e1lt \u00e9s intelligens anyag\u00e1raml\u00e1st, mik\u00f6zben n\u00f6veli a hat\u00e9konys\u00e1got \u00e9s a biztons\u00e1got. Az Atlas \u00f6kosziszt\u00e9ma r\u00e9szek\u00e9nt az Atlas Transport z\u00f6kken\u0151mentesen integr\u00e1l\u00f3dik m\u00e1s modulokkal, bele\u00e9rtve a sz\u00e1r\u00edt\u00f3vez\u00e9rl\u0151ket \u00e9s az intelligens t\u00e1rol\u00f3rendszereket, \u00edgy egy egys\u00e9ges platformot biztos\u00edt, ahol az \u00fczemeltet\u0151k egyetlen fel\u00fcleten kereszt\u00fcl fel\u00fcgyelhetik \u00e9s ir\u00e1ny\u00edthatj\u00e1k a teljes l\u00e9tes\u00edtm\u00e9nyt.<\/p>\n<p>&nbsp;<\/p>\n<p>&nbsp;<\/p>\n","protected":false},"featured_media":53482,"comment_status":"open","ping_status":"closed","template":"","meta":{"_acf_changed":false},"product_brand":[],"product_cat":[420,428,440,500],"product_tag":[443,468],"class_list":{"0":"post-53596","1":"product","2":"type-product","3":"status-publish","4":"has-post-thumbnail","6":"product_cat-minden-termek-hu","7":"product_cat-gabona-hu","8":"product_cat-gabonakezeles","9":"product_cat-nmc-hu","10":"product_tag-monitoring-hu","11":"product_tag-storage-hu","12":"description-off","14":"first","15":"instock","16":"shipping-taxable","17":"product-type-simple"},"acf":[],"_links":{"self":[{"href":"https:\/\/www.tornum.com\/hu\/wp-json\/wp\/v2\/product\/53596","targetHints":{"allow":["GET"]}}],"collection":[{"href":"https:\/\/www.tornum.com\/hu\/wp-json\/wp\/v2\/product"}],"about":[{"href":"https:\/\/www.tornum.com\/hu\/wp-json\/wp\/v2\/types\/product"}],"replies":[{"embeddable":true,"href":"https:\/\/www.tornum.com\/hu\/wp-json\/wp\/v2\/comments?post=53596"}],"version-history":[{"count":16,"href":"https:\/\/www.tornum.com\/hu\/wp-json\/wp\/v2\/product\/53596\/revisions"}],"predecessor-version":[{"id":53724,"href":"https:\/\/www.tornum.com\/hu\/wp-json\/wp\/v2\/product\/53596\/revisions\/53724"}],"wp:featuredmedia":[{"embeddable":true,"href":"https:\/\/www.tornum.com\/hu\/wp-json\/wp\/v2\/media\/53482"}],"wp:attachment":[{"href":"https:\/\/www.tornum.com\/hu\/wp-json\/wp\/v2\/media?parent=53596"}],"wp:term":[{"taxonomy":"product_brand","embeddable":true,"href":"https:\/\/www.tornum.com\/hu\/wp-json\/wp\/v2\/product_brand?post=53596"},{"taxonomy":"product_cat","embeddable":true,"href":"https:\/\/www.tornum.com\/hu\/wp-json\/wp\/v2\/product_cat?post=53596"},{"taxonomy":"product_tag","embeddable":true,"href":"https:\/\/www.tornum.com\/hu\/wp-json\/wp\/v2\/product_tag?post=53596"}],"curies":[{"name":"wp","href":"https:\/\/api.w.org\/{rel}","templated":true}]}}