{"id":29619,"date":"2023-09-01T14:57:08","date_gmt":"2023-09-01T14:57:08","guid":{"rendered":"https:\/\/www.tornum.com\/our-companies\/"},"modified":"2025-05-15T13:46:48","modified_gmt":"2025-05-15T13:46:48","slug":"tornum-uznemumi","status":"publish","type":"page","link":"https:\/\/www.tornum.com\/lv\/tornum-uznemumi\/","title":{"rendered":"Tornum uz\u0146\u0113mumi"},"content":{"rendered":"\t\t<div data-elementor-type=\"wp-page\" data-elementor-id=\"29619\" class=\"elementor elementor-29619 elementor-16115\" data-elementor-settings=\"{&quot;ha_cmc_init_switcher&quot;:&quot;no&quot;}\" data-elementor-post-type=\"page\">\n\t\t\t\t\t\t<section class=\"elementor-section elementor-top-section elementor-element elementor-element-78e0784c elementor-section-stretched elementor-section-full_width elementor-section-height-default elementor-section-height-default\" data-id=\"78e0784c\" data-element_type=\"section\" data-settings=\"{&quot;stretch_section&quot;:&quot;section-stretched&quot;,&quot;_ha_eqh_enable&quot;:false}\">\n\t\t\t\t\t\t<div class=\"elementor-container elementor-column-gap-default\">\n\t\t\t\t\t<div class=\"elementor-column elementor-col-50 elementor-top-column elementor-element elementor-element-69dc737e\" data-id=\"69dc737e\" data-element_type=\"column\">\n\t\t\t<div class=\"elementor-widget-wrap elementor-element-populated\">\n\t\t\t\t\t\t<div class=\"elementor-element elementor-element-1dcbcaea elementor-hidden-tablet elementor-hidden-mobile elementor-widget elementor-widget-heading\" data-id=\"1dcbcaea\" data-element_type=\"widget\" data-widget_type=\"heading.default\">\n\t\t\t\t<div class=\"elementor-widget-container\">\n\t\t\t\t\t<h1 class=\"elementor-heading-title elementor-size-default\">Tornum\n uz\u0146\u0113mumi\n<\/h1>\t\t\t\t<\/div>\n\t\t\t\t<\/div>\n\t\t\t\t<div class=\"elementor-element elementor-element-7a102731 elementor-hidden-desktop elementor-widget elementor-widget-heading\" data-id=\"7a102731\" data-element_type=\"widget\" data-widget_type=\"heading.default\">\n\t\t\t\t<div class=\"elementor-widget-container\">\n\t\t\t\t\t<h1 class=\"elementor-heading-title elementor-size-default\">Tornum\n uz\u0146\u0113mumi\n<\/h1>\t\t\t\t<\/div>\n\t\t\t\t<\/div>\n\t\t\t\t<div class=\"elementor-element elementor-element-41a7499c elementor-widget elementor-widget-text-editor\" data-id=\"41a7499c\" data-element_type=\"widget\" data-widget_type=\"text-editor.default\">\n\t\t\t\t<div class=\"elementor-widget-container\">\n\t\t\t\t\t\t\t\t\t<p>Izmantojot jaun\u0101k\u0101s tehnolo\u0123ijas projekt\u0113\u0161an\u0101 un ra\u017eo\u0161an\u0101, m\u0113s izstr\u0101d\u0101jam un b\u016bv\u0113jam n\u0101kotnes graudu p\u0101rkrau\u0161anas iek\u0101rtas tie\u0161i jums.<\/p><p>M\u016bsu izstr\u0101des un liel\u0101k\u0101 da\u013ca ra\u017eo\u0161anas notiek m\u016bsu galvenaj\u0101 m\u012btn\u0113 Kv\u0101num\u0101, Zviedrij\u0101. Kv\u0101numa ir pils\u0113ta lauku apvid\u016b, un daudzi m\u016bsu darbinieki ir str\u0101d\u0101ju\u0161i graudkop\u012bbas nozar\u0113. Da\u017ei no vi\u0146iem pa\u0161i paral\u0113li ir ar\u012b lauksaimnieki, t\u0101d\u0113j\u0101di darba proces\u0101 iegulda v\u0113rt\u012bgu person\u012bgo pieredzi un izpratni par lauksaimniec\u012bbu. Tas mums nodro\u0161ina lielisku platformu, lai izstr\u0101d\u0101tu uzticamas un efekt\u012bvas iek\u0101rtas, kas atbilst augst\u0101kajiem kvalit\u0101tes standartiem.<\/p><p>Gadu gait\u0101 ar jaun\u0101m ieg\u0101d\u0113m m\u0113s esam papla\u0161in\u0101ju\u0161i savas zin\u0101\u0161anas, produktu portfeli un pied\u0101v\u0101jumu. Turpin\u0101jum\u0101 varat uzzin\u0101t vair\u0101k par uz\u0146\u0113mumiem, kas tagad ir da\u013ca no <em>Tornum.<\/em><\/p>\t\t\t\t\t\t\t\t<\/div>\n\t\t\t\t<\/div>\n\t\t\t\t\t<\/div>\n\t\t<\/div>\n\t\t\t\t<div class=\"elementor-column elementor-col-50 elementor-top-column elementor-element elementor-element-6d42d37\" data-id=\"6d42d37\" data-element_type=\"column\">\n\t\t\t<div class=\"elementor-widget-wrap elementor-element-populated\">\n\t\t\t\t\t\t<div class=\"elementor-element elementor-element-12226fc elementor-widget elementor-widget-image\" data-id=\"12226fc\" data-element_type=\"widget\" data-widget_type=\"image.default\">\n\t\t\t\t<div class=\"elementor-widget-container\">\n\t\t\t\t\t\t\t\t\t\t\t\t\t\t\t<img fetchpriority=\"high\" decoding=\"async\" width=\"1024\" height=\"768\" src=\"https:\/\/www.tornum.com\/wp-content\/uploads\/2023\/06\/5-1024x768.jpg\" class=\"attachment-large size-large wp-image-13353\" alt=\"\" srcset=\"https:\/\/www.tornum.com\/wp-content\/uploads\/2023\/06\/5-1024x768.jpg 1024w, https:\/\/www.tornum.com\/wp-content\/uploads\/2023\/06\/5-600x450.jpg 600w, https:\/\/www.tornum.com\/wp-content\/uploads\/2023\/06\/5-300x225.jpg 300w, https:\/\/www.tornum.com\/wp-content\/uploads\/2023\/06\/5-768x576.jpg 768w, https:\/\/www.tornum.com\/wp-content\/uploads\/2023\/06\/5-1536x1152.jpg 1536w, https:\/\/www.tornum.com\/wp-content\/uploads\/2023\/06\/5-2048x1536.jpg 2048w\" sizes=\"(max-width: 1024px) 100vw, 1024px\" \/>\t\t\t\t\t\t\t\t\t\t\t\t\t\t\t<\/div>\n\t\t\t\t<\/div>\n\t\t\t\t\t<\/div>\n\t\t<\/div>\n\t\t\t\t\t<\/div>\n\t\t<\/section>\n\t\t\t\t<section class=\"elementor-section elementor-top-section elementor-element elementor-element-51e72e42 elementor-section-stretched elementor-section-boxed elementor-section-height-default elementor-section-height-default\" data-id=\"51e72e42\" data-element_type=\"section\" data-settings=\"{&quot;stretch_section&quot;:&quot;section-stretched&quot;,&quot;background_background&quot;:&quot;classic&quot;,&quot;_ha_eqh_enable&quot;:false}\">\n\t\t\t\t\t\t<div class=\"elementor-container elementor-column-gap-default\">\n\t\t\t\t\t<div class=\"elementor-column elementor-col-50 elementor-top-column elementor-element elementor-element-5b57e816\" data-id=\"5b57e816\" data-element_type=\"column\">\n\t\t\t<div class=\"elementor-widget-wrap elementor-element-populated\">\n\t\t\t\t\t\t<div class=\"elementor-element elementor-element-19a3c04e elementor-widget elementor-widget-heading\" data-id=\"19a3c04e\" data-element_type=\"widget\" data-widget_type=\"heading.default\">\n\t\t\t\t<div class=\"elementor-widget-container\">\n\t\t\t\t\t<h4 class=\"elementor-heading-title elementor-size-default\">Mundus Maskin AB<\/h4>\t\t\t\t<\/div>\n\t\t\t\t<\/div>\n\t\t\t\t<div class=\"elementor-element elementor-element-71415273 elementor-widget elementor-widget-text-editor\" data-id=\"71415273\" data-element_type=\"widget\" data-widget_type=\"text-editor.default\">\n\t\t\t\t<div class=\"elementor-widget-container\">\n\t\t\t\t\t\t\t\t\t<p><em>Mundus Maskin<\/em> ir da\u013ca no<em> Tornum<\/em> kop\u0161 2018.\u00a0gada un ir pilna servisa uz\u0146\u0113mums Zviedrijas lauksaimniec\u012bbai un r\u016bpniec\u012bbai, kas koncentr\u0113jas uz ener\u0123ijas optimiz\u0101ciju. <em>Mundus<\/em> ir <em>GSI<\/em> un <em>Kongskilde<\/em> tirdzniec\u012bbas p\u0101rst\u0101vis Zviedrijas tirg\u016b.<\/p>\t\t\t\t\t\t\t\t<\/div>\n\t\t\t\t<\/div>\n\t\t\t\t<div class=\"elementor-element elementor-element-3c52d346 elementor-align-left elementor-widget elementor-widget-button\" data-id=\"3c52d346\" data-element_type=\"widget\" data-widget_type=\"button.default\">\n\t\t\t\t<div class=\"elementor-widget-container\">\n\t\t\t\t\t\t\t\t\t<div class=\"elementor-button-wrapper\">\n\t\t\t\t\t<a class=\"elementor-button elementor-button-link elementor-size-sm\" href=\"https:\/\/www.mundus.se\/\" target=\"_blank\">\n\t\t\t\t\t\t<span class=\"elementor-button-content-wrapper\">\n\t\t\t\t\t\t\t\t\t<span class=\"elementor-button-text\">Las\u012bt vair\u0101k<\/span>\n\t\t\t\t\t<\/span>\n\t\t\t\t\t<\/a>\n\t\t\t\t<\/div>\n\t\t\t\t\t\t\t\t<\/div>\n\t\t\t\t<\/div>\n\t\t\t\t\t<\/div>\n\t\t<\/div>\n\t\t\t\t<div class=\"elementor-column elementor-col-50 elementor-top-column elementor-element elementor-element-5f5d5bd5 elementor-hidden-tablet elementor-hidden-mobile\" data-id=\"5f5d5bd5\" data-element_type=\"column\">\n\t\t\t<div class=\"elementor-widget-wrap elementor-element-populated\">\n\t\t\t\t\t\t<div class=\"elementor-element elementor-element-1eeacf6 elementor-hidden-tablet elementor-hidden-mobile elementor-widget elementor-widget-image\" data-id=\"1eeacf6\" data-element_type=\"widget\" data-widget_type=\"image.default\">\n\t\t\t\t<div class=\"elementor-widget-container\">\n\t\t\t\t\t\t\t\t\t\t\t\t\t\t\t<img decoding=\"async\" width=\"400\" height=\"163\" src=\"https:\/\/www.tornum.com\/wp-content\/uploads\/2023\/09\/mundus_logo.png\" class=\"attachment-large size-large wp-image-16129\" alt=\"\" srcset=\"https:\/\/www.tornum.com\/wp-content\/uploads\/2023\/09\/mundus_logo.png 400w, https:\/\/www.tornum.com\/wp-content\/uploads\/2023\/09\/mundus_logo-300x122.png 300w\" sizes=\"(max-width: 400px) 100vw, 400px\" \/>\t\t\t\t\t\t\t\t\t\t\t\t\t\t\t<\/div>\n\t\t\t\t<\/div>\n\t\t\t\t\t<\/div>\n\t\t<\/div>\n\t\t\t\t\t<\/div>\n\t\t<\/section>\n\t\t\t\t<section class=\"elementor-section elementor-top-section elementor-element elementor-element-475ee935 elementor-section-stretched elementor-section-boxed elementor-section-height-default elementor-section-height-default\" data-id=\"475ee935\" data-element_type=\"section\" data-settings=\"{&quot;stretch_section&quot;:&quot;section-stretched&quot;,&quot;background_background&quot;:&quot;classic&quot;,&quot;_ha_eqh_enable&quot;:false}\">\n\t\t\t\t\t\t<div class=\"elementor-container elementor-column-gap-default\">\n\t\t\t\t\t<div class=\"elementor-column elementor-col-50 elementor-top-column elementor-element elementor-element-1a58bb62 elementor-hidden-tablet elementor-hidden-mobile\" data-id=\"1a58bb62\" data-element_type=\"column\">\n\t\t\t<div class=\"elementor-widget-wrap elementor-element-populated\">\n\t\t\t\t\t\t<div class=\"elementor-element elementor-element-793da1e4 elementor-hidden-tablet elementor-hidden-mobile elementor-widget elementor-widget-image\" data-id=\"793da1e4\" data-element_type=\"widget\" data-widget_type=\"image.default\">\n\t\t\t\t<div class=\"elementor-widget-container\">\n\t\t\t\t\t\t\t\t\t\t\t\t\t\t\t<img decoding=\"async\" width=\"400\" height=\"163\" src=\"https:\/\/www.tornum.com\/wp-content\/uploads\/2023\/09\/silokonsult_tornum.jpg\" class=\"attachment-large size-large wp-image-16133\" alt=\"\" srcset=\"https:\/\/www.tornum.com\/wp-content\/uploads\/2023\/09\/silokonsult_tornum.jpg 400w, https:\/\/www.tornum.com\/wp-content\/uploads\/2023\/09\/silokonsult_tornum-300x122.jpg 300w\" sizes=\"(max-width: 400px) 100vw, 400px\" \/>\t\t\t\t\t\t\t\t\t\t\t\t\t\t\t<\/div>\n\t\t\t\t<\/div>\n\t\t\t\t\t<\/div>\n\t\t<\/div>\n\t\t\t\t<div class=\"elementor-column elementor-col-50 elementor-top-column elementor-element elementor-element-1dfa1ea6\" data-id=\"1dfa1ea6\" data-element_type=\"column\">\n\t\t\t<div class=\"elementor-widget-wrap elementor-element-populated\">\n\t\t\t\t\t\t<div class=\"elementor-element elementor-element-f3d41f7 elementor-widget elementor-widget-heading\" data-id=\"f3d41f7\" data-element_type=\"widget\" data-widget_type=\"heading.default\">\n\t\t\t\t<div class=\"elementor-widget-container\">\n\t\t\t\t\t<h4 class=\"elementor-heading-title elementor-size-default\">Silokonsult<\/h4>\t\t\t\t<\/div>\n\t\t\t\t<\/div>\n\t\t\t\t<div class=\"elementor-element elementor-element-39258e2b elementor-widget elementor-widget-text-editor\" data-id=\"39258e2b\" data-element_type=\"widget\" data-widget_type=\"text-editor.default\">\n\t\t\t\t<div class=\"elementor-widget-container\">\n\t\t\t\t\t\t\t\t\t<p><em>Silokonsult<\/em> ir da\u013ca no <em>Tornum<\/em> kop\u0161 2017.\u00a0gada, un pied\u0101v\u0101 projektu izstr\u0101des pakalpojumus un meh\u0101nisk\u0101s iek\u0101rtas graudu apstr\u0101des un p\u0101rtikas r\u016bpniec\u012bbai Zviedrij\u0101 un Norv\u0113\u0123ij\u0101.<\/p>\t\t\t\t\t\t\t\t<\/div>\n\t\t\t\t<\/div>\n\t\t\t\t<div class=\"elementor-element elementor-element-2587b5a5 elementor-align-left elementor-widget elementor-widget-button\" data-id=\"2587b5a5\" data-element_type=\"widget\" data-widget_type=\"button.default\">\n\t\t\t\t<div class=\"elementor-widget-container\">\n\t\t\t\t\t\t\t\t\t<div class=\"elementor-button-wrapper\">\n\t\t\t\t\t<a class=\"elementor-button elementor-button-link elementor-size-sm\" href=\"https:\/\/silokonsult.se\/\" target=\"_blank\">\n\t\t\t\t\t\t<span class=\"elementor-button-content-wrapper\">\n\t\t\t\t\t\t\t\t\t<span class=\"elementor-button-text\">Las\u012bt vair\u0101k<\/span>\n\t\t\t\t\t<\/span>\n\t\t\t\t\t<\/a>\n\t\t\t\t<\/div>\n\t\t\t\t\t\t\t\t<\/div>\n\t\t\t\t<\/div>\n\t\t\t\t\t<\/div>\n\t\t<\/div>\n\t\t\t\t\t<\/div>\n\t\t<\/section>\n\t\t\t\t<section class=\"elementor-section elementor-top-section elementor-element elementor-element-7c32d81f elementor-section-stretched elementor-section-boxed elementor-section-height-default elementor-section-height-default\" data-id=\"7c32d81f\" data-element_type=\"section\" data-settings=\"{&quot;stretch_section&quot;:&quot;section-stretched&quot;,&quot;background_background&quot;:&quot;classic&quot;,&quot;_ha_eqh_enable&quot;:false}\">\n\t\t\t\t\t\t<div class=\"elementor-container elementor-column-gap-default\">\n\t\t\t\t\t<div class=\"elementor-column elementor-col-50 elementor-top-column elementor-element elementor-element-5f5f69a7\" data-id=\"5f5f69a7\" data-element_type=\"column\">\n\t\t\t<div class=\"elementor-widget-wrap elementor-element-populated\">\n\t\t\t\t\t\t<div class=\"elementor-element elementor-element-7e5e7cb5 elementor-widget elementor-widget-heading\" data-id=\"7e5e7cb5\" data-element_type=\"widget\" data-widget_type=\"heading.default\">\n\t\t\t\t<div class=\"elementor-widget-container\">\n\t\t\t\t\t<h4 class=\"elementor-heading-title elementor-size-default\">Lidk\u00f6pings Pl\u00e5tteknik<\/h4>\t\t\t\t<\/div>\n\t\t\t\t<\/div>\n\t\t\t\t<div class=\"elementor-element elementor-element-581ec05a elementor-widget elementor-widget-text-editor\" data-id=\"581ec05a\" data-element_type=\"widget\" data-widget_type=\"text-editor.default\">\n\t\t\t\t<div class=\"elementor-widget-container\">\n\t\t\t\t\t\t\t\t\t<p><em>Lidk\u00f6pings Pl\u00e5tteknik<\/em> ir da\u013ca no <em>Tornum<\/em> kop\u0161 2015.\u00a0gada, un pied\u0101v\u0101 t\u0101dus pakalpojumus k\u0101 graudu iek\u0101rtu apkopi, b\u016bvniec\u012bbu un p\u0101rb\u016bvi. Gadu gait\u0101 g\u016bt\u0101 pieredze ir nodro\u0161in\u0101jusi sp\u0113c\u012bgu poz\u012bciju Zviedrijas tirg\u016b.<\/p>\t\t\t\t\t\t\t\t<\/div>\n\t\t\t\t<\/div>\n\t\t\t\t<div class=\"elementor-element elementor-element-4f6404cf elementor-align-left elementor-widget elementor-widget-button\" data-id=\"4f6404cf\" data-element_type=\"widget\" data-widget_type=\"button.default\">\n\t\t\t\t<div class=\"elementor-widget-container\">\n\t\t\t\t\t\t\t\t\t<div class=\"elementor-button-wrapper\">\n\t\t\t\t\t<a class=\"elementor-button elementor-button-link elementor-size-sm\" href=\"http:\/\/tornum.com\/lv\/lpt\/\" target=\"_blank\">\n\t\t\t\t\t\t<span class=\"elementor-button-content-wrapper\">\n\t\t\t\t\t\t\t\t\t<span class=\"elementor-button-text\">Las\u012bt vair\u0101k<\/span>\n\t\t\t\t\t<\/span>\n\t\t\t\t\t<\/a>\n\t\t\t\t<\/div>\n\t\t\t\t\t\t\t\t<\/div>\n\t\t\t\t<\/div>\n\t\t\t\t\t<\/div>\n\t\t<\/div>\n\t\t\t\t<div class=\"elementor-column elementor-col-50 elementor-top-column elementor-element elementor-element-782168c3 elementor-hidden-tablet elementor-hidden-mobile\" data-id=\"782168c3\" data-element_type=\"column\">\n\t\t\t<div class=\"elementor-widget-wrap elementor-element-populated\">\n\t\t\t\t\t\t<div class=\"elementor-element elementor-element-45c2fade elementor-hidden-tablet elementor-hidden-mobile elementor-widget elementor-widget-image\" data-id=\"45c2fade\" data-element_type=\"widget\" data-widget_type=\"image.default\">\n\t\t\t\t<div class=\"elementor-widget-container\">\n\t\t\t\t\t\t\t\t\t\t\t\t\t\t\t<img loading=\"lazy\" decoding=\"async\" width=\"400\" height=\"163\" src=\"https:\/\/www.tornum.com\/wp-content\/uploads\/2023\/06\/LPT_logo.png\" class=\"attachment-large size-large wp-image-13385\" alt=\"\" srcset=\"https:\/\/www.tornum.com\/wp-content\/uploads\/2023\/06\/LPT_logo.png 400w, https:\/\/www.tornum.com\/wp-content\/uploads\/2023\/06\/LPT_logo-300x122.png 300w\" sizes=\"(max-width: 400px) 100vw, 400px\" \/>\t\t\t\t\t\t\t\t\t\t\t\t\t\t\t<\/div>\n\t\t\t\t<\/div>\n\t\t\t\t\t<\/div>\n\t\t<\/div>\n\t\t\t\t\t<\/div>\n\t\t<\/section>\n\t\t\t\t<\/div>\n\t\t","protected":false},"excerpt":{"rendered":"<p>Tornum uz\u0146\u0113mumi Tornum uz\u0146\u0113mumi Izmantojot jaun\u0101k\u0101s tehnolo\u0123ijas projekt\u0113\u0161an\u0101 un ra\u017eo\u0161an\u0101, m\u0113s izstr\u0101d\u0101jam un b\u016bv\u0113jam n\u0101kotnes graudu p\u0101rkrau\u0161anas iek\u0101rtas tie\u0161i jums. M\u016bsu izstr\u0101des un liel\u0101k\u0101 da\u013ca ra\u017eo\u0161anas notiek m\u016bsu galvenaj\u0101 m\u012btn\u0113 Kv\u0101num\u0101, Zviedrij\u0101. Kv\u0101numa ir pils\u0113ta lauku apvid\u016b, un daudzi m\u016bsu darbinieki ir str\u0101d\u0101ju\u0161i graudkop\u012bbas nozar\u0113. Da\u017ei no vi\u0146iem pa\u0161i paral\u0113li ir ar\u012b lauksaimnieki, t\u0101d\u0113j\u0101di darba&hellip;<\/p>\n","protected":false},"author":1,"featured_media":0,"parent":0,"menu_order":0,"comment_status":"closed","ping_status":"closed","template":"","meta":{"_acf_changed":false,"footnotes":""},"class_list":["post-29619","page","type-page","status-publish","hentry"],"acf":[],"_links":{"self":[{"href":"https:\/\/www.tornum.com\/lv\/wp-json\/wp\/v2\/pages\/29619","targetHints":{"allow":["GET"]}}],"collection":[{"href":"https:\/\/www.tornum.com\/lv\/wp-json\/wp\/v2\/pages"}],"about":[{"href":"https:\/\/www.tornum.com\/lv\/wp-json\/wp\/v2\/types\/page"}],"author":[{"embeddable":true,"href":"https:\/\/www.tornum.com\/lv\/wp-json\/wp\/v2\/users\/1"}],"replies":[{"embeddable":true,"href":"https:\/\/www.tornum.com\/lv\/wp-json\/wp\/v2\/comments?post=29619"}],"version-history":[{"count":7,"href":"https:\/\/www.tornum.com\/lv\/wp-json\/wp\/v2\/pages\/29619\/revisions"}],"predecessor-version":[{"id":48396,"href":"https:\/\/www.tornum.com\/lv\/wp-json\/wp\/v2\/pages\/29619\/revisions\/48396"}],"wp:attachment":[{"href":"https:\/\/www.tornum.com\/lv\/wp-json\/wp\/v2\/media?parent=29619"}],"curies":[{"name":"wp","href":"https:\/\/api.w.org\/{rel}","templated":true}]}}