{"id":38134,"date":"2023-05-02T20:20:00","date_gmt":"2023-05-02T20:20:00","guid":{"rendered":"https:\/\/www.tornum.com\/reference-grain\/"},"modified":"2024-07-05T13:09:37","modified_gmt":"2024-07-05T13:09:37","slug":"reference-grain","status":"publish","type":"page","link":"https:\/\/www.tornum.com\/lv\/reference-grain\/","title":{"rendered":"Reference Grain LV"},"content":{"rendered":"\t\t<div data-elementor-type=\"wp-page\" data-elementor-id=\"38134\" class=\"elementor elementor-38134 elementor-9938\" data-elementor-settings=\"{&quot;ha_cmc_init_switcher&quot;:&quot;no&quot;}\" data-elementor-post-type=\"page\">\n\t\t\t\t\t\t<section class=\"elementor-section elementor-top-section elementor-element elementor-element-5df3f8e elementor-section-boxed elementor-section-height-default elementor-section-height-default\" data-id=\"5df3f8e\" data-element_type=\"section\" data-settings=\"{&quot;_ha_eqh_enable&quot;:false}\">\n\t\t\t\t\t\t<div class=\"elementor-container elementor-column-gap-default\">\n\t\t\t\t\t<div class=\"elementor-column elementor-col-100 elementor-top-column elementor-element elementor-element-7042104\" data-id=\"7042104\" data-element_type=\"column\">\n\t\t\t<div class=\"elementor-widget-wrap elementor-element-populated\">\n\t\t\t\t\t\t<div class=\"elementor-element elementor-element-c8daad6 elementor-widget elementor-widget-spacer\" data-id=\"c8daad6\" data-element_type=\"widget\" data-widget_type=\"spacer.default\">\n\t\t\t\t<div class=\"elementor-widget-container\">\n\t\t\t\t\t\t\t<div class=\"elementor-spacer\">\n\t\t\t<div class=\"elementor-spacer-inner\"><\/div>\n\t\t<\/div>\n\t\t\t\t\t\t<\/div>\n\t\t\t\t<\/div>\n\t\t\t\t<div class=\"elementor-element elementor-element-6a41d1f elementor-widget elementor-widget-heading\" data-id=\"6a41d1f\" data-element_type=\"widget\" data-widget_type=\"heading.default\">\n\t\t\t\t<div class=\"elementor-widget-container\">\n\t\t\t\t\t<h2 class=\"elementor-heading-title elementor-size-default\">Graudu nozare<\/h2>\t\t\t\t<\/div>\n\t\t\t\t<\/div>\n\t\t\t\t<div class=\"elementor-element elementor-element-e70d4ed elementor-widget elementor-widget-spacer\" data-id=\"e70d4ed\" data-element_type=\"widget\" data-widget_type=\"spacer.default\">\n\t\t\t\t<div class=\"elementor-widget-container\">\n\t\t\t\t\t\t\t<div class=\"elementor-spacer\">\n\t\t\t<div class=\"elementor-spacer-inner\"><\/div>\n\t\t<\/div>\n\t\t\t\t\t\t<\/div>\n\t\t\t\t<\/div>\n\t\t\t\t<div class=\"elementor-element elementor-element-1c443b9 elementor-widget elementor-widget-text-editor\" data-id=\"1c443b9\" data-element_type=\"widget\" data-widget_type=\"text-editor.default\">\n\t\t\t\t<div class=\"elementor-widget-container\">\n\t\t\t\t\t\t\t\t\t<p>Atkl\u0101jiet pla\u0161o visprogres\u012bv\u0101ko Tornum graudu ra\u017eot\u0146u t\u012bklu vis\u0101 pasaul\u0113. \u0160\u012bs iek\u0101rtas aptver kontinentus, pied\u0101v\u0101jot efekt\u012bvus graudu apstr\u0101des, uzglab\u0101\u0161anas un transport\u0113\u0161anas risin\u0101jumus. No liela m\u0113roga lauksaimniec\u012bbas darb\u012bb\u0101m l\u012bdz maziem \u0123imenes uz\u0146\u0113mumiem, m\u016bsu izstr\u0101d\u0101tie risin\u0101jumi nodro\u0161ina da\u017e\u0101dus ra\u017eo\u0161anas apjomus, nodro\u0161inot savlaic\u012bgus un rentablus rezult\u0101tus.<\/p>\t\t\t\t\t\t\t\t<\/div>\n\t\t\t\t<\/div>\n\t\t\t\t<div class=\"elementor-element elementor-element-4032e4b elementor-widget elementor-widget-spacer\" data-id=\"4032e4b\" data-element_type=\"widget\" data-widget_type=\"spacer.default\">\n\t\t\t\t<div class=\"elementor-widget-container\">\n\t\t\t\t\t\t\t<div class=\"elementor-spacer\">\n\t\t\t<div class=\"elementor-spacer-inner\"><\/div>\n\t\t<\/div>\n\t\t\t\t\t\t<\/div>\n\t\t\t\t<\/div>\n\t\t\t\t\t<\/div>\n\t\t<\/div>\n\t\t\t\t\t<\/div>\n\t\t<\/section>\n\t\t\t\t<section class=\"elementor-section elementor-top-section elementor-element elementor-element-049f290 elementor-section-boxed elementor-section-height-default elementor-section-height-default\" data-id=\"049f290\" data-element_type=\"section\" data-settings=\"{&quot;background_background&quot;:&quot;classic&quot;,&quot;_ha_eqh_enable&quot;:false}\">\n\t\t\t\t\t\t<div class=\"elementor-container elementor-column-gap-default\">\n\t\t\t\t\t<div class=\"elementor-column elementor-col-100 elementor-top-column elementor-element elementor-element-ebe39cb\" data-id=\"ebe39cb\" data-element_type=\"column\">\n\t\t\t<div class=\"elementor-widget-wrap elementor-element-populated\">\n\t\t\t\t\t\t\t<\/div>\n\t\t<\/div>\n\t\t\t\t\t<\/div>\n\t\t<\/section>\n\t\t\t\t<section class=\"elementor-section elementor-top-section elementor-element elementor-element-35d2c15 elementor-section-boxed elementor-section-height-default elementor-section-height-default\" data-id=\"35d2c15\" data-element_type=\"section\" data-settings=\"{&quot;_ha_eqh_enable&quot;:false}\">\n\t\t\t\t\t\t<div class=\"elementor-container elementor-column-gap-default\">\n\t\t\t\t\t<div class=\"elementor-column elementor-col-100 elementor-top-column elementor-element elementor-element-62a9423\" data-id=\"62a9423\" data-element_type=\"column\">\n\t\t\t<div class=\"elementor-widget-wrap elementor-element-populated\">\n\t\t\t\t\t\t<div class=\"elementor-element elementor-element-bc9701a elementor-widget elementor-widget-spacer\" data-id=\"bc9701a\" data-element_type=\"widget\" data-widget_type=\"spacer.default\">\n\t\t\t\t<div class=\"elementor-widget-container\">\n\t\t\t\t\t\t\t<div class=\"elementor-spacer\">\n\t\t\t<div class=\"elementor-spacer-inner\"><\/div>\n\t\t<\/div>\n\t\t\t\t\t\t<\/div>\n\t\t\t\t<\/div>\n\t\t\t\t\t<\/div>\n\t\t<\/div>\n\t\t\t\t\t<\/div>\n\t\t<\/section>\n\t\t\t\t<\/div>\n\t\t","protected":false},"excerpt":{"rendered":"<p>Graudu nozare Atkl\u0101jiet pla\u0161o visprogres\u012bv\u0101ko Tornum graudu ra\u017eot\u0146u t\u012bklu vis\u0101 pasaul\u0113. \u0160\u012bs iek\u0101rtas aptver kontinentus, pied\u0101v\u0101jot efekt\u012bvus graudu apstr\u0101des, uzglab\u0101\u0161anas un transport\u0113\u0161anas risin\u0101jumus. No liela m\u0113roga lauksaimniec\u012bbas darb\u012bb\u0101m l\u012bdz maziem \u0123imenes uz\u0146\u0113mumiem, m\u016bsu izstr\u0101d\u0101tie risin\u0101jumi nodro\u0161ina da\u017e\u0101dus ra\u017eo\u0161anas apjomus, nodro\u0161inot savlaic\u012bgus un rentablus rezult\u0101tus.<\/p>\n","protected":false},"author":1,"featured_media":0,"parent":0,"menu_order":0,"comment_status":"closed","ping_status":"closed","template":"","meta":{"_acf_changed":false,"footnotes":""},"class_list":["post-38134","page","type-page","status-publish","hentry"],"acf":[],"_links":{"self":[{"href":"https:\/\/www.tornum.com\/lv\/wp-json\/wp\/v2\/pages\/38134","targetHints":{"allow":["GET"]}}],"collection":[{"href":"https:\/\/www.tornum.com\/lv\/wp-json\/wp\/v2\/pages"}],"about":[{"href":"https:\/\/www.tornum.com\/lv\/wp-json\/wp\/v2\/types\/page"}],"author":[{"embeddable":true,"href":"https:\/\/www.tornum.com\/lv\/wp-json\/wp\/v2\/users\/1"}],"replies":[{"embeddable":true,"href":"https:\/\/www.tornum.com\/lv\/wp-json\/wp\/v2\/comments?post=38134"}],"version-history":[{"count":4,"href":"https:\/\/www.tornum.com\/lv\/wp-json\/wp\/v2\/pages\/38134\/revisions"}],"predecessor-version":[{"id":38141,"href":"https:\/\/www.tornum.com\/lv\/wp-json\/wp\/v2\/pages\/38134\/revisions\/38141"}],"wp:attachment":[{"href":"https:\/\/www.tornum.com\/lv\/wp-json\/wp\/v2\/media?parent=38134"}],"curies":[{"name":"wp","href":"https:\/\/api.w.org\/{rel}","templated":true}]}}