{"id":38136,"date":"2023-05-02T20:20:35","date_gmt":"2023-05-02T20:20:35","guid":{"rendered":"https:\/\/www.tornum.com\/reference-feed\/"},"modified":"2024-07-05T13:11:10","modified_gmt":"2024-07-05T13:11:10","slug":"reference-feed","status":"publish","type":"page","link":"https:\/\/www.tornum.com\/lv\/reference-feed\/","title":{"rendered":"Reference Feed LV"},"content":{"rendered":"\t\t<div data-elementor-type=\"wp-page\" data-elementor-id=\"38136\" class=\"elementor elementor-38136 elementor-9944\" data-elementor-settings=\"{&quot;ha_cmc_init_switcher&quot;:&quot;no&quot;}\" data-elementor-post-type=\"page\">\n\t\t\t\t\t\t<section class=\"elementor-section elementor-top-section elementor-element elementor-element-6288721 elementor-section-boxed elementor-section-height-default elementor-section-height-default\" data-id=\"6288721\" data-element_type=\"section\" data-settings=\"{&quot;_ha_eqh_enable&quot;:false}\">\n\t\t\t\t\t\t<div class=\"elementor-container elementor-column-gap-default\">\n\t\t\t\t\t<div class=\"elementor-column elementor-col-100 elementor-top-column elementor-element elementor-element-145ab86\" data-id=\"145ab86\" data-element_type=\"column\">\n\t\t\t<div class=\"elementor-widget-wrap elementor-element-populated\">\n\t\t\t\t\t\t<div class=\"elementor-element elementor-element-b992879 elementor-widget elementor-widget-spacer\" data-id=\"b992879\" data-element_type=\"widget\" data-widget_type=\"spacer.default\">\n\t\t\t\t<div class=\"elementor-widget-container\">\n\t\t\t\t\t\t\t<div class=\"elementor-spacer\">\n\t\t\t<div class=\"elementor-spacer-inner\"><\/div>\n\t\t<\/div>\n\t\t\t\t\t\t<\/div>\n\t\t\t\t<\/div>\n\t\t\t\t<div class=\"elementor-element elementor-element-5f43abe elementor-widget elementor-widget-heading\" data-id=\"5f43abe\" data-element_type=\"widget\" data-widget_type=\"heading.default\">\n\t\t\t\t<div class=\"elementor-widget-container\">\n\t\t\t\t\t<h2 class=\"elementor-heading-title elementor-size-default\">Lopbar\u012bbas nozare<\/h2>\t\t\t\t<\/div>\n\t\t\t\t<\/div>\n\t\t\t\t<div class=\"elementor-element elementor-element-4878c3a elementor-widget elementor-widget-spacer\" data-id=\"4878c3a\" data-element_type=\"widget\" data-widget_type=\"spacer.default\">\n\t\t\t\t<div class=\"elementor-widget-container\">\n\t\t\t\t\t\t\t<div class=\"elementor-spacer\">\n\t\t\t<div class=\"elementor-spacer-inner\"><\/div>\n\t\t<\/div>\n\t\t\t\t\t\t<\/div>\n\t\t\t\t<\/div>\n\t\t\t\t<div class=\"elementor-element elementor-element-6ac81f1 elementor-widget elementor-widget-text-editor\" data-id=\"6ac81f1\" data-element_type=\"widget\" data-widget_type=\"text-editor.default\">\n\t\t\t\t<div class=\"elementor-widget-container\">\n\t\t\t\t\t\t\t\t\t<p>Atkl\u0101jiet atsauksmes par pla\u0161o Tornum pied\u0101v\u0101to bar\u012bbas iek\u0101rtu t\u012bklu vis\u0101 pasaul\u0113. \u0160\u012bs iek\u0101rtas p\u0101rsniedz kontinentus, pied\u0101v\u0101jot racionaliz\u0113tus risin\u0101jumus efekt\u012bvai bar\u012bbas apstr\u0101dei, uzglab\u0101\u0161anai un transport\u0113\u0161anai. Piel\u0101gojami risin\u0101jumi nodro\u0161ina pla\u0161u ra\u017eo\u0161anas apjomu kl\u0101stu, nodro\u0161inot \u0101trus un ekonomiskus rezult\u0101tus.<\/p>\t\t\t\t\t\t\t\t<\/div>\n\t\t\t\t<\/div>\n\t\t\t\t<div class=\"elementor-element elementor-element-f812a79 elementor-widget elementor-widget-spacer\" data-id=\"f812a79\" data-element_type=\"widget\" data-widget_type=\"spacer.default\">\n\t\t\t\t<div class=\"elementor-widget-container\">\n\t\t\t\t\t\t\t<div class=\"elementor-spacer\">\n\t\t\t<div class=\"elementor-spacer-inner\"><\/div>\n\t\t<\/div>\n\t\t\t\t\t\t<\/div>\n\t\t\t\t<\/div>\n\t\t\t\t\t<\/div>\n\t\t<\/div>\n\t\t\t\t\t<\/div>\n\t\t<\/section>\n\t\t\t\t<section class=\"elementor-section elementor-top-section elementor-element elementor-element-db12f3f elementor-section-boxed elementor-section-height-default elementor-section-height-default\" data-id=\"db12f3f\" data-element_type=\"section\" data-settings=\"{&quot;background_background&quot;:&quot;classic&quot;,&quot;_ha_eqh_enable&quot;:false}\">\n\t\t\t\t\t\t<div class=\"elementor-container elementor-column-gap-default\">\n\t\t\t\t\t<div class=\"elementor-column elementor-col-100 elementor-top-column elementor-element elementor-element-8bdb751\" data-id=\"8bdb751\" data-element_type=\"column\">\n\t\t\t<div class=\"elementor-widget-wrap elementor-element-populated\">\n\t\t\t\t\t\t\t<\/div>\n\t\t<\/div>\n\t\t\t\t\t<\/div>\n\t\t<\/section>\n\t\t\t\t<section class=\"elementor-section elementor-top-section elementor-element elementor-element-5fcb1fa elementor-section-boxed elementor-section-height-default elementor-section-height-default\" data-id=\"5fcb1fa\" data-element_type=\"section\" data-settings=\"{&quot;_ha_eqh_enable&quot;:false}\">\n\t\t\t\t\t\t<div class=\"elementor-container elementor-column-gap-default\">\n\t\t\t\t\t<div class=\"elementor-column elementor-col-100 elementor-top-column elementor-element elementor-element-41aa65b\" data-id=\"41aa65b\" data-element_type=\"column\">\n\t\t\t<div class=\"elementor-widget-wrap elementor-element-populated\">\n\t\t\t\t\t\t<div class=\"elementor-element elementor-element-84669b3 elementor-widget elementor-widget-spacer\" data-id=\"84669b3\" data-element_type=\"widget\" data-widget_type=\"spacer.default\">\n\t\t\t\t<div class=\"elementor-widget-container\">\n\t\t\t\t\t\t\t<div class=\"elementor-spacer\">\n\t\t\t<div class=\"elementor-spacer-inner\"><\/div>\n\t\t<\/div>\n\t\t\t\t\t\t<\/div>\n\t\t\t\t<\/div>\n\t\t\t\t\t<\/div>\n\t\t<\/div>\n\t\t\t\t\t<\/div>\n\t\t<\/section>\n\t\t\t\t<\/div>\n\t\t","protected":false},"excerpt":{"rendered":"<p>Lopbar\u012bbas nozare Atkl\u0101jiet atsauksmes par pla\u0161o Tornum pied\u0101v\u0101to bar\u012bbas iek\u0101rtu t\u012bklu vis\u0101 pasaul\u0113. \u0160\u012bs iek\u0101rtas p\u0101rsniedz kontinentus, pied\u0101v\u0101jot racionaliz\u0113tus risin\u0101jumus efekt\u012bvai bar\u012bbas apstr\u0101dei, uzglab\u0101\u0161anai un transport\u0113\u0161anai. Piel\u0101gojami risin\u0101jumi nodro\u0161ina pla\u0161u ra\u017eo\u0161anas apjomu kl\u0101stu, nodro\u0161inot \u0101trus un ekonomiskus rezult\u0101tus.<\/p>\n","protected":false},"author":1,"featured_media":0,"parent":0,"menu_order":0,"comment_status":"closed","ping_status":"closed","template":"","meta":{"_acf_changed":false,"footnotes":""},"class_list":["post-38136","page","type-page","status-publish","hentry"],"acf":[],"_links":{"self":[{"href":"https:\/\/www.tornum.com\/lv\/wp-json\/wp\/v2\/pages\/38136","targetHints":{"allow":["GET"]}}],"collection":[{"href":"https:\/\/www.tornum.com\/lv\/wp-json\/wp\/v2\/pages"}],"about":[{"href":"https:\/\/www.tornum.com\/lv\/wp-json\/wp\/v2\/types\/page"}],"author":[{"embeddable":true,"href":"https:\/\/www.tornum.com\/lv\/wp-json\/wp\/v2\/users\/1"}],"replies":[{"embeddable":true,"href":"https:\/\/www.tornum.com\/lv\/wp-json\/wp\/v2\/comments?post=38136"}],"version-history":[{"count":4,"href":"https:\/\/www.tornum.com\/lv\/wp-json\/wp\/v2\/pages\/38136\/revisions"}],"predecessor-version":[{"id":38147,"href":"https:\/\/www.tornum.com\/lv\/wp-json\/wp\/v2\/pages\/38136\/revisions\/38147"}],"wp:attachment":[{"href":"https:\/\/www.tornum.com\/lv\/wp-json\/wp\/v2\/media?parent=38136"}],"curies":[{"name":"wp","href":"https:\/\/api.w.org\/{rel}","templated":true}]}}