{"id":48460,"date":"2023-09-06T21:55:23","date_gmt":"2023-09-06T21:55:23","guid":{"rendered":"https:\/\/www.tornum.com\/cookies-policy\/"},"modified":"2025-05-22T08:35:28","modified_gmt":"2025-05-22T08:35:28","slug":"cookies-policy","status":"publish","type":"page","link":"https:\/\/www.tornum.com\/lv\/cookies-policy\/","title":{"rendered":"Cookies Policy"},"content":{"rendered":"\t\t<div data-elementor-type=\"wp-page\" data-elementor-id=\"48460\" class=\"elementor elementor-48460 elementor-16822\" data-elementor-settings=\"{&quot;ha_cmc_init_switcher&quot;:&quot;no&quot;}\" data-elementor-post-type=\"page\">\n\t\t\t\t\t\t<section class=\"elementor-section elementor-top-section elementor-element elementor-element-abaac7d elementor-section-boxed elementor-section-height-default elementor-section-height-default\" data-id=\"abaac7d\" data-element_type=\"section\" data-settings=\"{&quot;_ha_eqh_enable&quot;:false}\">\n\t\t\t\t\t\t<div class=\"elementor-container elementor-column-gap-default\">\n\t\t\t\t\t<div class=\"elementor-column elementor-col-100 elementor-top-column elementor-element elementor-element-3b05e14\" data-id=\"3b05e14\" data-element_type=\"column\">\n\t\t\t<div class=\"elementor-widget-wrap elementor-element-populated\">\n\t\t\t\t\t\t<div class=\"elementor-element elementor-element-63258a3 elementor-widget elementor-widget-spacer\" data-id=\"63258a3\" data-element_type=\"widget\" data-widget_type=\"spacer.default\">\n\t\t\t\t<div class=\"elementor-widget-container\">\n\t\t\t\t\t\t\t<div class=\"elementor-spacer\">\n\t\t\t<div class=\"elementor-spacer-inner\"><\/div>\n\t\t<\/div>\n\t\t\t\t\t\t<\/div>\n\t\t\t\t<\/div>\n\t\t\t\t\t<\/div>\n\t\t<\/div>\n\t\t\t\t\t<\/div>\n\t\t<\/section>\n\t\t\t\t<section class=\"elementor-section elementor-top-section elementor-element elementor-element-1f696030 elementor-section-boxed elementor-section-height-default elementor-section-height-default\" data-id=\"1f696030\" data-element_type=\"section\" data-settings=\"{&quot;_ha_eqh_enable&quot;:false}\">\n\t\t\t\t\t\t<div class=\"elementor-container elementor-column-gap-default\">\n\t\t\t\t\t<div class=\"elementor-column elementor-col-100 elementor-top-column elementor-element elementor-element-4a74929\" data-id=\"4a74929\" data-element_type=\"column\">\n\t\t\t<div class=\"elementor-widget-wrap elementor-element-populated\">\n\t\t\t\t\t\t<div class=\"elementor-element elementor-element-1f31462b elementor-widget elementor-widget-text-editor\" data-id=\"1f31462b\" data-element_type=\"widget\" data-widget_type=\"text-editor.default\">\n\t\t\t\t<div class=\"elementor-widget-container\">\n\t\t\t\t\t\t\t\t\t<h3><strong>Cookies Policy<\/strong><\/h3>\n<p>\u0160\u012b vietne izmanto s\u012bkdatnes \u2014 mazus teksta failus, kas tiek ievietoti j\u016bsu ier\u012bc\u0113, lai pal\u012bdz\u0113tu vietnei nodro\u0161in\u0101t lab\u0101ku lieto\u0161anas pieredzi. Parasti s\u012bkdatnes tiek izmantotas, lai saglab\u0101tu lietot\u0101ja preferences, uzglab\u0101tu inform\u0101ciju, piem\u0113ram, par iepirkumu groziem, un nodro\u0161in\u0101tu anonimiz\u0113tus izseko\u0161anas datus tre\u0161o pu\u0161u lietotn\u0113m, piem\u0113ram, Google Analytics. K\u0101 likums, s\u012bkdatnes uzlabo p\u0101rl\u016bko\u0161anas pieredzi. Tom\u0113r j\u016bs varat izv\u0113l\u0113ties atsp\u0113jot s\u012bkdatnes \u0161aj\u0101 un cit\u0101s vietn\u0113s. Visefekt\u012bv\u0101kais veids, k\u0101 to izdar\u012bt, ir atsp\u0113jot s\u012bkdatnes j\u016bsu p\u0101rl\u016bkprogramm\u0101. M\u0113s iesak\u0101m apskat\u012bt sava p\u0101rl\u016bka pal\u012bdz\u012bbas sada\u013cu vai apmekl\u0113t <a href=\"http:\/\/www.aboutcookies.org\/\" target=\"_blank\" rel=\"noopener noreferrer\">About Cookies<\/a> vietni, kas pied\u0101v\u0101 nor\u0101des vis\u0101m m\u016bsdienu p\u0101rl\u016bkprogramm\u0101m.<\/p>\n\t\t\t\t\t\t\t\t<\/div>\n\t\t\t\t<\/div>\n\t\t\t\t<div class=\"elementor-element elementor-element-5e8e5a9 elementor-widget elementor-widget-spacer\" data-id=\"5e8e5a9\" data-element_type=\"widget\" data-widget_type=\"spacer.default\">\n\t\t\t\t<div class=\"elementor-widget-container\">\n\t\t\t\t\t\t\t<div class=\"elementor-spacer\">\n\t\t\t<div class=\"elementor-spacer-inner\"><\/div>\n\t\t<\/div>\n\t\t\t\t\t\t<\/div>\n\t\t\t\t<\/div>\n\t\t\t\t\t<\/div>\n\t\t<\/div>\n\t\t\t\t\t<\/div>\n\t\t<\/section>\n\t\t\t\t<\/div>\n\t\t","protected":false},"excerpt":{"rendered":"<p>Cookies Policy \u0160\u012b vietne izmanto s\u012bkdatnes \u2014 mazus teksta failus, kas tiek ievietoti j\u016bsu ier\u012bc\u0113, lai pal\u012bdz\u0113tu vietnei nodro\u0161in\u0101t lab\u0101ku lieto\u0161anas pieredzi. Parasti s\u012bkdatnes tiek izmantotas, lai saglab\u0101tu lietot\u0101ja preferences, uzglab\u0101tu inform\u0101ciju, piem\u0113ram, par iepirkumu groziem, un nodro\u0161in\u0101tu anonimiz\u0113tus izseko\u0161anas datus tre\u0161o pu\u0161u lietotn\u0113m, piem\u0113ram, Google Analytics. K\u0101 likums, s\u012bkdatnes uzlabo p\u0101rl\u016bko\u0161anas pieredzi. Tom\u0113r j\u016bs&hellip;<\/p>\n","protected":false},"author":1,"featured_media":0,"parent":0,"menu_order":0,"comment_status":"closed","ping_status":"closed","template":"elementor_header_footer","meta":{"_acf_changed":false,"footnotes":""},"class_list":["post-48460","page","type-page","status-publish","hentry"],"acf":[],"_links":{"self":[{"href":"https:\/\/www.tornum.com\/lv\/wp-json\/wp\/v2\/pages\/48460","targetHints":{"allow":["GET"]}}],"collection":[{"href":"https:\/\/www.tornum.com\/lv\/wp-json\/wp\/v2\/pages"}],"about":[{"href":"https:\/\/www.tornum.com\/lv\/wp-json\/wp\/v2\/types\/page"}],"author":[{"embeddable":true,"href":"https:\/\/www.tornum.com\/lv\/wp-json\/wp\/v2\/users\/1"}],"replies":[{"embeddable":true,"href":"https:\/\/www.tornum.com\/lv\/wp-json\/wp\/v2\/comments?post=48460"}],"version-history":[{"count":1,"href":"https:\/\/www.tornum.com\/lv\/wp-json\/wp\/v2\/pages\/48460\/revisions"}],"predecessor-version":[{"id":48461,"href":"https:\/\/www.tornum.com\/lv\/wp-json\/wp\/v2\/pages\/48460\/revisions\/48461"}],"wp:attachment":[{"href":"https:\/\/www.tornum.com\/lv\/wp-json\/wp\/v2\/media?parent=48460"}],"curies":[{"name":"wp","href":"https:\/\/api.w.org\/{rel}","templated":true}]}}