{"id":29576,"date":"2023-05-14T20:46:38","date_gmt":"2023-05-14T20:46:38","guid":{"rendered":"https:\/\/www.tornum.com\/product\/aeration-cover\/"},"modified":"2025-07-30T06:46:05","modified_gmt":"2025-07-30T06:46:05","slug":"aeracijas-parsegs","status":"publish","type":"product","link":"https:\/\/www.tornum.com\/lv\/product\/aeracijas-parsegs\/","title":{"rendered":"AER\u0100CIJAS P\u0100RSEGS"},"content":{"rendered":"<div class=\"wpb-content-wrapper\"><p>[vc_row][vc_column][vc_column_text]Ar <em>Tornum<\/em> aer\u0101cijas p\u0101rsegu jums ir iesp\u0113ja optimiz\u0113t silosa aer\u0101ciju bez ierobe\u017eojumiem.<\/p>\n<p>P\u0101rsegi ir pieejami 0,5 un 1\u00a0m garum\u0101, kas \u013cauj piel\u0101got izk\u0101rtojumu j\u016bsu specifiskaj\u0101m vajadz\u012bb\u0101m.<\/p>\n<p>Nodro\u0161ina l\u012bdzenu virsmu tvertn\u0113 un ir viegli t\u012br\u0101mi.<\/p>\n<p>&nbsp;<\/p>\n<p>Pieejami gan silosiem, gan plakan\u0101m noliktav\u0101m.<\/p>\n<p>&nbsp;<\/p>\n<p>J\u0101piebilst, ka kornetes pamatnes konstrukcija ir j\u0101piel\u0101go \u0161\u0101da veida aer\u0101cijas izmanto\u0161anai.[\/vc_column_text][\/vc_column][\/vc_row]<\/p>\n<\/div>","protected":false},"excerpt":{"rendered":"<p><em>Tornum<\/em> aer\u0101cijas p\u0101rsegi ir ra\u017eoti no perfor\u0113t\u0101m met\u0101la loksn\u0113m, kas iestiprin\u0101tas silosa betona gr\u012bd\u0101. P\u0101rsegi pieejami visiem silosu diametriem.<\/p>\n","protected":false},"featured_media":29578,"comment_status":"open","ping_status":"closed","template":"","meta":{"_acf_changed":false},"product_brand":[],"product_cat":[845,846,847],"product_tag":[848,849,850,851],"class_list":{"0":"post-29576","1":"product","2":"type-product","3":"status-publish","4":"has-post-thumbnail","6":"product_cat-all-products-lv","7":"product_cat-conditioning-lv","8":"product_cat-aeration-cover-lv","9":"product_tag-axial-lv","10":"product_tag-conditioning-laterals-lv","11":"product_tag-fan-lv","12":"product_tag-silo-lv","13":"description-off","15":"first","16":"instock","17":"shipping-taxable","18":"product-type-simple"},"acf":[],"_links":{"self":[{"href":"https:\/\/www.tornum.com\/lv\/wp-json\/wp\/v2\/product\/29576","targetHints":{"allow":["GET"]}}],"collection":[{"href":"https:\/\/www.tornum.com\/lv\/wp-json\/wp\/v2\/product"}],"about":[{"href":"https:\/\/www.tornum.com\/lv\/wp-json\/wp\/v2\/types\/product"}],"replies":[{"embeddable":true,"href":"https:\/\/www.tornum.com\/lv\/wp-json\/wp\/v2\/comments?post=29576"}],"version-history":[{"count":3,"href":"https:\/\/www.tornum.com\/lv\/wp-json\/wp\/v2\/product\/29576\/revisions"}],"predecessor-version":[{"id":31210,"href":"https:\/\/www.tornum.com\/lv\/wp-json\/wp\/v2\/product\/29576\/revisions\/31210"}],"wp:featuredmedia":[{"embeddable":true,"href":"https:\/\/www.tornum.com\/lv\/wp-json\/wp\/v2\/media\/29578"}],"wp:attachment":[{"href":"https:\/\/www.tornum.com\/lv\/wp-json\/wp\/v2\/media?parent=29576"}],"wp:term":[{"taxonomy":"product_brand","embeddable":true,"href":"https:\/\/www.tornum.com\/lv\/wp-json\/wp\/v2\/product_brand?post=29576"},{"taxonomy":"product_cat","embeddable":true,"href":"https:\/\/www.tornum.com\/lv\/wp-json\/wp\/v2\/product_cat?post=29576"},{"taxonomy":"product_tag","embeddable":true,"href":"https:\/\/www.tornum.com\/lv\/wp-json\/wp\/v2\/product_tag?post=29576"}],"curies":[{"name":"wp","href":"https:\/\/api.w.org\/{rel}","templated":true}]}}