{"id":31149,"date":"2023-05-17T13:04:39","date_gmt":"2023-05-17T13:04:39","guid":{"rendered":"https:\/\/www.tornum.com\/product\/alfaflame-bioheating-systems-edit\/"},"modified":"2025-07-30T06:27:41","modified_gmt":"2025-07-30T06:27:41","slug":"alfaflame-bioapkures-sistemas","status":"publish","type":"product","link":"https:\/\/www.tornum.com\/lv\/product\/alfaflame-bioapkures-sistemas\/","title":{"rendered":"ALFAFLAME \u2013 BIOAPKURES SIST\u0112MAS"},"content":{"rendered":"\t\t<div data-elementor-type=\"product-post\" data-elementor-id=\"31149\" class=\"elementor elementor-31149 elementor-11838\" data-elementor-settings=\"{&quot;ha_cmc_init_switcher&quot;:&quot;no&quot;}\" data-elementor-post-type=\"product\">\n\t\t\t\t\t\t<section class=\"elementor-section elementor-top-section elementor-element elementor-element-532b129 elementor-section-boxed elementor-section-height-default elementor-section-height-default\" data-id=\"532b129\" data-element_type=\"section\" data-settings=\"{&quot;_ha_eqh_enable&quot;:false}\">\n\t\t\t\t\t\t<div class=\"elementor-container elementor-column-gap-default\">\n\t\t\t\t\t<div class=\"elementor-column elementor-col-100 elementor-top-column elementor-element elementor-element-67db0c1b\" data-id=\"67db0c1b\" data-element_type=\"column\">\n\t\t\t<div class=\"elementor-widget-wrap elementor-element-populated\">\n\t\t\t\t\t\t<div class=\"elementor-element elementor-element-16129989 elementor-widget elementor-widget-text-editor\" data-id=\"16129989\" data-element_type=\"widget\" data-widget_type=\"text-editor.default\">\n\t\t\t\t<div class=\"elementor-widget-container\">\n\t\t\t\t\t\t\t\t\t<p><em>AlfaFlame<\/em> 800\u00a0kW biomasas kr\u0101sns, kas ir pieejama gan vien\u0101 800\u00a0kW, gan dubult\u0101 (2\u00d7800\u00a0kW) konfigur\u0101cij\u0101, ir izstr\u0101d\u0101ta, lai nodro\u0161in\u0101tu da\u017e\u0101dus pielietojumus, tostarp graudu kalt\u0113s, r\u016bpniecisk\u0101s iek\u0101rt\u0101s, siltumn\u012bc\u0101s un jebkur\u0101 cit\u0101 vid\u0113, kur nepiecie\u0161ams liels siltuma un sausa gaisa daudzums. Kr\u0101sns ir konstru\u0113ta darbam ar paaugstin\u0101tu spiedienu. Turkl\u0101t divu katlu sist\u0113mas opcija \u013cauj izmantot katlus gan kop\u0101, gan neatkar\u012bgi.<\/p>\t\t\t\t\t\t\t\t<\/div>\n\t\t\t\t<\/div>\n\t\t\t\t\t<\/div>\n\t\t<\/div>\n\t\t\t\t\t<\/div>\n\t\t<\/section>\n\t\t\t\t<\/div>\n\t\t","protected":false},"excerpt":{"rendered":"<p><em>AlfaFlame<\/em> 800\u00a0kW biomasas kr\u0101sns ir daudzpus\u012bga un piem\u0113rota t\u0101diem pielietojumiem k\u0101 graudu kalt\u0113\u0161ana, r\u016bpnieciska izmanto\u0161ana un siltumn\u012bcu apkure. T\u0101 darbojas ar paaugstin\u0101tu spiedienu un pied\u0101v\u0101 iesp\u0113ju izmantot divu katlu sist\u0113mu neatkar\u012bgai vai kombin\u0113tai lieto\u0161anai.<\/p>\n","protected":false},"featured_media":31152,"comment_status":"open","ping_status":"closed","template":"","meta":{"_acf_changed":false},"product_brand":[],"product_cat":[845,863,864,846,865],"product_tag":[866,867,868,869],"class_list":{"0":"post-31149","1":"product","2":"type-product","3":"status-publish","4":"has-post-thumbnail","6":"product_cat-all-products-lv","7":"product_cat-food-2-lv","8":"product_cat-grain-lv","9":"product_cat-conditioning-lv","10":"product_cat-heat-sources-lv","11":"product_tag-burner-lv","12":"product_tag-dryer-lv","13":"product_tag-dryer-tkr-lv","14":"product_tag-tecflam-lv","16":"first","17":"instock","18":"shipping-taxable","19":"product-type-simple"},"acf":[],"_links":{"self":[{"href":"https:\/\/www.tornum.com\/lv\/wp-json\/wp\/v2\/product\/31149","targetHints":{"allow":["GET"]}}],"collection":[{"href":"https:\/\/www.tornum.com\/lv\/wp-json\/wp\/v2\/product"}],"about":[{"href":"https:\/\/www.tornum.com\/lv\/wp-json\/wp\/v2\/types\/product"}],"replies":[{"embeddable":true,"href":"https:\/\/www.tornum.com\/lv\/wp-json\/wp\/v2\/comments?post=31149"}],"version-history":[{"count":5,"href":"https:\/\/www.tornum.com\/lv\/wp-json\/wp\/v2\/product\/31149\/revisions"}],"predecessor-version":[{"id":50428,"href":"https:\/\/www.tornum.com\/lv\/wp-json\/wp\/v2\/product\/31149\/revisions\/50428"}],"wp:featuredmedia":[{"embeddable":true,"href":"https:\/\/www.tornum.com\/lv\/wp-json\/wp\/v2\/media\/31152"}],"wp:attachment":[{"href":"https:\/\/www.tornum.com\/lv\/wp-json\/wp\/v2\/media?parent=31149"}],"wp:term":[{"taxonomy":"product_brand","embeddable":true,"href":"https:\/\/www.tornum.com\/lv\/wp-json\/wp\/v2\/product_brand?post=31149"},{"taxonomy":"product_cat","embeddable":true,"href":"https:\/\/www.tornum.com\/lv\/wp-json\/wp\/v2\/product_cat?post=31149"},{"taxonomy":"product_tag","embeddable":true,"href":"https:\/\/www.tornum.com\/lv\/wp-json\/wp\/v2\/product_tag?post=31149"}],"curies":[{"name":"wp","href":"https:\/\/api.w.org\/{rel}","templated":true}]}}