{"id":31154,"date":"2023-05-14T21:52:41","date_gmt":"2023-05-14T21:52:41","guid":{"rendered":"https:\/\/www.tornum.com\/product\/aspirator-2\/"},"modified":"2025-07-30T07:02:35","modified_gmt":"2025-07-30T07:02:35","slug":"aspirators","status":"publish","type":"product","link":"https:\/\/www.tornum.com\/lv\/product\/aspirators\/","title":{"rendered":"ASPIRATORS"},"content":{"rendered":"<div class=\"wpb-content-wrapper\"><p>[vc_row][vc_column width=&#8221;2\/3&#8243;][vc_column_text]<em>Tornum<\/em> aspirators ir paredz\u0113ts graudu un citu granul\u0113tu materi\u0101lu putek\u013cu atdal\u012b\u0161anai, un, neraugoties uz t\u0101 nelielo izm\u0113ru, tam ir liela jauda.[\/vc_column_text][\/vc_column][vc_column width=&#8221;1\/3&#8243;][vc_column_text]<strong>FUNKCIJAS<\/strong><br \/>\n\u2022 Izgatavots no pulverkr\u0101sota lok\u0161\u0146u met\u0101la<br \/>\n\u2022 Pieejams tr\u012bs izm\u0113ros<br \/>\n\u2022 Apr\u012bkots ar taisn\u0101m, radi\u0101l\u0101m l\u0101psti\u0146\u0101m<br \/>\n\u2022 25 tonnu aspirators var transport\u0113t graudu atkritumus aptuveni 24 metrus, 60 tonnu smags aspirators \u2013 21 metru.<br \/>\n\u2022 Regul\u0113jama s\u016bkn\u0113\u0161anas jauda maksim\u0101lai t\u012br\u012b\u0161anas efektivit\u0101tei.[\/vc_column_text][\/vc_column][\/vc_row]<\/p>\n<\/div>","protected":false},"excerpt":{"rendered":"<div class=\"flex flex-grow flex-col gap-3 max-w-full\">\n<div class=\"min-h-[20px] flex flex-col items-start gap-3 overflow-x-auto whitespace-pre-wrap break-words\">\n<div class=\"markdown prose w-full break-words dark:prose-invert light\">\n<p>Neskatoties uz kompakto izm\u0113ru,<em> Tornum<\/em> aspirators pied\u0101v\u0101 efekt\u012bvu un kvalitat\u012bvu putek\u013cu atdal\u012b\u0161anu, apstr\u0101d\u0101jot graudus un granul\u0113tus materi\u0101lus. Tam ir pulverkr\u0101sota lok\u0161\u0146u met\u0101la konstrukcija, tr\u012bs izm\u0113ru varianti un tie ir apr\u012bkoti ar taisn\u0101m radi\u0101l\u0101m l\u0101psti\u0146\u0101m.<\/p>\n<\/div>\n<\/div>\n<\/div>\n","protected":false},"featured_media":31155,"comment_status":"open","ping_status":"closed","template":"","meta":{"_acf_changed":false},"product_brand":[],"product_cat":[845,864,870,871],"product_tag":[848,872,849,873],"class_list":{"0":"post-31154","1":"product","2":"type-product","3":"status-publish","4":"has-post-thumbnail","6":"product_cat-all-products-lv","7":"product_cat-grain-lv","8":"product_cat-material-handling-lv","9":"product_cat-dust-separation-lv","10":"product_tag-axial-lv","11":"product_tag-conditioning-lv","12":"product_tag-conditioning-laterals-lv","13":"product_tag-separation-lv","14":"description-off","16":"first","17":"instock","18":"shipping-taxable","19":"product-type-simple"},"acf":[],"_links":{"self":[{"href":"https:\/\/www.tornum.com\/lv\/wp-json\/wp\/v2\/product\/31154","targetHints":{"allow":["GET"]}}],"collection":[{"href":"https:\/\/www.tornum.com\/lv\/wp-json\/wp\/v2\/product"}],"about":[{"href":"https:\/\/www.tornum.com\/lv\/wp-json\/wp\/v2\/types\/product"}],"replies":[{"embeddable":true,"href":"https:\/\/www.tornum.com\/lv\/wp-json\/wp\/v2\/comments?post=31154"}],"version-history":[{"count":2,"href":"https:\/\/www.tornum.com\/lv\/wp-json\/wp\/v2\/product\/31154\/revisions"}],"predecessor-version":[{"id":31232,"href":"https:\/\/www.tornum.com\/lv\/wp-json\/wp\/v2\/product\/31154\/revisions\/31232"}],"wp:featuredmedia":[{"embeddable":true,"href":"https:\/\/www.tornum.com\/lv\/wp-json\/wp\/v2\/media\/31155"}],"wp:attachment":[{"href":"https:\/\/www.tornum.com\/lv\/wp-json\/wp\/v2\/media?parent=31154"}],"wp:term":[{"taxonomy":"product_brand","embeddable":true,"href":"https:\/\/www.tornum.com\/lv\/wp-json\/wp\/v2\/product_brand?post=31154"},{"taxonomy":"product_cat","embeddable":true,"href":"https:\/\/www.tornum.com\/lv\/wp-json\/wp\/v2\/product_cat?post=31154"},{"taxonomy":"product_tag","embeddable":true,"href":"https:\/\/www.tornum.com\/lv\/wp-json\/wp\/v2\/product_tag?post=31154"}],"curies":[{"name":"wp","href":"https:\/\/api.w.org\/{rel}","templated":true}]}}