{"id":31156,"date":"2023-05-14T21:39:02","date_gmt":"2023-05-14T21:39:02","guid":{"rendered":"https:\/\/www.tornum.com\/product\/aspiration-filtersystem\/"},"modified":"2025-07-30T06:55:22","modified_gmt":"2025-07-30T06:55:22","slug":"aspiracijas-filtresanas-sistema","status":"publish","type":"product","link":"https:\/\/www.tornum.com\/lv\/product\/aspiracijas-filtresanas-sistema\/","title":{"rendered":"ASPIR\u0100CIJAS \/ FILTR\u0112\u0160ANAS SIST\u0112MA"},"content":{"rendered":"<div class=\"wpb-content-wrapper\"><p>[vc_row][vc_column width=&#8221;2\/3&#8243;][vc_column_text]<em>Tornum<\/em> aspir\u0101cijas sist\u0113mas ir paredz\u0113tas sa\u0146em\u0161anas \u0161aht\u0101m un transporta apr\u012bkojumam. Vakuuma rad\u012b\u0161ana sist\u0113m\u0101 nov\u0113r\u0161 putek\u013caina gaisa nopl\u016bdi vid\u0113.<\/p>\n<p><em>Tornum<\/em> izstr\u0101d\u0101 piel\u0101gotus risin\u0101jumus, lai apmierin\u0101tu ikviena klienta pras\u012bbas. M\u016bsu apr\u012bkojums samazina putek\u013cu izkliedi un optimiz\u0113 darba vidi.<\/p>\n<p>Filtra jauda ir atkar\u012bga no vair\u0101kiem parametriem.[\/vc_column_text][\/vc_column][vc_column width=&#8221;1\/3&#8243;][vc_column_text]<strong>Svar\u012bg\u0101kie faktori ir:<\/strong><br \/>\n\u2022 Produkta veids<br \/>\n\u2022 Produkta daudzums<br \/>\n\u2022 Pielietojums<br \/>\n\u2022 Vide (temperat\u016bra un gaisa mitrums)<br \/>\n\u2022 Filtra materi\u0101ls<br \/>\n\u2022 Filtra dizains[\/vc_column_text][\/vc_column][\/vc_row]<\/p>\n<\/div>","protected":false},"excerpt":{"rendered":"<div class=\"flex flex-grow flex-col gap-3 max-w-full\">\n<div class=\"min-h-[20px] flex flex-col items-start gap-3 overflow-x-auto whitespace-pre-wrap break-words\">\n<div class=\"markdown prose w-full break-words dark:prose-invert light\">\n<p><em>Tornum<\/em> pied\u0101v\u0101 aspir\u0101cijas sist\u0113mas, kas piel\u0101gotas sa\u0146em\u0161anas \u0161aht\u0101m un transporta apr\u012bkojumam, nodro\u0161inot putek\u013cu sav\u0101k\u0161anu un nov\u0113r\u0161ot to izpl\u016b\u0161anu apk\u0101rt\u0113j\u0101 vid\u0113, radot vakuumu sist\u0113m\u0101. \u0160ie piel\u0101gotie risin\u0101jumi ir izstr\u0101d\u0101ti, lai atbilstu specifisk\u0101m klientu pras\u012bb\u0101m, efekt\u012bvi samazinot putek\u013cu izkliedi un uzlabojot kop\u0113jo darba vidi.<\/p>\n<\/div>\n<\/div>\n<\/div>\n","protected":false},"featured_media":31161,"comment_status":"open","ping_status":"closed","template":"","meta":{"_acf_changed":false},"product_brand":[],"product_cat":[845,880,863,864,870,871],"product_tag":[872,881,850,873],"class_list":{"0":"post-31156","1":"product","2":"type-product","3":"status-publish","4":"has-post-thumbnail","6":"product_cat-all-products-lv","7":"product_cat-feed-lv","8":"product_cat-food-2-lv","9":"product_cat-grain-lv","10":"product_cat-material-handling-lv","11":"product_cat-dust-separation-lv","12":"product_tag-conditioning-lv","13":"product_tag-dust-lv","14":"product_tag-fan-lv","15":"product_tag-separation-lv","16":"description-off","18":"first","19":"instock","20":"shipping-taxable","21":"product-type-simple"},"acf":[],"_links":{"self":[{"href":"https:\/\/www.tornum.com\/lv\/wp-json\/wp\/v2\/product\/31156","targetHints":{"allow":["GET"]}}],"collection":[{"href":"https:\/\/www.tornum.com\/lv\/wp-json\/wp\/v2\/product"}],"about":[{"href":"https:\/\/www.tornum.com\/lv\/wp-json\/wp\/v2\/types\/product"}],"replies":[{"embeddable":true,"href":"https:\/\/www.tornum.com\/lv\/wp-json\/wp\/v2\/comments?post=31156"}],"version-history":[{"count":2,"href":"https:\/\/www.tornum.com\/lv\/wp-json\/wp\/v2\/product\/31156\/revisions"}],"predecessor-version":[{"id":31228,"href":"https:\/\/www.tornum.com\/lv\/wp-json\/wp\/v2\/product\/31156\/revisions\/31228"}],"wp:featuredmedia":[{"embeddable":true,"href":"https:\/\/www.tornum.com\/lv\/wp-json\/wp\/v2\/media\/31161"}],"wp:attachment":[{"href":"https:\/\/www.tornum.com\/lv\/wp-json\/wp\/v2\/media?parent=31156"}],"wp:term":[{"taxonomy":"product_brand","embeddable":true,"href":"https:\/\/www.tornum.com\/lv\/wp-json\/wp\/v2\/product_brand?post=31156"},{"taxonomy":"product_cat","embeddable":true,"href":"https:\/\/www.tornum.com\/lv\/wp-json\/wp\/v2\/product_cat?post=31156"},{"taxonomy":"product_tag","embeddable":true,"href":"https:\/\/www.tornum.com\/lv\/wp-json\/wp\/v2\/product_tag?post=31156"}],"curies":[{"name":"wp","href":"https:\/\/api.w.org\/{rel}","templated":true}]}}