{"id":31164,"date":"2023-04-03T11:57:24","date_gmt":"2023-04-03T11:57:24","guid":{"rendered":"https:\/\/www.tornum.com\/product\/axial-fan\/"},"modified":"2025-07-14T09:17:02","modified_gmt":"2025-07-14T09:17:02","slug":"aksialais-ventilators","status":"publish","type":"product","link":"https:\/\/www.tornum.com\/lv\/product\/aksialais-ventilators\/","title":{"rendered":"AKSI\u0100LAIS VENTILATORS"},"content":{"rendered":"<div class=\"wpb-content-wrapper\"><p>[vc_row gap=&#8221;35&#8243;][vc_column width=&#8221;2\/3&#8243;][vc_column_text]<em>Tornum<\/em> aksi\u0101los ventilatorus galvenok\u0101rt izmanto k\u0101 ies\u016bces ventilatorus caurpl\u016bdes kalt\u0113s, ta\u010du tos var izmantot ar\u012b k\u0101 kondicion\u0113\u0161anas ventilatorus m\u016bsu LT kondicion\u0113\u0161anas tvertn\u0113s. Ventilatora r\u0101mis ir izgatavots no biezas karsti cinkota t\u0113rauda loksnes, un tas ir pieejams tr\u012bs diametru versij\u0101s\u00a0\u2013 500, 630 un 1130\u00a0mm\u00a0\u2013 ar jaudu no 2,2 l\u012bdz 22\u00a0kW. Uzst\u0101dot ventilatoru kalt\u0113, m\u0113s iesak\u0101m pievienot ar\u012b klusin\u0101t\u0101ju, lai samazin\u0101tu \u0101r\u0113j\u0101 trok\u0161\u0146a l\u012bmeni.[\/vc_column_text][\/vc_column][vc_column width=&#8221;1\/3&#8243;][vc_column_text]<strong>FUNKCIJAS<\/strong><br \/>\n\u2022 Ventilatora r\u0101mis ir ra\u017eots no karsti cinkota met\u0101la, kas nodro\u0161ina lielisku aizsardz\u012bbu pret koroziju<br \/>\n\u2022 Ventilatora aizvari pieejami k\u0101 piederumi. Dubultie aizvari nodro\u0161ina lab\u0101ku veiktsp\u0113ju nek\u0101 ierastais dizains.<br \/>\n\u2022 Ventilatoru l\u0101psti\u0146as ir balans\u0113tas gan statiski, gan dinamiski<br \/>\n\u2022 \u00d8 500\u00a0mm un \u00d8 630\u00a0mm izm\u0113riem ir viengabala alum\u012bnija l\u0101psti\u0146rati, bet \u00d8 1130\u00a0mm izm\u0113ram ir plastmasas l\u0101psti\u0146as uz alum\u012bnija rumbas.[\/vc_column_text][\/vc_column][\/vc_row]<\/p>\n<\/div>","protected":false},"excerpt":{"rendered":"<p><em>Tornum<\/em> aksi\u0101lie ventilatori kalpo k\u0101 ies\u016bces ventilatori caurpl\u016bdes kalt\u0113s un var darboties ar\u012b k\u0101 kondicion\u0113\u0161anas ventilatori LT kondicion\u0113\u0161anas tvertn\u0113s. Tie ir pieejami tr\u012bs diametros (500\u00a0mm, 630\u00a0mm un 1130\u00a0mm) ar jaudu no 2,2\u00a0kW l\u012bdz 22\u00a0kW.<\/p>\n","protected":false},"featured_media":31165,"comment_status":"open","ping_status":"closed","template":"","meta":{"_acf_changed":false},"product_brand":[],"product_cat":[845,864,846,882],"product_tag":[848,872,867,850],"class_list":{"0":"post-31164","1":"product","2":"type-product","3":"status-publish","4":"has-post-thumbnail","6":"product_cat-all-products-lv","7":"product_cat-grain-lv","8":"product_cat-conditioning-lv","9":"product_cat-axial-fan-lv","10":"product_tag-axial-lv","11":"product_tag-conditioning-lv","12":"product_tag-dryer-lv","13":"product_tag-fan-lv","14":"pa_products-type-grain-lv","15":"description-off","17":"first","18":"instock","19":"shipping-taxable","20":"product-type-simple"},"acf":[],"_links":{"self":[{"href":"https:\/\/www.tornum.com\/lv\/wp-json\/wp\/v2\/product\/31164","targetHints":{"allow":["GET"]}}],"collection":[{"href":"https:\/\/www.tornum.com\/lv\/wp-json\/wp\/v2\/product"}],"about":[{"href":"https:\/\/www.tornum.com\/lv\/wp-json\/wp\/v2\/types\/product"}],"replies":[{"embeddable":true,"href":"https:\/\/www.tornum.com\/lv\/wp-json\/wp\/v2\/comments?post=31164"}],"version-history":[{"count":2,"href":"https:\/\/www.tornum.com\/lv\/wp-json\/wp\/v2\/product\/31164\/revisions"}],"predecessor-version":[{"id":31246,"href":"https:\/\/www.tornum.com\/lv\/wp-json\/wp\/v2\/product\/31164\/revisions\/31246"}],"wp:featuredmedia":[{"embeddable":true,"href":"https:\/\/www.tornum.com\/lv\/wp-json\/wp\/v2\/media\/31165"}],"wp:attachment":[{"href":"https:\/\/www.tornum.com\/lv\/wp-json\/wp\/v2\/media?parent=31164"}],"wp:term":[{"taxonomy":"product_brand","embeddable":true,"href":"https:\/\/www.tornum.com\/lv\/wp-json\/wp\/v2\/product_brand?post=31164"},{"taxonomy":"product_cat","embeddable":true,"href":"https:\/\/www.tornum.com\/lv\/wp-json\/wp\/v2\/product_cat?post=31164"},{"taxonomy":"product_tag","embeddable":true,"href":"https:\/\/www.tornum.com\/lv\/wp-json\/wp\/v2\/product_tag?post=31164"}],"curies":[{"name":"wp","href":"https:\/\/api.w.org\/{rel}","templated":true}]}}