{"id":31166,"date":"2023-05-04T09:40:05","date_gmt":"2023-05-04T09:40:05","guid":{"rendered":"https:\/\/www.tornum.com\/product\/batch-dryer-ts\/"},"modified":"2025-07-11T09:15:26","modified_gmt":"2025-07-11T09:15:26","slug":"porciju-tipa-graudu-kalte-ts","status":"publish","type":"product","link":"https:\/\/www.tornum.com\/lv\/product\/porciju-tipa-graudu-kalte-ts\/","title":{"rendered":"PORCIJU TIPA GRAUDU KALTE TS"},"content":{"rendered":"<div class=\"wpb-content-wrapper\"><p>[vc_row][vc_column width=&#8221;2\/3&#8243;][vc_column_text]<em>Tornum<\/em> porciju tipa graudu kalti <em>TS<\/em> var piel\u0101got da\u017e\u0101d\u0101m tilpuma pras\u012bb\u0101m, un t\u0101 ir apr\u012bkota ar regul\u0113jamiem aizb\u012bd\u0146iem maz\u0101ku apjomu kalt\u0113\u0161anai.<\/p>\n<p>Starp kaltes nodal\u012bjumiem ir izkrau\u0161anas sekcija un izkrau\u0161anas bunkurs, kas \u013cauj atk\u0101rtoti cirkul\u0113t graudu porciju un nav nepiecie\u0161ams iztuk\u0161ot visu tvertni. Tas pal\u012bdz nodro\u0161in\u0101t vienm\u0113r\u012bgu kalt\u0113\u0161anu, augstas kvalit\u0101tes gala produktu un siltuma ekonomiju.<\/p>\n<p>M\u016bsu graudu kaltes ir ra\u017eotas no karsti cinkota t\u0113rauda.[\/vc_column_text][\/vc_column][vc_column width=&#8221;1\/3&#8243;][vc_column_text]<strong>STANDARTAPR\u012aKOJUMS<\/strong><br \/>\n\u2022 L\u012bme\u0146a indikators<br \/>\n\u2022 Mitr\u0101 gaisa vads<br \/>\n\u2022 Izkrau\u0161anas sekcija<br \/>\n\u2022 Buferzona<\/p>\n<p><strong>PAPILDAPR\u012aKOJUMS<\/strong><br \/>\n\u2022 Ugunsgr\u0113ka signaliz\u0101cijas sist\u0113ma<br \/>\n\u2022 K\u0101pnes un platformas<br \/>\n\u2022 Palielin\u0101ta buferzona<br \/>\n\u2022 Kontroles meh\u0101nisms \u2013 mitruma satura vai temperat\u016bras kontrole<br \/>\n\u2022 Interv\u0101la izkrau\u0161ana[\/vc_column_text][\/vc_column][\/vc_row]<\/p>\n<\/div>","protected":false},"excerpt":{"rendered":"<p><em>Tornum<\/em> porciju tipa graudu kalti <em>TS<\/em> iesp\u0113jams piem\u0113rot da\u017e\u0101d\u0101m tilpuma pras\u012bb\u0101m, un t\u0101 ir apr\u012bkota ar piel\u0101gojamiem aizb\u012bd\u0146iem, lai kalt\u0113tu maz\u0101kas graudu porcijas.<\/p>\n","protected":false},"featured_media":31167,"comment_status":"open","ping_status":"closed","template":"","meta":{"_acf_changed":false},"product_brand":[],"product_cat":[845,864,884],"product_tag":[867,885,868,886],"class_list":{"0":"post-31166","1":"product","2":"type-product","3":"status-publish","4":"has-post-thumbnail","6":"product_cat-all-products-lv","7":"product_cat-grain-lv","8":"product_cat-grain-dryers-lv","9":"product_tag-dryer-lv","10":"product_tag-dryer-tk-lv","11":"product_tag-dryer-tkr-lv","12":"product_tag-hr-lv","13":"description-off","15":"first","16":"instock","17":"shipping-taxable","18":"product-type-simple"},"acf":[],"_links":{"self":[{"href":"https:\/\/www.tornum.com\/lv\/wp-json\/wp\/v2\/product\/31166","targetHints":{"allow":["GET"]}}],"collection":[{"href":"https:\/\/www.tornum.com\/lv\/wp-json\/wp\/v2\/product"}],"about":[{"href":"https:\/\/www.tornum.com\/lv\/wp-json\/wp\/v2\/types\/product"}],"replies":[{"embeddable":true,"href":"https:\/\/www.tornum.com\/lv\/wp-json\/wp\/v2\/comments?post=31166"}],"version-history":[{"count":2,"href":"https:\/\/www.tornum.com\/lv\/wp-json\/wp\/v2\/product\/31166\/revisions"}],"predecessor-version":[{"id":31247,"href":"https:\/\/www.tornum.com\/lv\/wp-json\/wp\/v2\/product\/31166\/revisions\/31247"}],"wp:featuredmedia":[{"embeddable":true,"href":"https:\/\/www.tornum.com\/lv\/wp-json\/wp\/v2\/media\/31167"}],"wp:attachment":[{"href":"https:\/\/www.tornum.com\/lv\/wp-json\/wp\/v2\/media?parent=31166"}],"wp:term":[{"taxonomy":"product_brand","embeddable":true,"href":"https:\/\/www.tornum.com\/lv\/wp-json\/wp\/v2\/product_brand?post=31166"},{"taxonomy":"product_cat","embeddable":true,"href":"https:\/\/www.tornum.com\/lv\/wp-json\/wp\/v2\/product_cat?post=31166"},{"taxonomy":"product_tag","embeddable":true,"href":"https:\/\/www.tornum.com\/lv\/wp-json\/wp\/v2\/product_tag?post=31166"}],"curies":[{"name":"wp","href":"https:\/\/api.w.org\/{rel}","templated":true}]}}