{"id":31169,"date":"2023-05-14T20:21:14","date_gmt":"2023-05-14T20:21:14","guid":{"rendered":"https:\/\/www.tornum.com\/product\/belt-conveyor-bti\/"},"modified":"2025-07-14T08:57:00","modified_gmt":"2025-07-14T08:57:00","slug":"lentes-transportieris-bti","status":"publish","type":"product","link":"https:\/\/www.tornum.com\/lv\/product\/lentes-transportieris-bti\/","title":{"rendered":"LENTES TRANSPORTIERIS BTI"},"content":{"rendered":"<p><strong>LAB\u0100KA TRANSPORT\u0112\u0160ANA<br \/>\n<\/strong>Gan lentes platums, gan atbalsta rull\u012b\u0161u un cilindra platums atbilst ISO standartiem, un tie iestat\u012bti atbilsto\u0161i lab\u0101k\u0101s prakses principiem attiec\u012bb\u0101 pret jaudu. Graudiem ir daudz vietas, un lentei ir labas kust\u012bbas iesp\u0113jas uz s\u0101niem. T\u0101pat lentes \u0101trums tiek iestat\u012bts atbilsto\u0161i lab\u0101k\u0101s prakses principiem, un transportieri, kas ir 20 vai vair\u0101k metrus gari, ir apr\u012bkoti ar atbalsta rull\u012b\u0161iem, kas nodro\u0161ina uzlabotu lentes kontroli atpaka\u013cgaitas zon\u0101. Turkl\u0101t centr\u0101lais iekr\u0101v\u0113js ir nosl\u0113gts ar PUR l\u012bsti. Citiem v\u0101rdiem sakot, nav graudu zudumu un tiek transport\u0113ti stabil\u0101k.<\/p>\n<p><strong>VIENK\u0100R\u0160\u0100KA IESTAT\u012a\u0160ANA<\/strong><br \/>\nTransportiera galam ir pla\u0161s iestat\u012b\u0161anas diapazons, kas samazina nepiecie\u0161am\u012bbu veikt lentes atk\u0101rtotu vulkaniz\u0101ciju p\u0113c t\u0101s izstiep\u0161an\u0101s. Turkl\u0101t atbalsta rull\u012b\u0161u platums padara transportieri maz\u0101k jut\u012bgu pret pa\u0161u vulkaniz\u0101cijas precizit\u0101ti. Neso\u0161ie atbalsta rull\u012b\u0161u komplekti centr\u0113 lenti, izmantojot nob\u012bdes izl\u012bdzin\u0101\u0161anu, un abu neso\u0161o rull\u012b\u0161u poz\u012bciju var regul\u0113t atsevi\u0161\u0137i, lai prec\u012bz\u0101k iestat\u012btu lentes g\u0101jienu un piel\u0101gotu nob\u012bdes izl\u012bdzin\u0101\u0161anu, lai nodro\u0161in\u0101tu reversu darb\u012bbu.<\/p>\n<p><strong>VIENK\u0100R\u0160A MONT\u0100\u017dA<\/strong><br \/>\nK\u0101 vienm\u0113r, m\u0113s esam par\u016bp\u0113ju\u0161ies, lai mont\u0101\u017ea b\u016btu vienk\u0101r\u0161a un \u0113rta. T\u0101pat k\u0101 visi<em> Skandia<\/em> elevatori, ar\u012b <em>BTI<\/em> ir da\u013ca no modul\u0101ras sist\u0113mas. Tas atvieglo mont\u0101\u017eu un piel\u0101go\u0161anu, pateicoties kontrol\u0113tiem procesiem un piem\u0113rot\u012bbai. Vienk\u0101r\u0161\u0101 mont\u0101\u017ea un m\u016bsu produktu in\u017eeniertehnisk\u0101s \u012bpa\u0161\u012bbas pal\u012bdz rad\u012bt taisn\u0101ku un stabil\u0101ku iek\u0101rtu jau pa\u0161\u0101 s\u0101kum\u0101, un piepras\u012bjums p\u0113c \u0161\u0101das iek\u0101rtas tirg\u016b ir augsts.<\/p>\n<p><strong>ELAST\u012aBA<\/strong><br \/>\n<em>BTI<\/em> ir paredz\u0113ts vis\u0101m iesp\u0113jam\u0101m vid\u0113m un uzst\u0101d\u012b\u0161anas risin\u0101jumiem gan \u0101r\u0101, gan telp\u0101s. Pa\u0161neso\u0161ais garums ir l\u012bdz 6 metriem. <em>BTI<\/em> ir pieejami tr\u012bs da\u017e\u0101di mode\u013ci, un katram modelim ir divas da\u017e\u0101das jaudas. Neatkar\u012bgi no izm\u0113ra katr\u0101 iek\u0101rt\u0101 var uzst\u0101d\u012bt lentes transportieri, kas ir ide\u0101li piem\u0113rots un nepat\u0113r\u0113 vair\u0101k ener\u0123ijas, k\u0101 nepiecie\u0161ams.<\/p>\n<p><strong>NEP\u0100RSP\u0112JAMA KVALIT\u0100TE<\/strong><br \/>\n<em>Skandia<\/em> elevators nekad nepie\u013cauj kompromisus attiec\u012bb\u0101 uz kvalit\u0101ti. Tiek izmantoti tikai lab\u0101kie materi\u0101li un sast\u0101vda\u013cas. Tas nodro\u0161ina dro\u0161\u0101ku darb\u012bbu, ilg\u0101ku kalpo\u0161anas laiku un zem\u0101kas remonta izmaksas.<\/p>\n","protected":false},"excerpt":{"rendered":"<p><em>Skandia<\/em> lentes transportieris <em>BTI<\/em> ir paredz\u0113ts efekt\u012bvai un uzticamai graudu p\u0101rvieto\u0161anai, \u012bpa\u0161u uzman\u012bbu piev\u0113r\u0161ot izkliedes nov\u0113r\u0161anai. Tas pied\u0101v\u0101 vienk\u0101r\u0161otu iestat\u012b\u0161anu un mont\u0101\u017eu, samazinot nepiecie\u0161am\u012bbu p\u0113c atk\u0101rtotas lentes vulkaniz\u0101cijas un nodro\u0161inot taisn\u0101ku un stabil\u0101ku ma\u0161\u012bnu, savuk\u0101rt t\u0101s elast\u012bgums \u013cauj to izmantot da\u017e\u0101d\u0101s vid\u0113s un iek\u0101rt\u0101s.<\/p>\n","protected":false},"featured_media":31170,"comment_status":"open","ping_status":"closed","template":"","meta":{"_acf_changed":false},"product_brand":[],"product_cat":[845,880,863,864,870,887],"product_tag":[888,889,867,890],"class_list":{"0":"post-31169","1":"product","2":"type-product","3":"status-publish","4":"has-post-thumbnail","6":"product_cat-all-products-lv","7":"product_cat-feed-lv","8":"product_cat-food-2-lv","9":"product_cat-grain-lv","10":"product_cat-material-handling-lv","11":"product_cat-belt-conveyors-lv","12":"product_tag-bin-lv","13":"product_tag-conveyor-lv","14":"product_tag-dryer-lv","15":"product_tag-transport-lv","16":"description-off","18":"first","19":"instock","20":"shipping-taxable","21":"product-type-simple"},"acf":[],"_links":{"self":[{"href":"https:\/\/www.tornum.com\/lv\/wp-json\/wp\/v2\/product\/31169","targetHints":{"allow":["GET"]}}],"collection":[{"href":"https:\/\/www.tornum.com\/lv\/wp-json\/wp\/v2\/product"}],"about":[{"href":"https:\/\/www.tornum.com\/lv\/wp-json\/wp\/v2\/types\/product"}],"replies":[{"embeddable":true,"href":"https:\/\/www.tornum.com\/lv\/wp-json\/wp\/v2\/comments?post=31169"}],"version-history":[{"count":2,"href":"https:\/\/www.tornum.com\/lv\/wp-json\/wp\/v2\/product\/31169\/revisions"}],"predecessor-version":[{"id":31258,"href":"https:\/\/www.tornum.com\/lv\/wp-json\/wp\/v2\/product\/31169\/revisions\/31258"}],"wp:featuredmedia":[{"embeddable":true,"href":"https:\/\/www.tornum.com\/lv\/wp-json\/wp\/v2\/media\/31170"}],"wp:attachment":[{"href":"https:\/\/www.tornum.com\/lv\/wp-json\/wp\/v2\/media?parent=31169"}],"wp:term":[{"taxonomy":"product_brand","embeddable":true,"href":"https:\/\/www.tornum.com\/lv\/wp-json\/wp\/v2\/product_brand?post=31169"},{"taxonomy":"product_cat","embeddable":true,"href":"https:\/\/www.tornum.com\/lv\/wp-json\/wp\/v2\/product_cat?post=31169"},{"taxonomy":"product_tag","embeddable":true,"href":"https:\/\/www.tornum.com\/lv\/wp-json\/wp\/v2\/product_tag?post=31169"}],"curies":[{"name":"wp","href":"https:\/\/api.w.org\/{rel}","templated":true}]}}