{"id":31171,"date":"2023-05-14T20:23:45","date_gmt":"2023-05-14T20:23:45","guid":{"rendered":"https:\/\/www.tornum.com\/product\/belt-conveyor-jema\/"},"modified":"2025-07-30T07:21:02","modified_gmt":"2025-07-30T07:21:02","slug":"lentes-transportieris-jema","status":"publish","type":"product","link":"https:\/\/www.tornum.com\/lv\/product\/lentes-transportieris-jema\/","title":{"rendered":"LENTES TRANSPORTIERIS JEMA"},"content":{"rendered":"<div class=\"wpb-content-wrapper\"><p>[vc_row][vc_column width=&#8221;2\/3&#8243;][vc_column_text]<em>Tornum<\/em> pied\u0101v\u0101 lentes transportierus, kas galvenok\u0101rt paredz\u0113ti izmanto\u0161anai graudu un e\u013c\u013cas ra\u017eotn\u0113s.<br \/>\nTie ir modul\u0101ri un izgatavoti no karsti cinkota t\u0113rauda. Transportiera le\u0146\u0137veida atbalsta rull\u012b\u0161i nodro\u0161ina dro\u0161u un energoefekt\u012bvu transport\u0113\u0161anu.<\/p>\n<p><em>Tornum<\/em> lentes transportieri ir pieejami l\u012bdz pat 100 metru garum\u0101 ar jaudu no 60 l\u012bdz 300 tonn\u0101m\/h. Tie ir pieejami revers\u0101 un\/vai sl\u012bp\u0101 re\u017e\u012bm\u0101. Pret e\u013c\u013cu notur\u012bg\u0101s lentes ir standarta apr\u012bkojums.[\/vc_column_text][\/vc_column][vc_column width=&#8221;1\/3&#8243;][vc_column_text]<strong>PAPILDAPR\u012aKOJUMS<\/strong><br \/>\n\u2022 Manu\u0101ls vai motoriz\u0113ts autom\u0101tiskais izkr\u0101v\u0113js ar ieb\u016bv\u0113tu sadal\u012bt\u0101ju<br \/>\n\u2022 Aizsardz\u012bba pret nelabv\u0113l\u012bgiem laikapst\u0101k\u013ciem, novietojot \u0101rpus telp\u0101m<br \/>\n\u2022 Da\u017e\u0101di uzpildes un izkrau\u0161anas bunkuri[\/vc_column_text][\/vc_column][\/vc_row]<\/p>\n<\/div>","protected":false},"excerpt":{"rendered":"<div class=\"flex flex-grow flex-col gap-3 max-w-full\">\n<div class=\"min-h-[20px] flex flex-col items-start gap-3 overflow-x-auto whitespace-pre-wrap break-words\">\n<div class=\"markdown prose w-full break-words dark:prose-invert light\">\n<p><em>Tornum<\/em> pied\u0101v\u0101 modu\u013cu lentes transportierus no karsti cinkota t\u0113rauda, kas galvenok\u0101rt paredz\u0113ti izmanto\u0161anai graudu un e\u013c\u013cas ra\u017eotn\u0113s. Lentes transportieri pied\u0101v\u0101 dro\u0161u un energoefekt\u012bvu transport\u0113\u0161anu ar le\u0146\u0137veida konveijera atbalsta rull\u012b\u0161iem un l\u012bdz pat 100 metru garum\u0101 un jaudu no 60 l\u012bdz 300 tonn\u0101m\/h.<\/p>\n<\/div>\n<\/div>\n<\/div>\n","protected":false},"featured_media":31172,"comment_status":"open","ping_status":"closed","template":"","meta":{"_acf_changed":false},"product_brand":[],"product_cat":[845,880,863,864,870,887],"product_tag":[888,889,867,890],"class_list":{"0":"post-31171","1":"product","2":"type-product","3":"status-publish","4":"has-post-thumbnail","6":"product_cat-all-products-lv","7":"product_cat-feed-lv","8":"product_cat-food-2-lv","9":"product_cat-grain-lv","10":"product_cat-material-handling-lv","11":"product_cat-belt-conveyors-lv","12":"product_tag-bin-lv","13":"product_tag-conveyor-lv","14":"product_tag-dryer-lv","15":"product_tag-transport-lv","16":"description-off","18":"first","19":"instock","20":"shipping-taxable","21":"product-type-simple"},"acf":[],"_links":{"self":[{"href":"https:\/\/www.tornum.com\/lv\/wp-json\/wp\/v2\/product\/31171","targetHints":{"allow":["GET"]}}],"collection":[{"href":"https:\/\/www.tornum.com\/lv\/wp-json\/wp\/v2\/product"}],"about":[{"href":"https:\/\/www.tornum.com\/lv\/wp-json\/wp\/v2\/types\/product"}],"replies":[{"embeddable":true,"href":"https:\/\/www.tornum.com\/lv\/wp-json\/wp\/v2\/comments?post=31171"}],"version-history":[{"count":2,"href":"https:\/\/www.tornum.com\/lv\/wp-json\/wp\/v2\/product\/31171\/revisions"}],"predecessor-version":[{"id":31263,"href":"https:\/\/www.tornum.com\/lv\/wp-json\/wp\/v2\/product\/31171\/revisions\/31263"}],"wp:featuredmedia":[{"embeddable":true,"href":"https:\/\/www.tornum.com\/lv\/wp-json\/wp\/v2\/media\/31172"}],"wp:attachment":[{"href":"https:\/\/www.tornum.com\/lv\/wp-json\/wp\/v2\/media?parent=31171"}],"wp:term":[{"taxonomy":"product_brand","embeddable":true,"href":"https:\/\/www.tornum.com\/lv\/wp-json\/wp\/v2\/product_brand?post=31171"},{"taxonomy":"product_cat","embeddable":true,"href":"https:\/\/www.tornum.com\/lv\/wp-json\/wp\/v2\/product_cat?post=31171"},{"taxonomy":"product_tag","embeddable":true,"href":"https:\/\/www.tornum.com\/lv\/wp-json\/wp\/v2\/product_tag?post=31171"}],"curies":[{"name":"wp","href":"https:\/\/api.w.org\/{rel}","templated":true}]}}