{"id":31174,"date":"2023-04-03T12:49:18","date_gmt":"2023-04-03T12:49:18","guid":{"rendered":"https:\/\/www.tornum.com\/product\/bucket-and-chain-elevator-pits\/"},"modified":"2025-07-30T07:28:04","modified_gmt":"2025-07-30T07:28:04","slug":"kausu-un-kezu-elevatoru-sahtas","status":"publish","type":"product","link":"https:\/\/www.tornum.com\/lv\/product\/kausu-un-kezu-elevatoru-sahtas\/","title":{"rendered":"KAUSU UN \u0136\u0112\u017dU ELEVATORU \u0160AHTAS"},"content":{"rendered":"<div class=\"wpb-content-wrapper\"><p>[vc_row gap=&#8221;35&#8243;][vc_column width=&#8221;1\/2&#8243;][vc_column_text]<em>Tornum<\/em> kausu un \u0137\u0113\u017eu elevatoru \u0161ahtas ir pa\u0161izkraujo\u0161as. Funkcija darbojas, sa\u0146em\u0161anas nodal\u012bjumam iztuk\u0161ojoties ar gravit\u0101cijas sp\u0113ku. Abi elevatori ir piem\u0113roti past\u0101v\u012bgai uzst\u0101d\u012b\u0161anai uz betona pamata. Kausu elevatora \u0161ahtas lielais dzi\u013cums bie\u017ei vien ir priek\u0161roc\u012bba, jo dabisko krituma efektu uz elevatoru iesp\u0113jams izmantot ar\u012b no tvertn\u0113m un kaltes. \u0136\u0113\u017eu elevatora \u0161ahtas sa\u0146em\u0161anas nodal\u012bjumu iesp\u0113jams aizv\u0113rt ar aizb\u012bdni, lai izmantotu \u0137\u0113\u017eu elevatoru kaltes iztuk\u0161o\u0161anai.[\/vc_column_text][\/vc_column][vc_column width=&#8221;1\/2&#8243;][vc_column_text]<strong>FUNKCIJAS<\/strong><br \/>\n\u2022 Grunt\u0113jums un virsmas kr\u0101sojums nodro\u0161ina veiksm\u012bgu aizsardz\u012bbu pret koroziju<br \/>\n\u2022 Apr\u012bkots ar iztur\u012bg\u0101m, slie\u017eu balstsij\u0101m.<br \/>\n\u2022 \u0160ahtai ir gluda iek\u0161puse, kas nodro\u0161ina labus higi\u0113niskos apst\u0101k\u013cus, un tai nepiecie\u0161ama minim\u0101la t\u012br\u012b\u0161ana<br \/>\n\u2022 Elevatora nodal\u012bjumu iesp\u0113jams nosegt<\/p>\n<p><strong>PAPILDAPR\u012aKOJUMS<\/strong><br \/>\n\u2022 Neso\u0161ie re\u017e\u0123i<br \/>\n\u2022 Sa\u0146em\u0161anas \u0161ahtas s\u0101nu aizsardz\u012bba<br \/>\n\u2022 L\u012bme\u0146a indikators[\/vc_column_text][\/vc_column][\/vc_row]<\/p>\n<\/div>","protected":false},"excerpt":{"rendered":"<p><em>Tornum <\/em>pa\u0161iztuk\u0161o\u0161an\u0101s kausu un \u0137\u0113\u017eu elevatoru \u0161ahtas iztuk\u0161o\u0161anai izmanto gravit\u0101ciju, t\u0101p\u0113c t\u0101s ir ide\u0101li piem\u0113rotas past\u0101v\u012bgai uzst\u0101d\u012b\u0161anai uz betona pamata.<\/p>\n","protected":false},"featured_media":31175,"comment_status":"open","ping_status":"closed","template":"","meta":{"_acf_changed":false},"product_brand":[],"product_cat":[845,880,863,864,870,891,892],"product_tag":[893,894,867,895],"class_list":{"0":"post-31174","1":"product","2":"type-product","3":"status-publish","4":"has-post-thumbnail","6":"product_cat-all-products-lv","7":"product_cat-feed-lv","8":"product_cat-food-2-lv","9":"product_cat-grain-lv","10":"product_cat-material-handling-lv","11":"product_cat-intake-pit-lv","12":"product_cat-intake-pit-storage-lv","13":"product_tag-bucket-lv","14":"product_tag-chain-lv","15":"product_tag-dryer-lv","16":"product_tag-elevator-lv","17":"pa_products-type-feed-lv","18":"description-off","20":"first","21":"instock","22":"shipping-taxable","23":"product-type-simple"},"acf":[],"_links":{"self":[{"href":"https:\/\/www.tornum.com\/lv\/wp-json\/wp\/v2\/product\/31174","targetHints":{"allow":["GET"]}}],"collection":[{"href":"https:\/\/www.tornum.com\/lv\/wp-json\/wp\/v2\/product"}],"about":[{"href":"https:\/\/www.tornum.com\/lv\/wp-json\/wp\/v2\/types\/product"}],"replies":[{"embeddable":true,"href":"https:\/\/www.tornum.com\/lv\/wp-json\/wp\/v2\/comments?post=31174"}],"version-history":[{"count":2,"href":"https:\/\/www.tornum.com\/lv\/wp-json\/wp\/v2\/product\/31174\/revisions"}],"predecessor-version":[{"id":31267,"href":"https:\/\/www.tornum.com\/lv\/wp-json\/wp\/v2\/product\/31174\/revisions\/31267"}],"wp:featuredmedia":[{"embeddable":true,"href":"https:\/\/www.tornum.com\/lv\/wp-json\/wp\/v2\/media\/31175"}],"wp:attachment":[{"href":"https:\/\/www.tornum.com\/lv\/wp-json\/wp\/v2\/media?parent=31174"}],"wp:term":[{"taxonomy":"product_brand","embeddable":true,"href":"https:\/\/www.tornum.com\/lv\/wp-json\/wp\/v2\/product_brand?post=31174"},{"taxonomy":"product_cat","embeddable":true,"href":"https:\/\/www.tornum.com\/lv\/wp-json\/wp\/v2\/product_cat?post=31174"},{"taxonomy":"product_tag","embeddable":true,"href":"https:\/\/www.tornum.com\/lv\/wp-json\/wp\/v2\/product_tag?post=31174"}],"curies":[{"name":"wp","href":"https:\/\/api.w.org\/{rel}","templated":true}]}}