{"id":31176,"date":"2023-01-29T20:07:08","date_gmt":"2023-01-29T20:07:08","guid":{"rendered":"https:\/\/www.tornum.com\/product\/buhler-grainplus-laga\/"},"modified":"2025-07-30T08:03:45","modified_gmt":"2025-07-30T08:03:45","slug":"buhler-grainplus-laga","status":"publish","type":"product","link":"https:\/\/www.tornum.com\/lv\/product\/buhler-grainplus-laga\/","title":{"rendered":"B\u00dcHLER GRAINPLUS\u2122 \u2013 LAGA"},"content":{"rendered":"<div class=\"wpb-content-wrapper\"><p>[vc_row][vc_column width=&#8221;2\/3&#8243;][vc_column_text]<em>GrainPLUS<\/em>\u2122 ir univers\u0101la t\u012br\u012b\u0161anas iek\u0101rta par pieejamu cenu, kas paredz\u0113ta graudu ievades t\u012br\u012b\u0161anai, un t\u0101 piem\u0113rota ar\u012b mie\u017eu t\u012br\u012b\u0161anai un \u0161\u0137iro\u0161anai. <em>GrainPLUS<\/em>\u2122 paredz\u0113ts nozar\u0113m ar zem\u0101k\u0101m jaudas pras\u012bb\u0101m, bet ar ilgu darb\u012bbas laiku un nevainojamu darb\u012bbu. Iztur\u012bga konstrukcija garant\u0113 ilgu kalpo\u0161anas laiku. <em>GrainPLUS<\/em>\u2122 ir pieejami 3 mode\u013ci ar jaudu no 12 l\u012bdz 50\u00a0t\/h.[\/vc_column_text][\/vc_column][vc_column width=&#8221;1\/3&#8243;][vc_column_text]<strong>FUNKCIJAS<\/strong><br \/>\n\u2022 Sv\u0101rst\u012bgs sieta nodal\u012bjums nodro\u0161ina nevainojamu un stabilu darb\u012bbu<br \/>\n\u2022 Minim\u0101las pras\u012bbas pamatnei<br \/>\n\u2022 T\u0113rauda sieta kasetes ar lod\u012b\u0161u veida t\u012br\u012b\u0161anu<br \/>\n\u2022 Piln\u012bb\u0101 norobe\u017eots sieta nodal\u012bjums aizsardz\u012bbai pret putek\u013ciem<br \/>\n\u2022 Izkrau\u0161anas sekcija ar pace\u013camu gaisvadu<\/p>\n<p><strong>PAPILDAPR\u012aKOJUMS<\/strong><br \/>\n\u2022 Ievades nodal\u012bjums ar aspir\u0101cijas un padeves rull\u012bti<br \/>\n\u2022 Izkrau\u0161anas bunkurs ar magn\u0113tu<br \/>\n\u2022\u00a0<a href=\"https:\/\/www.tornum.com\/product\/cyclone\/\">Ciklonseparators<\/a><br \/>\n\u2022 Ventilators<br \/>\n\u2022 Filtrs[\/vc_column_text][\/vc_column][\/vc_row]<\/p>\n<\/div>","protected":false},"excerpt":{"rendered":"<p><em>GrainPLUS\u2122<\/em> ir ekonomiska univers\u0101la t\u012br\u012b\u0161anas iek\u0101rta, kas paredz\u0113ta graudu ievades t\u012br\u012b\u0161anai, un t\u0101 piem\u0113rota ar\u012b mie\u017eu t\u012br\u012b\u0161anai un \u0161\u0137iro\u0161anai.<\/p>\n","protected":false},"featured_media":31178,"comment_status":"open","ping_status":"closed","template":"","meta":{"_acf_changed":false},"product_brand":[],"product_cat":[845,880,863,864,870,897],"product_tag":[898,899,881,873],"class_list":{"0":"post-31176","1":"product","2":"type-product","3":"status-publish","4":"has-post-thumbnail","6":"product_cat-all-products-lv","7":"product_cat-feed-lv","8":"product_cat-food-2-lv","9":"product_cat-grain-lv","10":"product_cat-material-handling-lv","11":"product_cat-cleaning-machines-lv","12":"product_tag-cleaning-lv","13":"product_tag-dc-remover-lv","14":"product_tag-dust-lv","15":"product_tag-separation-lv","16":"pa_products-type-all-products-lv","17":"pa_products-type-feed-lv","18":"description-off","20":"first","21":"instock","22":"shipping-taxable","23":"product-type-simple"},"acf":[],"_links":{"self":[{"href":"https:\/\/www.tornum.com\/lv\/wp-json\/wp\/v2\/product\/31176","targetHints":{"allow":["GET"]}}],"collection":[{"href":"https:\/\/www.tornum.com\/lv\/wp-json\/wp\/v2\/product"}],"about":[{"href":"https:\/\/www.tornum.com\/lv\/wp-json\/wp\/v2\/types\/product"}],"replies":[{"embeddable":true,"href":"https:\/\/www.tornum.com\/lv\/wp-json\/wp\/v2\/comments?post=31176"}],"version-history":[{"count":3,"href":"https:\/\/www.tornum.com\/lv\/wp-json\/wp\/v2\/product\/31176\/revisions"}],"predecessor-version":[{"id":50452,"href":"https:\/\/www.tornum.com\/lv\/wp-json\/wp\/v2\/product\/31176\/revisions\/50452"}],"wp:featuredmedia":[{"embeddable":true,"href":"https:\/\/www.tornum.com\/lv\/wp-json\/wp\/v2\/media\/31178"}],"wp:attachment":[{"href":"https:\/\/www.tornum.com\/lv\/wp-json\/wp\/v2\/media?parent=31176"}],"wp:term":[{"taxonomy":"product_brand","embeddable":true,"href":"https:\/\/www.tornum.com\/lv\/wp-json\/wp\/v2\/product_brand?post=31176"},{"taxonomy":"product_cat","embeddable":true,"href":"https:\/\/www.tornum.com\/lv\/wp-json\/wp\/v2\/product_cat?post=31176"},{"taxonomy":"product_tag","embeddable":true,"href":"https:\/\/www.tornum.com\/lv\/wp-json\/wp\/v2\/product_tag?post=31176"}],"curies":[{"name":"wp","href":"https:\/\/api.w.org\/{rel}","templated":true}]}}