{"id":31181,"date":"2023-03-05T22:37:28","date_gmt":"2023-03-05T22:37:28","guid":{"rendered":"https:\/\/www.tornum.com\/product\/buhler-sma-laca\/"},"modified":"2025-07-30T08:22:44","modified_gmt":"2025-07-30T08:22:44","slug":"buhler-sma-laca","status":"publish","type":"product","link":"https:\/\/www.tornum.com\/lv\/product\/buhler-sma-laca\/","title":{"rendered":"B\u00dcHLER SMA \u2013 LACB"},"content":{"rendered":"<div class=\"wpb-content-wrapper\"><p>[vc_row gap=&#8221;35&#8243;][vc_column width=&#8221;2\/3&#8243;][vc_column_text]<\/p>\n<h3><strong>UNIVERS\u0100L\u0100 T\u012aR\u012a\u0160ANAS IEK\u0100RTA <em>B\u00dcHLER LACB SMA 203-3 \/ 206-6<\/em><\/strong><\/h3>\n<p><em>SMA<\/em> ir univers\u0101la t\u012br\u012b\u0161anas iek\u0101rta par pieejamu cenu, kas paredz\u0113ta graudu ievades t\u012br\u012b\u0161anai, un t\u0101 piem\u0113rota ar\u012b mie\u017eu t\u012br\u012b\u0161anai un \u0161\u0137iro\u0161anai. Iztur\u012bgais dizains garant\u0113 ilgu kalpo\u0161anas laiku un nevainojamu darb\u012bbu. Pieejami pieci <em>SMA<\/em> mode\u013ci ar jaudu no 12 l\u012bdz 220 t\/h.[\/vc_column_text][\/vc_column][vc_column width=&#8221;1\/3&#8243;][vc_column_text]<strong>FUNKCIJAS<\/strong><br \/>\n\u2022 Sv\u0101rst\u012bgs sieta nodal\u012bjums nodro\u0161ina nevainojamu un stabilu darb\u012bbu<br \/>\n\u2022 Minim\u0101las pras\u012bbas pamatnei<br \/>\n\u2022 T\u0113rauda sieta kasetes ar lod\u012b\u0161u veida t\u012br\u012b\u0161anu<br \/>\n\u2022 Piln\u012bb\u0101 norobe\u017eots sieta nodal\u012bjums aizsardz\u012bbai pret putek\u013ciem<br \/>\n\u2022 Izkrau\u0161anas sekcija ar pace\u013camu gaisvadu<br \/>\n\u2022 Ievades nodal\u012bjums ar aspir\u0101cijas un padeves rull\u012bti (203. un 206.\u00a0modelim)<\/p>\n<p><strong>PAPILDAPR\u012aKOJUMS<\/strong><br \/>\n\u2022 Izkrau\u0161anas bunkurs ar magn\u0113tu<br \/>\n\u2022 Ventilators<br \/>\n\u2022 Ciklonseparators<br \/>\n\u2022 Filtrs[\/vc_column_text][\/vc_column][\/vc_row]<\/p>\n<\/div>","protected":false},"excerpt":{"rendered":"<div class=\"flex flex-grow flex-col gap-3 max-w-full\">\n<div class=\"min-h-[20px] flex flex-col items-start gap-3 overflow-x-auto whitespace-pre-wrap break-words\">\n<div class=\"markdown prose w-full break-words dark:prose-invert light\">\n<p><em>SMA<\/em> ir iztur\u012bga un univers\u0101la t\u012br\u012b\u0161anas iek\u0101rta par pieejamu cenu, kas paredz\u0113ta graudu ievades t\u012br\u012b\u0161anai, smalkai t\u012br\u012b\u0161anai un mie\u017eu \u0161\u0137iro\u0161anai, pieejama piecos mode\u013cos ar jaudu no 12 l\u012bdz 220 tonn\u0101m\/h, nodro\u0161inot ilgsto\u0161u un nevainojamu darb\u012bbu.<\/p>\n<\/div>\n<\/div>\n<\/div>\n","protected":false},"featured_media":48260,"comment_status":"open","ping_status":"closed","template":"","meta":{"_acf_changed":false},"product_brand":[],"product_cat":[845,863,864,870,897],"product_tag":[898,899,881,873],"class_list":{"0":"post-31181","1":"product","2":"type-product","3":"status-publish","4":"has-post-thumbnail","6":"product_cat-all-products-lv","7":"product_cat-food-2-lv","8":"product_cat-grain-lv","9":"product_cat-material-handling-lv","10":"product_cat-cleaning-machines-lv","11":"product_tag-cleaning-lv","12":"product_tag-dc-remover-lv","13":"product_tag-dust-lv","14":"product_tag-separation-lv","15":"pa_products-type-all-products-lv","16":"pa_products-type-grain-lv","17":"description-off","19":"first","20":"instock","21":"shipping-taxable","22":"product-type-simple"},"acf":[],"_links":{"self":[{"href":"https:\/\/www.tornum.com\/lv\/wp-json\/wp\/v2\/product\/31181","targetHints":{"allow":["GET"]}}],"collection":[{"href":"https:\/\/www.tornum.com\/lv\/wp-json\/wp\/v2\/product"}],"about":[{"href":"https:\/\/www.tornum.com\/lv\/wp-json\/wp\/v2\/types\/product"}],"replies":[{"embeddable":true,"href":"https:\/\/www.tornum.com\/lv\/wp-json\/wp\/v2\/comments?post=31181"}],"version-history":[{"count":2,"href":"https:\/\/www.tornum.com\/lv\/wp-json\/wp\/v2\/product\/31181\/revisions"}],"predecessor-version":[{"id":31295,"href":"https:\/\/www.tornum.com\/lv\/wp-json\/wp\/v2\/product\/31181\/revisions\/31295"}],"wp:featuredmedia":[{"embeddable":true,"href":"https:\/\/www.tornum.com\/lv\/wp-json\/wp\/v2\/media\/48260"}],"wp:attachment":[{"href":"https:\/\/www.tornum.com\/lv\/wp-json\/wp\/v2\/media?parent=31181"}],"wp:term":[{"taxonomy":"product_brand","embeddable":true,"href":"https:\/\/www.tornum.com\/lv\/wp-json\/wp\/v2\/product_brand?post=31181"},{"taxonomy":"product_cat","embeddable":true,"href":"https:\/\/www.tornum.com\/lv\/wp-json\/wp\/v2\/product_cat?post=31181"},{"taxonomy":"product_tag","embeddable":true,"href":"https:\/\/www.tornum.com\/lv\/wp-json\/wp\/v2\/product_tag?post=31181"}],"curies":[{"name":"wp","href":"https:\/\/api.w.org\/{rel}","templated":true}]}}