{"id":31186,"date":"2023-05-14T21:11:40","date_gmt":"2023-05-14T21:11:40","guid":{"rendered":"https:\/\/www.tornum.com\/product\/buhler-tas-laab\/"},"modified":"2025-07-30T08:37:38","modified_gmt":"2025-07-30T08:37:38","slug":"buhler-tas-laab","status":"publish","type":"product","link":"https:\/\/www.tornum.com\/lv\/product\/buhler-tas-laab\/","title":{"rendered":"B\u00dcHLER TAS\u2122 \u2013 LAAB"},"content":{"rendered":"<div class=\"wpb-content-wrapper\"><p>[vc_row][vc_column width=&#8221;2\/3&#8243;][vc_column_text]<em>TAS\u2122<\/em> univers\u0101l\u0101 t\u012br\u012b\u0161anas iek\u0101rta galvenok\u0101rt ir paredz\u0113ta graudu un citu granulveida materi\u0101lu priek\u0161att\u012br\u012b\u0161anai, ta\u010du to var izmantot ar\u012b \u0161\u0137irojo\u0161ai t\u012br\u012b\u0161anai. Iztur\u012bgais dizains garant\u0113 ilgu kalpo\u0161anas laiku un uzticamu darb\u012bbu. Pieejami asto\u0146i <em>TAS<\/em>\u2122 mode\u013ci da\u017e\u0101diem nol\u016bkiem ar jaudu no 60 l\u012bdz 250 t\/h.[\/vc_column_text][\/vc_column][vc_column width=&#8221;1\/3&#8243;][vc_column_text]<strong>FUNKCIJAS<br \/>\n\u2022<\/strong>\u00a0Sv\u0101rst\u012bgs siena nodal\u012bjums nodro\u0161ina nevainojamu un stabilu darb\u012bbu<br \/>\n\u2022 Minim\u0101las pras\u012bbas pamatnei<br \/>\n\u2022 T\u0113rauda sieta kasetes ar lod\u012b\u0161u veida t\u012br\u012b\u0161anu<br \/>\n\u2022 Piln\u012bb\u0101 norobe\u017eots sieta nodal\u012bjums aizsardz\u012bbai pret putek\u013ciem<br \/>\n\u2022 Pirms un p\u0113cs\u016bkn\u0113\u0161anas cauru\u013cvadi tiek pieg\u0101d\u0101ti k\u0101 standartapr\u012bkojums<br \/>\n\u2022 Ievades nodal\u012bjums ar aspir\u0101cijas un padeves rull\u012bti<br \/>\n\u2022 Izkrau\u0161anas sekcija ar pace\u013camu gaisvadu<\/p>\n<p><strong>PAPILDAPR\u012aKOJUMS<\/strong><br \/>\n\u2022 Sieta p\u0101rsl\u0113g\u0161anas atloks dubultai t\u012br\u012b\u0161anai<br \/>\n\u2022 Ventilators<br \/>\n\u2022 Ciklonseparators<br \/>\n\u2022 Filtrs[\/vc_column_text][\/vc_column][\/vc_row]<\/p>\n<\/div>","protected":false},"excerpt":{"rendered":"<p><em>TAS\u2122<\/em> univers\u0101l\u0101 t\u012br\u012b\u0161anas iek\u0101rta galvenok\u0101rt ir paredz\u0113ta graudu un granulveida materi\u0101lu priek\u0161att\u012br\u012b\u0161anai, bet vajadz\u012bbas gad\u012bjum\u0101 to var izmantot ar\u012b \u0161\u0137irojo\u0161ai t\u012br\u012b\u0161anai.<\/p>\n","protected":false},"featured_media":31188,"comment_status":"open","ping_status":"closed","template":"","meta":{"_acf_changed":false},"product_brand":[],"product_cat":[845,863,864,870,897],"product_tag":[898,899,881,873],"class_list":{"0":"post-31186","1":"product","2":"type-product","3":"status-publish","4":"has-post-thumbnail","6":"product_cat-all-products-lv","7":"product_cat-food-2-lv","8":"product_cat-grain-lv","9":"product_cat-material-handling-lv","10":"product_cat-cleaning-machines-lv","11":"product_tag-cleaning-lv","12":"product_tag-dc-remover-lv","13":"product_tag-dust-lv","14":"product_tag-separation-lv","15":"description-off","17":"first","18":"instock","19":"shipping-taxable","20":"product-type-simple"},"acf":[],"_links":{"self":[{"href":"https:\/\/www.tornum.com\/lv\/wp-json\/wp\/v2\/product\/31186","targetHints":{"allow":["GET"]}}],"collection":[{"href":"https:\/\/www.tornum.com\/lv\/wp-json\/wp\/v2\/product"}],"about":[{"href":"https:\/\/www.tornum.com\/lv\/wp-json\/wp\/v2\/types\/product"}],"replies":[{"embeddable":true,"href":"https:\/\/www.tornum.com\/lv\/wp-json\/wp\/v2\/comments?post=31186"}],"version-history":[{"count":3,"href":"https:\/\/www.tornum.com\/lv\/wp-json\/wp\/v2\/product\/31186\/revisions"}],"predecessor-version":[{"id":50500,"href":"https:\/\/www.tornum.com\/lv\/wp-json\/wp\/v2\/product\/31186\/revisions\/50500"}],"wp:featuredmedia":[{"embeddable":true,"href":"https:\/\/www.tornum.com\/lv\/wp-json\/wp\/v2\/media\/31188"}],"wp:attachment":[{"href":"https:\/\/www.tornum.com\/lv\/wp-json\/wp\/v2\/media?parent=31186"}],"wp:term":[{"taxonomy":"product_brand","embeddable":true,"href":"https:\/\/www.tornum.com\/lv\/wp-json\/wp\/v2\/product_brand?post=31186"},{"taxonomy":"product_cat","embeddable":true,"href":"https:\/\/www.tornum.com\/lv\/wp-json\/wp\/v2\/product_cat?post=31186"},{"taxonomy":"product_tag","embeddable":true,"href":"https:\/\/www.tornum.com\/lv\/wp-json\/wp\/v2\/product_tag?post=31186"}],"curies":[{"name":"wp","href":"https:\/\/api.w.org\/{rel}","templated":true}]}}