{"id":31190,"date":"2023-05-14T21:55:41","date_gmt":"2023-05-14T21:55:41","guid":{"rendered":"https:\/\/www.tornum.com\/product\/buildings\/"},"modified":"2025-07-30T08:47:22","modified_gmt":"2025-07-30T08:47:22","slug":"ekas","status":"publish","type":"product","link":"https:\/\/www.tornum.com\/lv\/product\/ekas\/","title":{"rendered":"\u0112KAS"},"content":{"rendered":"<p>Zieme\u013cvalst\u012bs tradicion\u0101li graudu kaltes un noliktavas tiek uzst\u0101d\u012btas iek\u0161telp\u0101s. <em>Tornum<\/em> specializ\u0113jas unik\u0101lu kal\u0161u \u0113ku b\u016bvniec\u012bb\u0101, katru no t\u0101m piel\u0101gojot klientu specifiskaj\u0101m vajadz\u012bb\u0101m un v\u0113lm\u0113m.<\/p>\n<p>Turkl\u0101t, lai izpild\u012btu ES noteikumus, kop\u0161 2014.\u00a0gada 1.\u00a0j\u016blija visiem b\u016bvizstr\u0101d\u0101jumiem, kas tiek p\u0101rdoti ES tirg\u016b, j\u0101b\u016bt mar\u0137\u0113tiem ar CE mar\u0137\u0113jumu. <em>Tornum<\/em> nodro\u0161ina atbilst\u012bbu \u0161iem standartiem, garant\u0113jot, ka to kaltes atbilst ES pras\u012bb\u0101m.<\/p>\n","protected":false},"excerpt":{"rendered":"<p>Zieme\u013cvalst\u012bs tradicion\u0101li graudu kalte un glab\u0101\u0161anas iek\u0101rtas tiek uzst\u0101d\u012btas iek\u0161telp\u0101s. <em>Tornum<\/em> b\u016bv\u0113 kaltes atbilsto\u0161i klientu v\u0113lm\u0113m un idej\u0101m, un katra \u0113ka ir unik\u0101la.<\/p>\n","protected":false},"featured_media":31192,"comment_status":"open","ping_status":"closed","template":"","meta":{"_acf_changed":false},"product_brand":[],"product_cat":[845,880,863,864,901,902],"product_tag":[903,889,867,904],"class_list":{"0":"post-31190","1":"product","2":"type-product","3":"status-publish","4":"has-post-thumbnail","6":"product_cat-all-products-lv","7":"product_cat-feed-lv","8":"product_cat-food-2-lv","9":"product_cat-grain-lv","10":"product_cat-storage-lv","11":"product_cat-building-storage-lv","12":"product_tag-bins-lv","13":"product_tag-conveyor-lv","14":"product_tag-dryer-lv","15":"product_tag-storage-lv","16":"description-off","18":"first","19":"instock","20":"shipping-taxable","21":"product-type-simple"},"acf":[],"_links":{"self":[{"href":"https:\/\/www.tornum.com\/lv\/wp-json\/wp\/v2\/product\/31190","targetHints":{"allow":["GET"]}}],"collection":[{"href":"https:\/\/www.tornum.com\/lv\/wp-json\/wp\/v2\/product"}],"about":[{"href":"https:\/\/www.tornum.com\/lv\/wp-json\/wp\/v2\/types\/product"}],"replies":[{"embeddable":true,"href":"https:\/\/www.tornum.com\/lv\/wp-json\/wp\/v2\/comments?post=31190"}],"version-history":[{"count":2,"href":"https:\/\/www.tornum.com\/lv\/wp-json\/wp\/v2\/product\/31190\/revisions"}],"predecessor-version":[{"id":31313,"href":"https:\/\/www.tornum.com\/lv\/wp-json\/wp\/v2\/product\/31190\/revisions\/31313"}],"wp:featuredmedia":[{"embeddable":true,"href":"https:\/\/www.tornum.com\/lv\/wp-json\/wp\/v2\/media\/31192"}],"wp:attachment":[{"href":"https:\/\/www.tornum.com\/lv\/wp-json\/wp\/v2\/media?parent=31190"}],"wp:term":[{"taxonomy":"product_brand","embeddable":true,"href":"https:\/\/www.tornum.com\/lv\/wp-json\/wp\/v2\/product_brand?post=31190"},{"taxonomy":"product_cat","embeddable":true,"href":"https:\/\/www.tornum.com\/lv\/wp-json\/wp\/v2\/product_cat?post=31190"},{"taxonomy":"product_tag","embeddable":true,"href":"https:\/\/www.tornum.com\/lv\/wp-json\/wp\/v2\/product_tag?post=31190"}],"curies":[{"name":"wp","href":"https:\/\/api.w.org\/{rel}","templated":true}]}}