{"id":31194,"date":"2023-05-04T11:17:37","date_gmt":"2023-05-04T11:17:37","guid":{"rendered":"https:\/\/www.tornum.com\/product\/bulk-loading-bin-ut\/"},"modified":"2025-07-14T07:18:25","modified_gmt":"2025-07-14T07:18:25","slug":"tvertne-liela-apjoma-graudu-iekrausanai-ut","status":"publish","type":"product","link":"https:\/\/www.tornum.com\/lv\/product\/tvertne-liela-apjoma-graudu-iekrausanai-ut\/","title":{"rendered":"TVERTNE LIELA APJOMA GRAUDU IEKRAU\u0160ANAI UT"},"content":{"rendered":"<div class=\"wpb-content-wrapper\"><p>[vc_row gap=&#8221;35&#8243;][vc_column width=&#8221;2\/3&#8243;][vc_column_text]<em>Tornum<\/em> tvertne liela apjoma graudu iekrau\u0161anai un graudu glab\u0101\u0161anai nodro\u0161ina \u0101tru un efekt\u012bvu iekrau\u0161anu. Tvertnes augstums un platums ir piem\u0113roti lieliem transportl\u012bdzek\u013ciem, ko caurbraucot var viegli piekraut. Tvertnei ir iztur\u012bgs dizains ar kvadr\u0101tveida re\u017e\u0123a r\u0101mi. Tvertne liela apjoma graudu iekrau\u0161anai ir \u013coti viegli uzst\u0101d\u0101ma un to iesp\u0113jams salikt, izmantojot skr\u016bves un uzgrie\u017e\u0146us.[\/vc_column_text][\/vc_column][vc_column width=&#8221;1\/3&#8243;][vc_column_text]<strong>Funkcijas<\/strong><br \/>\n\u2022 Izgatavota no karsti cinkot\u0101m t\u0113rauda loksn\u0113m<br \/>\n\u2022 Glab\u0101\u0161anas nodal\u012bjumi ir 505\u00a0mm augsti un tos iesp\u0113jams papla\u0161in\u0101t atbilsto\u0161i v\u0113lamajai ietilp\u012bbai<br \/>\n\u2022 Gluda iek\u0161\u0113j\u0101 virsma vieglai t\u012br\u012b\u0161anai<br \/>\n\u2022 Tvertnes konstrukcija pie\u013cauj da\u017e\u0101das uzst\u0101d\u012b\u0161anas iesp\u0113jas, kas ietaupa laiku<br \/>\n\u2022 Tvertnes izvads ir 300 x 300\u00a0mm liels, un tas tiek piestiprin\u0101ts ar sliedi, ko iesp\u0113jams p\u0101rvietot no gr\u012bdas l\u012bme\u0146a, izmantojot kontroles stieni<br \/>\n\u2022 Standarta att\u0101lums zem sliedes ir 4620\u00a0mm<\/p>\n<p><strong>Papildapr\u012bkojums<\/strong><br \/>\n\u2022 L\u012bme\u0146a indikators<br \/>\n\u2022 P\u0101rbaudes l\u016bka ar dro\u0161\u012bbas re\u017e\u0123i, uzst\u0101d\u012bta uz gr\u012bdas<br \/>\n\u2022 Starpsiena<br \/>\n\u2022 Aizb\u012bdnis ar kontroles sist\u0113mu<br \/>\n\u2022 Motoriz\u0113ts aizb\u012bdnis<br \/>\n\u2022 K\u0101pnes<br \/>\n\u2022 Margas[\/vc_column_text][\/vc_column][\/vc_row]<\/p>\n<\/div>","protected":false},"excerpt":{"rendered":"<p><em>Tornum<\/em> liela apjoma iekrau\u0161anas tvertnes \u013cauj efekt\u012bvi piekraut lielus transportl\u012bdzek\u013cus, pateicoties iztur\u012bgajam kvadr\u0101tveida re\u017e\u0123a r\u0101mim. To ir viegli uzst\u0101d\u012bt, izmantojot tikai skr\u016bves un uzgrie\u017e\u0146us.<\/p>\n","protected":false},"featured_media":31198,"comment_status":"open","ping_status":"closed","template":"","meta":{"_acf_changed":false},"product_brand":[],"product_cat":[845,880,863,864,901,905],"product_tag":[888,906,851,904],"class_list":{"0":"post-31194","1":"product","2":"type-product","3":"status-publish","4":"has-post-thumbnail","6":"product_cat-all-products-lv","7":"product_cat-feed-lv","8":"product_cat-food-2-lv","9":"product_cat-grain-lv","10":"product_cat-storage-lv","11":"product_cat-bulk-loading-bin-lv","12":"product_tag-bin-lv","13":"product_tag-building-lv","14":"product_tag-silo-lv","15":"product_tag-storage-lv","16":"description-off","18":"first","19":"instock","20":"shipping-taxable","21":"product-type-simple"},"acf":[],"_links":{"self":[{"href":"https:\/\/www.tornum.com\/lv\/wp-json\/wp\/v2\/product\/31194","targetHints":{"allow":["GET"]}}],"collection":[{"href":"https:\/\/www.tornum.com\/lv\/wp-json\/wp\/v2\/product"}],"about":[{"href":"https:\/\/www.tornum.com\/lv\/wp-json\/wp\/v2\/types\/product"}],"replies":[{"embeddable":true,"href":"https:\/\/www.tornum.com\/lv\/wp-json\/wp\/v2\/comments?post=31194"}],"version-history":[{"count":2,"href":"https:\/\/www.tornum.com\/lv\/wp-json\/wp\/v2\/product\/31194\/revisions"}],"predecessor-version":[{"id":31322,"href":"https:\/\/www.tornum.com\/lv\/wp-json\/wp\/v2\/product\/31194\/revisions\/31322"}],"wp:featuredmedia":[{"embeddable":true,"href":"https:\/\/www.tornum.com\/lv\/wp-json\/wp\/v2\/media\/31198"}],"wp:attachment":[{"href":"https:\/\/www.tornum.com\/lv\/wp-json\/wp\/v2\/media?parent=31194"}],"wp:term":[{"taxonomy":"product_brand","embeddable":true,"href":"https:\/\/www.tornum.com\/lv\/wp-json\/wp\/v2\/product_brand?post=31194"},{"taxonomy":"product_cat","embeddable":true,"href":"https:\/\/www.tornum.com\/lv\/wp-json\/wp\/v2\/product_cat?post=31194"},{"taxonomy":"product_tag","embeddable":true,"href":"https:\/\/www.tornum.com\/lv\/wp-json\/wp\/v2\/product_tag?post=31194"}],"curies":[{"name":"wp","href":"https:\/\/api.w.org\/{rel}","templated":true}]}}