{"id":31199,"date":"2023-05-14T20:51:26","date_gmt":"2023-05-14T20:51:26","guid":{"rendered":"https:\/\/www.tornum.com\/product\/centrifugal-fans\/"},"modified":"2025-07-30T08:54:37","modified_gmt":"2025-07-30T08:54:37","slug":"centrifugas-veida-ventilatori","status":"publish","type":"product","link":"https:\/\/www.tornum.com\/lv\/product\/centrifugas-veida-ventilatori\/","title":{"rendered":"CENTRB\u0112DZES VENTILATORI \u2013 ZEMA SPIEDIENA"},"content":{"rendered":"<div class=\"wpb-content-wrapper\"><p>[vc_row][vc_column width=&#8221;2\/3&#8243;][vc_column_text css=&#8221;&#8221;]Tornum centrb\u0113dzes ventilatoriem ir kopakts, iztur\u012bgs dizains. Korpuss sast\u0101v no alucinka lok\u0161\u0146u met\u0101la ar augstu aizsardz\u012bbu pret koroziju. Vair\u0101kas mont\u0101\u017eas iesp\u0113jas atvieglo to uzst\u0101d\u012b\u0161anu. Ventilatoriem ir spiro kan\u0101lu iepl\u016bdes un izpl\u016bdes p\u0101rejas iesp\u0113jas. Var tikt pieg\u0101d\u0101ts ar izpl\u016bdes virzienu p\u0113c j\u016bsu izv\u0113les. Ventilatora rats standarta apr\u012bkojum\u0101 ir uz aizmuguri v\u0113rstas l\u0101psti\u0146as, kas nodro\u0161ina augstu efektivit\u0101ti. Tos var ar\u012b pas\u016bt\u012bt ar plakan\u0101m l\u0101psti\u0146\u0101m, lai ar putek\u013cainu pies\u0101tin\u0101t\u0101 vid\u0113. Izgatavots no karsti cinkota t\u0113rauda un metin\u0101ts, kr\u0101sots, kas paredz\u0113ts agres\u012bv\u0101m vid\u0113m.[\/vc_column_text][\/vc_column][vc_column width=&#8221;1\/3&#8243;][vc_column_text css=&#8221;&#8221;]<strong>FEATURES<\/strong><br \/>\n\u2022 Pl\u016bsma: 400 \u2013 90.000 m\u00b3\/h<br \/>\n\u2022 Spiediens: 100 \u2013 2.500 Pa<br \/>\n\u2022 Maksim\u0101l\u0101 gaisa temperat\u016bra standarta veiktsp\u0113j\u0101: 40\u00b0C<br \/>\n\u2022 Maksim\u0101l\u0101 gaisa temperat\u016bra ar aisarg\u0101tu rumbu: 200\u00b0C<br \/>\n\u2022 Rata tips: Radi\u0101ls, atpaka\u013c izliekts[\/vc_column_text][\/vc_column][\/vc_row]<\/p>\n<\/div>","protected":false},"excerpt":{"rendered":"<p>Tornum zemspiediena centrb\u0113dzes ventilatori ir paredz\u0113ti graudu v\u0113din\u0101\u0161anai, dzes\u0113\u0161anai un \u017e\u0101v\u0113\u0161anai. Ventilatori ir \u0101rk\u0101rt\u012bgi efekt\u012bvi ar zemu trok\u0161\u0146a emisiju.<\/p>\n","protected":false},"featured_media":50239,"comment_status":"open","ping_status":"closed","template":"","meta":{"_acf_changed":false},"product_brand":[],"product_cat":[845,846,907],"product_tag":[848,903,872,851],"class_list":{"0":"post-31199","1":"product","2":"type-product","3":"status-publish","4":"has-post-thumbnail","6":"product_cat-all-products-lv","7":"product_cat-conditioning-lv","8":"product_cat-centrifugal-fan-lv","9":"product_tag-axial-lv","10":"product_tag-bins-lv","11":"product_tag-conditioning-lv","12":"product_tag-silo-lv","13":"description-off","15":"first","16":"instock","17":"shipping-taxable","18":"product-type-simple"},"acf":[],"_links":{"self":[{"href":"https:\/\/www.tornum.com\/lv\/wp-json\/wp\/v2\/product\/31199","targetHints":{"allow":["GET"]}}],"collection":[{"href":"https:\/\/www.tornum.com\/lv\/wp-json\/wp\/v2\/product"}],"about":[{"href":"https:\/\/www.tornum.com\/lv\/wp-json\/wp\/v2\/types\/product"}],"replies":[{"embeddable":true,"href":"https:\/\/www.tornum.com\/lv\/wp-json\/wp\/v2\/comments?post=31199"}],"version-history":[{"count":10,"href":"https:\/\/www.tornum.com\/lv\/wp-json\/wp\/v2\/product\/31199\/revisions"}],"predecessor-version":[{"id":50515,"href":"https:\/\/www.tornum.com\/lv\/wp-json\/wp\/v2\/product\/31199\/revisions\/50515"}],"wp:featuredmedia":[{"embeddable":true,"href":"https:\/\/www.tornum.com\/lv\/wp-json\/wp\/v2\/media\/50239"}],"wp:attachment":[{"href":"https:\/\/www.tornum.com\/lv\/wp-json\/wp\/v2\/media?parent=31199"}],"wp:term":[{"taxonomy":"product_brand","embeddable":true,"href":"https:\/\/www.tornum.com\/lv\/wp-json\/wp\/v2\/product_brand?post=31199"},{"taxonomy":"product_cat","embeddable":true,"href":"https:\/\/www.tornum.com\/lv\/wp-json\/wp\/v2\/product_cat?post=31199"},{"taxonomy":"product_tag","embeddable":true,"href":"https:\/\/www.tornum.com\/lv\/wp-json\/wp\/v2\/product_tag?post=31199"}],"curies":[{"name":"wp","href":"https:\/\/api.w.org\/{rel}","templated":true}]}}