{"id":31202,"date":"2023-05-14T21:46:04","date_gmt":"2023-05-14T21:46:04","guid":{"rendered":"https:\/\/www.tornum.com\/product\/centriklon-dust-separator\/"},"modified":"2025-07-15T09:55:41","modified_gmt":"2025-07-15T09:55:41","slug":"centriklon-puteklu-separators","status":"publish","type":"product","link":"https:\/\/www.tornum.com\/lv\/product\/centriklon-puteklu-separators\/","title":{"rendered":"CENTRIKLON PUTEK\u013bU SEPARATORS"},"content":{"rendered":"<p><em>Tornum Centriklon<\/em> ir \u013coti efekt\u012bvs putek\u013cu separators graudu kalt\u0113m. Tas nodro\u0161ina lielu jaudu un aiz\u0146em maz vietas, tas ir uzticams un tam nepiecie\u0161ama minim\u0101la apkope, t\u0101pat taj\u0101 nav nek\u0101du kust\u012bgu deta\u013cu. <em>Centriklon<\/em> ir pieejams da\u017e\u0101dos izm\u0113ros, un t\u0101 izm\u0113ri tiek noteikti atbilsto\u0161i gaisa tilpumam un jaudai. \u0160\u012b ir lieliska izv\u0113le tiem, kas mekl\u0113 efekt\u012bvu putek\u013cu un pelavu atdal\u012b\u0161anas risin\u0101jumu graudu kalt\u0113\u0161anas procesos.<\/p>\n","protected":false},"excerpt":{"rendered":"<p><em>Tornum Centriklon<\/em> ir kompakts un uzticams putek\u013cu separators graudu kalt\u0113m, kas paz\u012bstams ar savu lielo jaudu un nelielaj\u0101m apkopes vajadz\u012bb\u0101m. Tas ir pieejams da\u017e\u0101dos izm\u0113ros, lai atbilstu konkr\u0113t\u0101m gaisa tilpuma un jaudas pras\u012bb\u0101m, t\u0101p\u0113c tas ir ide\u0101li piem\u0113rots efekt\u012bvai putek\u013cu un pelavu aizv\u0101k\u0161anai graudu kalt\u0113\u0161anas laik\u0101.<\/p>\n","protected":false},"featured_media":31203,"comment_status":"open","ping_status":"closed","template":"","meta":{"_acf_changed":false},"product_brand":[],"product_cat":[845,870,871],"product_tag":[881,850,908,873],"class_list":{"0":"post-31202","1":"product","2":"type-product","3":"status-publish","4":"has-post-thumbnail","6":"product_cat-all-products-lv","7":"product_cat-material-handling-lv","8":"product_cat-dust-separation-lv","9":"product_tag-dust-lv","10":"product_tag-fan-lv","11":"product_tag-radial-fan-lv","12":"product_tag-separation-lv","13":"description-off","15":"first","16":"instock","17":"shipping-taxable","18":"product-type-simple"},"acf":[],"_links":{"self":[{"href":"https:\/\/www.tornum.com\/lv\/wp-json\/wp\/v2\/product\/31202","targetHints":{"allow":["GET"]}}],"collection":[{"href":"https:\/\/www.tornum.com\/lv\/wp-json\/wp\/v2\/product"}],"about":[{"href":"https:\/\/www.tornum.com\/lv\/wp-json\/wp\/v2\/types\/product"}],"replies":[{"embeddable":true,"href":"https:\/\/www.tornum.com\/lv\/wp-json\/wp\/v2\/comments?post=31202"}],"version-history":[{"count":2,"href":"https:\/\/www.tornum.com\/lv\/wp-json\/wp\/v2\/product\/31202\/revisions"}],"predecessor-version":[{"id":31331,"href":"https:\/\/www.tornum.com\/lv\/wp-json\/wp\/v2\/product\/31202\/revisions\/31331"}],"wp:featuredmedia":[{"embeddable":true,"href":"https:\/\/www.tornum.com\/lv\/wp-json\/wp\/v2\/media\/31203"}],"wp:attachment":[{"href":"https:\/\/www.tornum.com\/lv\/wp-json\/wp\/v2\/media?parent=31202"}],"wp:term":[{"taxonomy":"product_brand","embeddable":true,"href":"https:\/\/www.tornum.com\/lv\/wp-json\/wp\/v2\/product_brand?post=31202"},{"taxonomy":"product_cat","embeddable":true,"href":"https:\/\/www.tornum.com\/lv\/wp-json\/wp\/v2\/product_cat?post=31202"},{"taxonomy":"product_tag","embeddable":true,"href":"https:\/\/www.tornum.com\/lv\/wp-json\/wp\/v2\/product_tag?post=31202"}],"curies":[{"name":"wp","href":"https:\/\/api.w.org\/{rel}","templated":true}]}}