{"id":31353,"date":"2023-05-14T21:41:21","date_gmt":"2023-05-14T21:41:21","guid":{"rendered":"https:\/\/www.tornum.com\/product\/clean-air-control\/"},"modified":"2025-07-11T09:06:33","modified_gmt":"2025-07-11T09:06:33","slug":"tira-gaisa-kontrolieris","status":"publish","type":"product","link":"https:\/\/www.tornum.com\/lv\/product\/tira-gaisa-kontrolieris\/","title":{"rendered":"T\u012aRA GAISA KONTROLIERIS"},"content":{"rendered":"<div class=\"wpb-content-wrapper\"><p>[vc_row][vc_column width=&#8221;2\/3&#8243;][vc_column_text]<em>Tornum<\/em> t\u012bra gaisa kontrolieri ir \u012bpa\u0161i konstru\u0113ts ventilatora korpuss un l\u0101psti\u0146rats, kas sal\u012bdzin\u0101jum\u0101 ar iepriek\u0161\u0113jiem mode\u013ciem nodro\u0161ina liel\u0101ku energoefektivit\u0101ti un liel\u0101ku gaisa pl\u016bsmu pie l\u012bdzv\u0113rt\u012bga pretspiediena. Tas aizv\u0101c 95% graudu putek\u013cu un pelavu un rada maz\u0101k putek\u013cu emisiju sal\u012bdzin\u0101jum\u0101 ar tradicion\u0101lo ventilatoru bez separ\u0101cijas.[\/vc_column_text][\/vc_column][vc_column width=&#8221;1\/3&#8243;][vc_column_text]<strong>FUNKCIJAS<\/strong><br \/>\n\u2022 Karsti cinkots korpuss, kas nodro\u0161ina ilgu iztur\u012bbu pret koroziju<br \/>\n\u2022 Pieejams horizont\u0101lai un vertik\u0101lai uzst\u0101d\u012b\u0161anai<br \/>\n\u2022 Ventilatora priek\u0161pus\u0113 ir pieejami gaisa pl\u016bsmas regul\u0113\u0161anas aizvari, kas \u013cauj individu\u0101li regul\u0113t gaisa pl\u016bsmu.<br \/>\n\u2022 Ventilatora motors ir term\u0101li aizsarg\u0101ts un pieejams darbam ar jebk\u0101du spriegumu<br \/>\n\u2022 Ventilatora korpuss ir apr\u012bkots ar piek\u013cuves un t\u012br\u012b\u0161anas l\u016bk\u0101m, lai nodro\u0161in\u0101tu apkopi un p\u0101rbaudes<br \/>\n\u2022 \u012apa\u0161i izstr\u0101d\u0101ts l\u0101psti\u0146rats nodro\u0161ina optim\u0101lu pl\u016bsmu un minim\u0101lu trok\u0161\u0146u l\u012bmeni<\/p>\n<p><strong>PAPILDAPR\u012aKOJUMS<\/strong><br \/>\n\u2022 Putek\u013cu tvertne<br \/>\n\u2022 Klusin\u0101t\u0101js<br \/>\n\u2022 Aizsardz\u012bba pret triecieniem<br \/>\n\u2022 Aizsardz\u012bba pret nokri\u0161\u0146iem[\/vc_column_text][\/vc_column][\/vc_row]<\/p>\n<\/div>","protected":false},"excerpt":{"rendered":"<p><em>Tornum<\/em> t\u012bra gaisa kontrolieris ir apr\u012bkots ar unik\u0101las konstrukcijas ventilatora korpusu un l\u0101psti\u0146ratu, kas uzlabo energoefektivit\u0101ti un nodro\u0161ina liel\u0101ku gaisa pl\u016bsmu l\u012bdzv\u0113rt\u012bgos pretspiediena apst\u0101k\u013cos, sal\u012bdzinot ar iepriek\u0161\u0113jiem mode\u013ciem.<\/p>\n","protected":false},"featured_media":31356,"comment_status":"open","ping_status":"closed","template":"","meta":{"_acf_changed":false},"product_brand":[],"product_cat":[845,870,871],"product_tag":[848,867,885,868],"class_list":{"0":"post-31353","1":"product","2":"type-product","3":"status-publish","4":"has-post-thumbnail","6":"product_cat-all-products-lv","7":"product_cat-material-handling-lv","8":"product_cat-dust-separation-lv","9":"product_tag-axial-lv","10":"product_tag-dryer-lv","11":"product_tag-dryer-tk-lv","12":"product_tag-dryer-tkr-lv","13":"description-off","15":"first","16":"instock","17":"shipping-taxable","18":"product-type-simple"},"acf":[],"_links":{"self":[{"href":"https:\/\/www.tornum.com\/lv\/wp-json\/wp\/v2\/product\/31353","targetHints":{"allow":["GET"]}}],"collection":[{"href":"https:\/\/www.tornum.com\/lv\/wp-json\/wp\/v2\/product"}],"about":[{"href":"https:\/\/www.tornum.com\/lv\/wp-json\/wp\/v2\/types\/product"}],"replies":[{"embeddable":true,"href":"https:\/\/www.tornum.com\/lv\/wp-json\/wp\/v2\/comments?post=31353"}],"version-history":[{"count":2,"href":"https:\/\/www.tornum.com\/lv\/wp-json\/wp\/v2\/product\/31353\/revisions"}],"predecessor-version":[{"id":31427,"href":"https:\/\/www.tornum.com\/lv\/wp-json\/wp\/v2\/product\/31353\/revisions\/31427"}],"wp:featuredmedia":[{"embeddable":true,"href":"https:\/\/www.tornum.com\/lv\/wp-json\/wp\/v2\/media\/31356"}],"wp:attachment":[{"href":"https:\/\/www.tornum.com\/lv\/wp-json\/wp\/v2\/media?parent=31353"}],"wp:term":[{"taxonomy":"product_brand","embeddable":true,"href":"https:\/\/www.tornum.com\/lv\/wp-json\/wp\/v2\/product_brand?post=31353"},{"taxonomy":"product_cat","embeddable":true,"href":"https:\/\/www.tornum.com\/lv\/wp-json\/wp\/v2\/product_cat?post=31353"},{"taxonomy":"product_tag","embeddable":true,"href":"https:\/\/www.tornum.com\/lv\/wp-json\/wp\/v2\/product_tag?post=31353"}],"curies":[{"name":"wp","href":"https:\/\/api.w.org\/{rel}","templated":true}]}}