{"id":31357,"date":"2023-05-14T20:11:38","date_gmt":"2023-05-14T20:11:38","guid":{"rendered":"https:\/\/www.tornum.com\/product\/combi-sweep\/"},"modified":"2024-05-17T11:57:02","modified_gmt":"2024-05-17T11:57:02","slug":"kombinetais-gliemeztransportieris","status":"publish","type":"product","link":"https:\/\/www.tornum.com\/lv\/product\/kombinetais-gliemeztransportieris\/","title":{"rendered":"KOMBIN\u0112TAIS GLIEME\u017dTRANSPORTIERIS"},"content":{"rendered":"<div class=\"wpb-content-wrapper\"><p>[vc_row][vc_column width=&#8221;2\/3&#8243;][vc_column_text]<\/p>\n<h3><strong><em>TORNUM<\/em><\/strong><strong> KOMBIN\u0112TAIS GLIEME\u017dTRANSPORTIERIS<\/strong><\/h3>\n<p><em>Tornum<\/em> kombin\u0113tais transportieris apvieno izkrau\u0161anas un t\u012br\u012b\u0161anas glieme\u017etransportieris tie\u0161ai izkrau\u0161anai no silosa kravas automa\u0161\u012bn\u0101. Kombin\u0113tais glieme\u017etransportieris ietver savienotu horizont\u0101lu un vertik\u0101lu glieme\u017etransportieri, k\u0101 ar\u012b past\u0101v\u012bgu glieme\u017etransportieri graudu izkrau\u0161anai no silosa. Katram glieme\u017etransportierim ir sava piedzi\u0146as sist\u0113ma. Izkrau\u0161anas glieme\u017etransportieris pieejams vair\u0101kos standarta garumos, ta\u010du tas pieejams ar\u012b ar piel\u0101gotu garumu l\u012bdz pat 11,6\u00a0m un maksim\u0101lo augstum 4,7\u00a0m. Maksim\u0101l\u0101 jauda: 80\u00a0t\/h[\/vc_column_text][\/vc_column][vc_column width=&#8221;1\/3&#8243;][vc_column_text]<strong>FUNKCIJAS<\/strong><br \/>\n\u2022 Caurules un piedzi\u0146as sist\u0113ma ra\u017eota no cinkota t\u0113rauda, p\u0101r\u0113j\u0101s deta\u013cas ir pulverkr\u0101sotas<br \/>\n\u2022 Piedzi\u0146as meh\u0101nismi ar autom\u0101tisku \u0137\u0113des spriego\u0161anu<br \/>\n\u2022 Divas versijas: horizont\u0101ls un vertik\u0101ls glieme\u017etransportieris, k\u0101 par\u0101d\u012bts att\u0113l\u0101, vai tikai horizont\u0101ls[\/vc_column_text][\/vc_column][\/vc_row]<\/p>\n<\/div>","protected":false},"excerpt":{"rendered":"<p><em>Tornum<\/em> kombin\u0113tais glieme\u017etransportieris ir integr\u0113ta sist\u0113ma, kas apvieno izkrau\u0161anas un t\u012br\u012b\u0161anas glieme\u017etransportieri, nodro\u0161inot tie\u0161u materi\u0101lu p\u0101rvieto\u0161anu no silosa uz kravas automa\u0161\u012bnu.<\/p>\n","protected":false},"featured_media":31358,"comment_status":"open","ping_status":"closed","template":"","meta":{"_acf_changed":false},"product_brand":[],"product_cat":[845,864,870,909,910],"product_tag":[889,851,904,890],"class_list":{"0":"post-31357","1":"product","2":"type-product","3":"status-publish","4":"has-post-thumbnail","6":"product_cat-all-products-lv","7":"product_cat-grain-lv","8":"product_cat-material-handling-lv","9":"product_cat-silo-discharge-lv","10":"product_cat-screw-auger-lv","11":"product_tag-conveyor-lv","12":"product_tag-silo-lv","13":"product_tag-storage-lv","14":"product_tag-transport-lv","15":"description-off","17":"first","18":"instock","19":"shipping-taxable","20":"product-type-simple"},"acf":[],"_links":{"self":[{"href":"https:\/\/www.tornum.com\/lv\/wp-json\/wp\/v2\/product\/31357","targetHints":{"allow":["GET"]}}],"collection":[{"href":"https:\/\/www.tornum.com\/lv\/wp-json\/wp\/v2\/product"}],"about":[{"href":"https:\/\/www.tornum.com\/lv\/wp-json\/wp\/v2\/types\/product"}],"replies":[{"embeddable":true,"href":"https:\/\/www.tornum.com\/lv\/wp-json\/wp\/v2\/comments?post=31357"}],"version-history":[{"count":2,"href":"https:\/\/www.tornum.com\/lv\/wp-json\/wp\/v2\/product\/31357\/revisions"}],"predecessor-version":[{"id":31428,"href":"https:\/\/www.tornum.com\/lv\/wp-json\/wp\/v2\/product\/31357\/revisions\/31428"}],"wp:featuredmedia":[{"embeddable":true,"href":"https:\/\/www.tornum.com\/lv\/wp-json\/wp\/v2\/media\/31358"}],"wp:attachment":[{"href":"https:\/\/www.tornum.com\/lv\/wp-json\/wp\/v2\/media?parent=31357"}],"wp:term":[{"taxonomy":"product_brand","embeddable":true,"href":"https:\/\/www.tornum.com\/lv\/wp-json\/wp\/v2\/product_brand?post=31357"},{"taxonomy":"product_cat","embeddable":true,"href":"https:\/\/www.tornum.com\/lv\/wp-json\/wp\/v2\/product_cat?post=31357"},{"taxonomy":"product_tag","embeddable":true,"href":"https:\/\/www.tornum.com\/lv\/wp-json\/wp\/v2\/product_tag?post=31357"}],"curies":[{"name":"wp","href":"https:\/\/api.w.org\/{rel}","templated":true}]}}