{"id":31359,"date":"2023-05-04T11:22:01","date_gmt":"2023-05-04T11:22:01","guid":{"rendered":"https:\/\/www.tornum.com\/product\/conditioning-bin-lt-2\/"},"modified":"2025-07-30T09:11:54","modified_gmt":"2025-07-30T09:11:54","slug":"kondicionesanas-tvertne-lt","status":"publish","type":"product","link":"https:\/\/www.tornum.com\/lv\/product\/kondicionesanas-tvertne-lt\/","title":{"rendered":"KONDICION\u0112\u0160ANAS TVERTNE LT"},"content":{"rendered":"<div class=\"wpb-content-wrapper\"><p>[vc_row gap=&#8221;35&#8243;][vc_column width=&#8221;2\/3&#8243;][vc_column_text]Kondicion\u0113\u0161anas tvertne <em>LT<\/em> ir paredz\u0113ta dzes\u0113\u0161anai un uzkr\u0101\u0161anai pirms kalt\u0113\u0161anas, k\u0101 ar\u012b graudu past\u0101v\u012bgai uzglab\u0101\u0161anai. Rea\u0123\u0113jot uz tirgus piepras\u012bjumu p\u0113c liel\u0101kiem izkrau\u0161anas apjomiem un maz\u0101kiem ventilatoriem, <em>TORNUM<\/em> ir izstr\u0101d\u0101jis piln\u012bgi jaunu kondicion\u0113\u0161anas apr\u012bkojumu \u0101tr\u0101kai gala izkrau\u0161anai. S\u0101nu un galvenais kan\u0101ls samazina izmantoto gr\u012bdas laukumu, nodro\u0161inot liel\u0101ku gaisa daudzumu caur gr\u012bdas pl\u0101ksni un l\u012bdz ar to \u0101tr\u0101ku gal\u012bgo izkrau\u0161anu. Kondicion\u0113\u0161anas tvertnes pamatne un glud\u0101 iek\u0161puse padara tvertni ide\u0101li piem\u0113rotu s\u0113klu p\u0101rvald\u012bbai. Kondicion\u0113\u0161anas tvertnes apak\u0161\u0113j\u0101 da\u013c\u0101 ir ieb\u016bv\u0113ts galvenais kan\u0101ls ar aizb\u012bdni, nodro\u0161inot iesp\u0113ju savienot vair\u0101kas tvertnes.<\/p>\n<p><strong>UZB\u016aVE UN FUNKCIJAS<\/strong><br \/>\n\u2022 Izgatavota no karsti cinkot\u0101m t\u0113rauda loksn\u0113m<br \/>\n\u2022 Nodal\u012bjumi, kas tiek uzst\u0101d\u012bti uz apak\u0161\u0113j\u0101 nodal\u012bjuma, vertik\u0101li sasniedz 505\u00a0mm augstumu<br \/>\n\u2022 Gluda iek\u0161puse vieglai t\u012br\u012b\u0161anai<br \/>\n\u2022 Tvertnes konstrukcija pie\u013cauj da\u017e\u0101das uzst\u0101d\u012b\u0161anas iesp\u0113jas, kas ietaupa laiku<br \/>\n\u2022 Tvertne ir pieejama ar centr\u0101lu vai s\u0101nu izkrau\u0161anu<br \/>\n\u2022 Pieg\u0101d\u0101ta ar izpl\u016bdes aizb\u012bdni un l\u016bku<br \/>\n\u2022 \u0100tr\u0101k\u0101 gal\u012bg\u0101 izkrau\u0161ana tirg\u016b[\/vc_column_text][\/vc_column][vc_column width=&#8221;1\/3&#8243;][vc_column_text]<strong>PAPILDAPR\u012aKOJUMS<\/strong><br \/>\n\u2022 L\u012bme\u0146a indikators<br \/>\n\u2022 Temperat\u016bras uzraudz\u012bba<br \/>\n\u2022 P\u0101rbaudes l\u016bka ar dro\u0161\u012bbas re\u017e\u0123i, uzst\u0101d\u012bta uz gr\u012bdas<br \/>\n\u2022 Izpl\u016bdes savienojums[\/vc_column_text][\/vc_column][\/vc_row]<\/p>\n<\/div>","protected":false},"excerpt":{"rendered":"<div class=\"flex flex-grow flex-col gap-3 max-w-full\">\n<div class=\"min-h-[20px] flex flex-col items-start gap-3 overflow-x-auto whitespace-pre-wrap break-words\">\n<div class=\"markdown prose w-full break-words dark:prose-invert light\">\n<p>Kondicion\u0113\u0161anas tvertne<em> LT<\/em> ir univers\u0101ls risin\u0101jums dzes\u0113\u0161anai, uzkr\u0101\u0161anai pirms kalt\u0113\u0161anas un past\u0101v\u012bgai graudu uzglab\u0101\u0161anai. <em>Tornum<\/em> ir izstr\u0101d\u0101jis jaunu kondicion\u0113\u0161anas b\u0101zi, lai apmierin\u0101tu tirgus piepras\u012bjumu p\u0113c liel\u0101kas izkrau\u0161anas jaudas ar maz\u0101kiem ventilatoriem, pied\u0101v\u0101jot visliel\u0101ko gal\u012bgo izkrau\u0161anas \u0101trumu.<\/p>\n<\/div>\n<\/div>\n<\/div>\n<div class=\"flex justify-between lg:block\">\n<div class=\"text-gray-400 flex self-end lg:self-center justify-center mt-2 gap-2 md:gap-3 lg:gap-1 lg:absolute lg:top-0 lg:translate-x-full lg:right-0 lg:mt-0 lg:pl-2 visible\"><\/div>\n<\/div>\n<div class=\"flex-1 overflow-hidden\">\n<div class=\"react-scroll-to-bottom--css-zcyaj-79elbk h-full dark:bg-gray-800\">\n<div class=\"react-scroll-to-bottom--css-zcyaj-1n7m0yu\">\n<div class=\"flex flex-col text-sm dark:bg-gray-800\">\n<div class=\"h-32 md:h-48 flex-shrink-0\"><\/div>\n<\/div>\n<\/div>\n<\/div>\n<\/div>\n<div class=\"absolute bottom-0 left-0 w-full border-t md:border-t-0 dark:border-white\/20 md:border-transparent md:dark:border-transparent md:bg-vert-light-gradient bg-white dark:bg-gray-800 md:!bg-transparent dark:md:bg-vert-dark-gradient pt-2 md:pl-2 md:w-[calc(100%-.5rem)]\">\n<form class=\"stretch mx-2 flex flex-row gap-3 last:mb-2 md:mx-4 md:last:mb-6 lg:mx-auto lg:max-w-2xl xl:max-w-3xl\">\n<div class=\"relative flex h-full flex-1 items-stretch md:flex-col\">\n<div>\n<div class=\"h-full flex ml-1 md:w-full md:m-auto md:mb-4 gap-0 md:gap-2 justify-center\">\n<div class=\"grow\"><\/div>\n<\/div>\n<\/div>\n<\/div>\n<\/form>\n<\/div>\n","protected":false},"featured_media":31361,"comment_status":"open","ping_status":"closed","template":"","meta":{"_acf_changed":false},"product_brand":[],"product_cat":[845,880,863,864,901,911],"product_tag":[888,903,851,904],"class_list":{"0":"post-31359","1":"product","2":"type-product","3":"status-publish","4":"has-post-thumbnail","6":"product_cat-all-products-lv","7":"product_cat-feed-lv","8":"product_cat-food-2-lv","9":"product_cat-grain-lv","10":"product_cat-storage-lv","11":"product_cat-conditioning-bin-lv","12":"product_tag-bin-lv","13":"product_tag-bins-lv","14":"product_tag-silo-lv","15":"product_tag-storage-lv","16":"description-off","18":"first","19":"instock","20":"shipping-taxable","21":"product-type-simple"},"acf":[],"_links":{"self":[{"href":"https:\/\/www.tornum.com\/lv\/wp-json\/wp\/v2\/product\/31359","targetHints":{"allow":["GET"]}}],"collection":[{"href":"https:\/\/www.tornum.com\/lv\/wp-json\/wp\/v2\/product"}],"about":[{"href":"https:\/\/www.tornum.com\/lv\/wp-json\/wp\/v2\/types\/product"}],"replies":[{"embeddable":true,"href":"https:\/\/www.tornum.com\/lv\/wp-json\/wp\/v2\/comments?post=31359"}],"version-history":[{"count":2,"href":"https:\/\/www.tornum.com\/lv\/wp-json\/wp\/v2\/product\/31359\/revisions"}],"predecessor-version":[{"id":31438,"href":"https:\/\/www.tornum.com\/lv\/wp-json\/wp\/v2\/product\/31359\/revisions\/31438"}],"wp:featuredmedia":[{"embeddable":true,"href":"https:\/\/www.tornum.com\/lv\/wp-json\/wp\/v2\/media\/31361"}],"wp:attachment":[{"href":"https:\/\/www.tornum.com\/lv\/wp-json\/wp\/v2\/media?parent=31359"}],"wp:term":[{"taxonomy":"product_brand","embeddable":true,"href":"https:\/\/www.tornum.com\/lv\/wp-json\/wp\/v2\/product_brand?post=31359"},{"taxonomy":"product_cat","embeddable":true,"href":"https:\/\/www.tornum.com\/lv\/wp-json\/wp\/v2\/product_cat?post=31359"},{"taxonomy":"product_tag","embeddable":true,"href":"https:\/\/www.tornum.com\/lv\/wp-json\/wp\/v2\/product_tag?post=31359"}],"curies":[{"name":"wp","href":"https:\/\/api.w.org\/{rel}","templated":true}]}}