{"id":31362,"date":"2023-05-14T20:48:07","date_gmt":"2023-05-14T20:48:07","guid":{"rendered":"https:\/\/www.tornum.com\/product\/conditioning-floor\/"},"modified":"2025-07-30T09:21:33","modified_gmt":"2025-07-30T09:21:33","slug":"kondicionejosa-grida","status":"publish","type":"product","link":"https:\/\/www.tornum.com\/lv\/product\/kondicionejosa-grida\/","title":{"rendered":"KONDICION\u0112JO\u0160A GR\u012aDA"},"content":{"rendered":"\t\t<div data-elementor-type=\"product-post\" data-elementor-id=\"31362\" class=\"elementor elementor-31362 elementor-11314\" data-elementor-settings=\"{&quot;ha_cmc_init_switcher&quot;:&quot;no&quot;}\" data-elementor-post-type=\"product\">\n\t\t\t\t\t\t<section class=\"elementor-section elementor-top-section elementor-element elementor-element-37d9c3cd elementor-section-boxed elementor-section-height-default elementor-section-height-default\" data-id=\"37d9c3cd\" data-element_type=\"section\" data-settings=\"{&quot;_ha_eqh_enable&quot;:false}\">\n\t\t\t\t\t\t<div class=\"elementor-container elementor-column-gap-default\">\n\t\t\t\t\t<div class=\"elementor-column elementor-col-100 elementor-top-column elementor-element elementor-element-5acf7c3f\" data-id=\"5acf7c3f\" data-element_type=\"column\">\n\t\t\t<div class=\"elementor-widget-wrap elementor-element-populated\">\n\t\t\t\t\t\t<div class=\"elementor-element elementor-element-76e514c7 elementor-widget elementor-widget-text-editor\" data-id=\"76e514c7\" data-element_type=\"widget\" data-widget_type=\"text-editor.default\">\n\t\t\t\t<div class=\"elementor-widget-container\">\n\t\t\t\t\t\t\t\t\t<p>Pilnizm\u0113ra kondicion\u0113\u0161anas gr\u012bda liel\u0101kam gaisa daudzumam. Nodro\u0161ina vienm\u0113r\u012bgu gaisa sadali. Pieejama visiem silosu izm\u0113riem. Komplekt\u0101 ir iek\u013cauts uzst\u0101d\u012b\u0161anas pl\u0101ns, kas izstr\u0101d\u0101ts atbilsto\u0161i pas\u016bt\u012btajam silosa diametram. Standarta dizains paredz\u0113ts rapsim.<\/p>\t\t\t\t\t\t\t\t<\/div>\n\t\t\t\t<\/div>\n\t\t\t\t\t<\/div>\n\t\t<\/div>\n\t\t\t\t\t<\/div>\n\t\t<\/section>\n\t\t\t\t<\/div>\n\t\t","protected":false},"excerpt":{"rendered":"<p>Pilnizm\u0113ra kondicion\u0113\u0161anas gr\u012bda liel\u0101kam gaisa daudzumam, kas nodro\u0161ina vienm\u0113r\u012bgu gaisa sadali. Pieejama visiem silosu izm\u0113riem.<\/p>\n","protected":false},"featured_media":29579,"comment_status":"open","ping_status":"closed","template":"","meta":{"_acf_changed":false},"product_brand":[],"product_cat":[845,846,912],"product_tag":[872,849,851,904],"class_list":{"0":"post-31362","1":"product","2":"type-product","3":"status-publish","4":"has-post-thumbnail","6":"product_cat-all-products-lv","7":"product_cat-conditioning-lv","8":"product_cat-conditioning-floor-lv","9":"product_tag-conditioning-lv","10":"product_tag-conditioning-laterals-lv","11":"product_tag-silo-lv","12":"product_tag-storage-lv","14":"first","15":"instock","16":"shipping-taxable","17":"product-type-simple"},"acf":[],"_links":{"self":[{"href":"https:\/\/www.tornum.com\/lv\/wp-json\/wp\/v2\/product\/31362","targetHints":{"allow":["GET"]}}],"collection":[{"href":"https:\/\/www.tornum.com\/lv\/wp-json\/wp\/v2\/product"}],"about":[{"href":"https:\/\/www.tornum.com\/lv\/wp-json\/wp\/v2\/types\/product"}],"replies":[{"embeddable":true,"href":"https:\/\/www.tornum.com\/lv\/wp-json\/wp\/v2\/comments?post=31362"}],"version-history":[{"count":5,"href":"https:\/\/www.tornum.com\/lv\/wp-json\/wp\/v2\/product\/31362\/revisions"}],"predecessor-version":[{"id":50536,"href":"https:\/\/www.tornum.com\/lv\/wp-json\/wp\/v2\/product\/31362\/revisions\/50536"}],"wp:featuredmedia":[{"embeddable":true,"href":"https:\/\/www.tornum.com\/lv\/wp-json\/wp\/v2\/media\/29579"}],"wp:attachment":[{"href":"https:\/\/www.tornum.com\/lv\/wp-json\/wp\/v2\/media?parent=31362"}],"wp:term":[{"taxonomy":"product_brand","embeddable":true,"href":"https:\/\/www.tornum.com\/lv\/wp-json\/wp\/v2\/product_brand?post=31362"},{"taxonomy":"product_cat","embeddable":true,"href":"https:\/\/www.tornum.com\/lv\/wp-json\/wp\/v2\/product_cat?post=31362"},{"taxonomy":"product_tag","embeddable":true,"href":"https:\/\/www.tornum.com\/lv\/wp-json\/wp\/v2\/product_tag?post=31362"}],"curies":[{"name":"wp","href":"https:\/\/api.w.org\/{rel}","templated":true}]}}