{"id":31364,"date":"2023-01-29T22:13:53","date_gmt":"2023-01-29T22:13:53","guid":{"rendered":"https:\/\/www.tornum.com\/product\/continuous-grain-dryer-hr\/"},"modified":"2025-07-14T06:58:41","modified_gmt":"2025-07-14T06:58:41","slug":"caurpludes-tipa-graudu-kalte-hr","status":"publish","type":"product","link":"https:\/\/www.tornum.com\/lv\/product\/caurpludes-tipa-graudu-kalte-hr\/","title":{"rendered":"CAURPL\u016aDES TIPA GRAUDU KALTE HR"},"content":{"rendered":"<div class=\"wpb-content-wrapper\"><p>[vc_row gap=&#8221;35&#8243;][vc_column width=&#8221;2\/3&#8243;][vc_column_text]<em>Tornum HR<\/em> (siltumener\u0123iju rekuper\u0113jo\u0161a) graudu kalte ir <em>Tornum<\/em> darba rezult\u0101ts, kura m\u0113r\u0137is bija att\u012bst\u012bt m\u016bsu produktu l\u012bniju t\u0101, lai m\u016bsu produkti pat\u0113r\u0113tu maz\u0101k ener\u0123ijas, t\u0101d\u0113j\u0101di samazinot ietekmi uz vidi. <em>HR<\/em> graudu kalte izmanto ener\u0123iju, kas tradicion\u0101l\u0101 graudu kalt\u0113 tiktu zaud\u0113ta. Parasti tiek atg\u016bti l\u012bdz pat 30% siltuma. Unik\u0101lais <em>HR<\/em> dizains nodro\u0161ina ar\u012b klus\u0101ku un t\u012br\u0101ku darba vidi. T\u0101pat k\u0101 visas <em>Tornum<\/em> graudu kaltes, ar\u012b <em>HR<\/em> s\u0113rija ra\u017eota no karsti cinkot\u0101m t\u0113rauda loksn\u0113m.<\/p>\n<p><strong>STANDARTA APR\u012aKOJUMS<\/strong><br \/>\n\u2022 L\u012bme\u0146a indikators<br \/>\n\u2022 Mitr\u0101 gaisa piepl\u016bde<br \/>\n\u2022 Puls\u0113jo\u0161a izkrau\u0161anas sekcija<br \/>\n\u2022 L\u012bme\u0146a sensors<br \/>\n\u2022 Buferzona<br \/>\n\u2022 Ugunsgr\u0113ka signaliz\u0101cijas sist\u0113ma<br \/>\n\u2022 K\u0101pnes un platformas<br \/>\n\u2022 Rekuper\u0101cijas zona<br \/>\n\u2022 Mitruma l\u012bme\u0146a kontrole<br \/>\n\u2022 Spiediena m\u0113r\u012b\u0161ana palai\u0161anas regul\u0113\u0161anai[\/vc_column_text][\/vc_column][vc_column width=&#8221;1\/3&#8243;][vc_column_text]<strong>Samazina ener\u0123ijas pat\u0113ri\u0146u par l\u012bdz pat 30%<br \/>\n<\/strong>Aptuveni ceturtda\u013ca karst\u0101 gaisa <em>HR<\/em> graudu kalt\u0113 tiek cirkul\u0113ta atk\u0101rtoti. Atk\u0101rtoti izmantotais gaiss tiek izvad\u012bts cauri recirkul\u0101cijas sekcijai un tad sajaukts ar uzsild\u012btu dzes\u0113jo\u0161o gaisu. T\u0101 k\u0101 atk\u0101rtoti izmantojamais gaiss ir silt\u0101ks nek\u0101 apk\u0101rt\u0113j\u0101s vides gaiss, past\u0101v iesp\u0113ja samazin\u0101t ener\u0123ijas pieg\u0101di g\u0101zes deglim (sal\u012bdzin\u0101jum\u0101 ar tikai svaiga gaisa izmanto\u0161anu) un t\u0101pat ieg\u016bt nepiecie\u0161amo kalt\u0113\u0161anas temperat\u016bru. <em>HR<\/em> graudu kaltes dizains nodro\u0161ina, ka izpl\u016bdes ventilatoru darbin\u0101\u0161anai graudu kaltes aug\u0161\u0113j\u0101 da\u013c\u0101 nepiecie\u0161ams maz\u0101k elektroener\u0123ijas.\u00a0Noskatieties filmu vietn\u0113 <a href=\"https:\/\/youtu.be\/HOoipzpGT4w\"><strong><em>Youtube<\/em><\/strong><\/a>, lai uzzin\u0101tu, k\u0101 gaisa pl\u016bsma non\u0101k kalt\u0113.<\/p>\n<p><strong>PAPILDAPR\u012aKOJUMS<\/strong><br \/>\n\u2022 Palielin\u0101ta buferzona<br \/>\n\u2022 Putek\u013cu atdal\u012b\u0161ana, tostarp no izkrau\u0161anas glieme\u017etransportiera<br \/>\n\u2022 Klusin\u0101t\u0101js[\/vc_column_text][\/vc_column][\/vc_row]<\/p>\n<\/div>","protected":false},"excerpt":{"rendered":"<p><em>Tornum HR<\/em> (siltumener\u0123iju rekuper\u0113jo\u0161a) graudu kalte ir energoefekt\u012bvs jaunievedums, kas uztver un izmanto l\u012bdz pat 30% siltuma, kas parasti tiek zaud\u0113ts tradicion\u0101l\u0101 graudu kalt\u0113, t\u0101d\u0113j\u0101di samazinot ener\u0123ijas pat\u0113ri\u0146u un ietekmi uz vidi.<\/p>\n","protected":false},"featured_media":31369,"comment_status":"open","ping_status":"closed","template":"","meta":{"_acf_changed":false},"product_brand":[],"product_cat":[845,880,863,864,846,884],"product_tag":[866,867,885,868],"class_list":{"0":"post-31364","1":"product","2":"type-product","3":"status-publish","4":"has-post-thumbnail","6":"product_cat-all-products-lv","7":"product_cat-feed-lv","8":"product_cat-food-2-lv","9":"product_cat-grain-lv","10":"product_cat-conditioning-lv","11":"product_cat-grain-dryers-lv","12":"product_tag-burner-lv","13":"product_tag-dryer-lv","14":"product_tag-dryer-tk-lv","15":"product_tag-dryer-tkr-lv","16":"pa_products-type-all-products-lv","17":"pa_products-type-grain-lv","18":"description-off","20":"first","21":"instock","22":"shipping-taxable","23":"product-type-simple"},"acf":[],"_links":{"self":[{"href":"https:\/\/www.tornum.com\/lv\/wp-json\/wp\/v2\/product\/31364","targetHints":{"allow":["GET"]}}],"collection":[{"href":"https:\/\/www.tornum.com\/lv\/wp-json\/wp\/v2\/product"}],"about":[{"href":"https:\/\/www.tornum.com\/lv\/wp-json\/wp\/v2\/types\/product"}],"replies":[{"embeddable":true,"href":"https:\/\/www.tornum.com\/lv\/wp-json\/wp\/v2\/comments?post=31364"}],"version-history":[{"count":2,"href":"https:\/\/www.tornum.com\/lv\/wp-json\/wp\/v2\/product\/31364\/revisions"}],"predecessor-version":[{"id":31458,"href":"https:\/\/www.tornum.com\/lv\/wp-json\/wp\/v2\/product\/31364\/revisions\/31458"}],"wp:featuredmedia":[{"embeddable":true,"href":"https:\/\/www.tornum.com\/lv\/wp-json\/wp\/v2\/media\/31369"}],"wp:attachment":[{"href":"https:\/\/www.tornum.com\/lv\/wp-json\/wp\/v2\/media?parent=31364"}],"wp:term":[{"taxonomy":"product_brand","embeddable":true,"href":"https:\/\/www.tornum.com\/lv\/wp-json\/wp\/v2\/product_brand?post=31364"},{"taxonomy":"product_cat","embeddable":true,"href":"https:\/\/www.tornum.com\/lv\/wp-json\/wp\/v2\/product_cat?post=31364"},{"taxonomy":"product_tag","embeddable":true,"href":"https:\/\/www.tornum.com\/lv\/wp-json\/wp\/v2\/product_tag?post=31364"}],"curies":[{"name":"wp","href":"https:\/\/api.w.org\/{rel}","templated":true}]}}