{"id":31365,"date":"2023-01-29T22:13:35","date_gmt":"2023-01-29T22:13:35","guid":{"rendered":"https:\/\/www.tornum.com\/product\/continuous-grain-dryer-rex\/"},"modified":"2025-07-30T09:29:58","modified_gmt":"2025-07-30T09:29:58","slug":"caurpludes-tipa-graudu-kalte-rex","status":"publish","type":"product","link":"https:\/\/www.tornum.com\/lv\/product\/caurpludes-tipa-graudu-kalte-rex\/","title":{"rendered":"CAURPL\u016aDES TIPA GRAUDU KALTE REX"},"content":{"rendered":"<div class=\"wpb-content-wrapper\"><p>[vc_row][vc_column width=&#8221;2\/3&#8243;][vc_column_text]<em>TORNUM REX<\/em>\u00a0\u2013 jaun\u0101s paaudzes graudu kaltes.<br \/>\nP\u0113d\u0113jo gadu desmitu laik\u0101 m\u016bsu caurpl\u016bdes tipa graudu kaltes ir ieguvu\u0161as stabilu reput\u0101ciju vis\u0101 pasaul\u0113, pateicoties m\u016bsdien\u012bgai veiktsp\u0113jai un kvalit\u0101tei. Tagad ar <em>Tornum Rex<\/em> s\u0113riju m\u0113s veicam lielu izr\u0101vienu uz kalt\u0113\u0161anas progres\u0101. Daudzu gadu izstr\u0101des darba rezult\u0101t\u0101 ir rad\u012bta iev\u0113rojami uzlabota koncepcija, pievienojot jaunas v\u0113rt\u012bgas funkcijas, kas nodro\u0161ina maig\u0101ku un efekt\u012bv\u0101ku kalt\u0113\u0161anu, viegl\u0101ku t\u012br\u012b\u0161anu, zem\u0101ku ener\u0123ijas pat\u0113ri\u0146u un izcilas ekolo\u0123isk\u0101s \u012bpa\u0161\u012bbas. \u012as\u0101k sakot, n\u0101kam\u0101 paaudze, kas balst\u012bta uz gadu desmitiem ilgu pieredzi.[\/vc_column_text][\/vc_column][vc_column width=&#8221;1\/3&#8243;][vc_column_text]<\/p>\n<ul>\n<li>Izol\u0101cija un priek\u0161sild\u012b\u0161ana uzlabo kalt\u0113\u0161anu<\/li>\n<li>Maz\u0101ks troksnis un t\u012br\u0101ks gaiss<\/li>\n<li>L\u012bdz 30% maz\u0101ks kurin\u0101m\u0101 pat\u0113ri\u0146\u0161 <em>HR<\/em> re\u017e\u012bm\u0101<\/li>\n<li>Gluda iek\u0161puse vieglai t\u012br\u012b\u0161anai<\/li>\n<li>Efekt\u012bva akt\u012bv\u0101 putek\u013cu kontrole<\/li>\n<li>Ide\u0101li piem\u0113rota kalt\u0113\u0161anai ziemas apst\u0101k\u013cos<\/li>\n<\/ul>\n<p>[\/vc_column_text][\/vc_column][\/vc_row]<\/p>\n<\/div>","protected":false},"excerpt":{"rendered":"<p><em>Tornum Rex<\/em> s\u0113rija ir n\u0101kam\u0101s paaudzes graudu kaltes, kam piem\u012bt uzlabotas funkcijas, kas nodro\u0161ina maig\u0101ku un efekt\u012bv\u0101ku kalt\u0113\u0161anu, viegl\u0101ku t\u012br\u012b\u0161anu, zem\u0101ku ener\u0123ijas pat\u0113ri\u0146u un lab\u0101kus ekolo\u0123iskos parametrus, un kas balst\u0101s uz gadu desmitiem ilgu pieredzi un stabilu veiktsp\u0113jas un kvalit\u0101tes reput\u0101ciju.<\/p>\n","protected":false},"featured_media":31366,"comment_status":"open","ping_status":"closed","template":"","meta":{"_acf_changed":false},"product_brand":[],"product_cat":[845,880,863,864,846,884],"product_tag":[866,867,885,868],"class_list":{"0":"post-31365","1":"product","2":"type-product","3":"status-publish","4":"has-post-thumbnail","6":"product_cat-all-products-lv","7":"product_cat-feed-lv","8":"product_cat-food-2-lv","9":"product_cat-grain-lv","10":"product_cat-conditioning-lv","11":"product_cat-grain-dryers-lv","12":"product_tag-burner-lv","13":"product_tag-dryer-lv","14":"product_tag-dryer-tk-lv","15":"product_tag-dryer-tkr-lv","17":"first","18":"instock","19":"shipping-taxable","20":"product-type-simple"},"acf":[],"_links":{"self":[{"href":"https:\/\/www.tornum.com\/lv\/wp-json\/wp\/v2\/product\/31365","targetHints":{"allow":["GET"]}}],"collection":[{"href":"https:\/\/www.tornum.com\/lv\/wp-json\/wp\/v2\/product"}],"about":[{"href":"https:\/\/www.tornum.com\/lv\/wp-json\/wp\/v2\/types\/product"}],"replies":[{"embeddable":true,"href":"https:\/\/www.tornum.com\/lv\/wp-json\/wp\/v2\/comments?post=31365"}],"version-history":[{"count":2,"href":"https:\/\/www.tornum.com\/lv\/wp-json\/wp\/v2\/product\/31365\/revisions"}],"predecessor-version":[{"id":31473,"href":"https:\/\/www.tornum.com\/lv\/wp-json\/wp\/v2\/product\/31365\/revisions\/31473"}],"wp:featuredmedia":[{"embeddable":true,"href":"https:\/\/www.tornum.com\/lv\/wp-json\/wp\/v2\/media\/31366"}],"wp:attachment":[{"href":"https:\/\/www.tornum.com\/lv\/wp-json\/wp\/v2\/media?parent=31365"}],"wp:term":[{"taxonomy":"product_brand","embeddable":true,"href":"https:\/\/www.tornum.com\/lv\/wp-json\/wp\/v2\/product_brand?post=31365"},{"taxonomy":"product_cat","embeddable":true,"href":"https:\/\/www.tornum.com\/lv\/wp-json\/wp\/v2\/product_cat?post=31365"},{"taxonomy":"product_tag","embeddable":true,"href":"https:\/\/www.tornum.com\/lv\/wp-json\/wp\/v2\/product_tag?post=31365"}],"curies":[{"name":"wp","href":"https:\/\/api.w.org\/{rel}","templated":true}]}}