{"id":31370,"date":"2023-03-05T22:36:52","date_gmt":"2023-03-05T22:36:52","guid":{"rendered":"https:\/\/www.tornum.com\/product\/continuous-grain-dryer-tk\/"},"modified":"2025-07-11T09:48:26","modified_gmt":"2025-07-11T09:48:26","slug":"caurpludes-tipa-graudu-kalte-tk","status":"publish","type":"product","link":"https:\/\/www.tornum.com\/lv\/product\/caurpludes-tipa-graudu-kalte-tk\/","title":{"rendered":"CAURPL\u016aDES TIPA GRAUDU KALTE TK"},"content":{"rendered":"<div class=\"wpb-content-wrapper\"><p>[vc_row gap=&#8221;35&#8243;][vc_column width=&#8221;2\/3&#8243;][vc_column_text]<em>Tornum<\/em> caurpl\u016bdes tipa jaukt\u0101s pl\u016bsmas graudu kalte <em>TK<\/em> ir izstr\u0101d\u0101ta, lai taup\u012btu siltumu un nodro\u0161in\u0101tu saudz\u012bgu graudu kalt\u0113\u0161anu. Izcil\u0101 kvalit\u0101te un unik\u0101l\u0101s funkcijas ir padar\u012bju\u0161as <em>TK<\/em> graudu kalti par izcilu produktu lauksaimniec\u012bbas nozar\u0113.<\/p>\n<p><em>TK<\/em> kaltes ir vienl\u012bdz piem\u0113rotas gan izmanto\u0161anai iek\u0161telp\u0101s, gan \u0101rpus telp\u0101m, un t\u0101s ra\u017eotas no karsti cinkota t\u0113rauda, kas nodro\u0161ina ilgu kalpo\u0161anas laiku.<\/p>\n<p>Ar <em>TK BIG<\/em> l\u012bniju <em>Tornum<\/em> pied\u0101v\u0101 lauksaimniec\u012bbai piln\u012bgi jaunu veiktsp\u0113jas l\u012bmeni. Darbojoties ar pilnu jaudu, liel\u0101k\u0101 no m\u016bsu jaunaj\u0101m <em>BIG<\/em> graudu kalt\u0113m <em>TK16-44<\/em> sasniedz 300 t\/h ra\u017e\u012bbu.<\/p>\n<p><em>TORNUM<\/em> uzb\u016bv\u0113ja divas <em>BIG<\/em> caurpl\u016bdes tipa jaukt\u0101s pl\u016bsmas kaltes <em>TK12-28-4<\/em> \u017dmerink\u0101, Ukrain\u0101. Katr\u0101 graudu kalt\u0113 iesp\u0113jams uzglab\u0101t 275\u00a0m<sup>3<\/sup> graudu, un kvie\u0161u kalt\u0113\u0161anas jauda sasniedz 133\u00a0t\/h. Skat\u012bt video sait\u0113 turpm\u0101k[\/vc_column_text][\/vc_column][vc_column width=&#8221;1\/3&#8243;][vc_column_text]<strong>STANDARTA APR\u012aKOJUMS<\/strong><br \/>\n\u2022 L\u012bme\u0146a indikators<br \/>\n\u2022 Mitr\u0101 gaisa piepl\u016bde<br \/>\n\u2022 Izkrau\u0161anas sekcija \u2013 rot\u0113jo\u0161a vai puls\u0113jo\u0161a<br \/>\n\u2022 L\u012bme\u0146a sensors<br \/>\n\u2022 Buferzona<br \/>\n\u2022 Elast\u012bga atdzes\u0113\u0161anas zona<\/p>\n<p><strong>PAPILDAPR\u012aKOJUMS<\/strong><br \/>\n\u2022 K\u0101pnes un platformas<br \/>\n\u2022 Ugunsgr\u0113ka signaliz\u0101cijas sist\u0113ma<br \/>\n\u2022 Klusin\u0101t\u0101js<br \/>\n\u2022 Palielin\u0101ta buferzona<br \/>\n\u2022 Kontroles meh\u0101nisms \u2013 mitrums vai temperat\u016bra[\/vc_column_text][\/vc_column][\/vc_row]<\/p>\n<\/div>","protected":false},"excerpt":{"rendered":"<p><em>Tornum TK<\/em> caurpl\u016bdes tipa jaukt\u0101s pl\u016bsmas graudu kalte nodro\u0161ina efekt\u012bvu sild\u012b\u0161anu un saudz\u012bgu graudu kalt\u0113\u0161anu, g\u016bstot pan\u0101kumus lauksaimniec\u012bbas nozar\u0113, pateicoties t\u0101s izcilajai kvalit\u0101tei un unik\u0101lajai konstrukcijai.<\/p>\n","protected":false},"featured_media":31368,"comment_status":"open","ping_status":"closed","template":"","meta":{"_acf_changed":false},"product_brand":[],"product_cat":[845,880,863,864,846,884],"product_tag":[866,867,913,868],"class_list":{"0":"post-31370","1":"product","2":"type-product","3":"status-publish","4":"has-post-thumbnail","6":"product_cat-all-products-lv","7":"product_cat-feed-lv","8":"product_cat-food-2-lv","9":"product_cat-grain-lv","10":"product_cat-conditioning-lv","11":"product_cat-grain-dryers-lv","12":"product_tag-burner-lv","13":"product_tag-dryer-lv","14":"product_tag-dryer-rex-lv","15":"product_tag-dryer-tkr-lv","16":"pa_products-type-all-products-lv","17":"pa_products-type-grain-lv","19":"first","20":"instock","21":"shipping-taxable","22":"product-type-simple"},"acf":[],"_links":{"self":[{"href":"https:\/\/www.tornum.com\/lv\/wp-json\/wp\/v2\/product\/31370","targetHints":{"allow":["GET"]}}],"collection":[{"href":"https:\/\/www.tornum.com\/lv\/wp-json\/wp\/v2\/product"}],"about":[{"href":"https:\/\/www.tornum.com\/lv\/wp-json\/wp\/v2\/types\/product"}],"replies":[{"embeddable":true,"href":"https:\/\/www.tornum.com\/lv\/wp-json\/wp\/v2\/comments?post=31370"}],"version-history":[{"count":2,"href":"https:\/\/www.tornum.com\/lv\/wp-json\/wp\/v2\/product\/31370\/revisions"}],"predecessor-version":[{"id":31481,"href":"https:\/\/www.tornum.com\/lv\/wp-json\/wp\/v2\/product\/31370\/revisions\/31481"}],"wp:featuredmedia":[{"embeddable":true,"href":"https:\/\/www.tornum.com\/lv\/wp-json\/wp\/v2\/media\/31368"}],"wp:attachment":[{"href":"https:\/\/www.tornum.com\/lv\/wp-json\/wp\/v2\/media?parent=31370"}],"wp:term":[{"taxonomy":"product_brand","embeddable":true,"href":"https:\/\/www.tornum.com\/lv\/wp-json\/wp\/v2\/product_brand?post=31370"},{"taxonomy":"product_cat","embeddable":true,"href":"https:\/\/www.tornum.com\/lv\/wp-json\/wp\/v2\/product_cat?post=31370"},{"taxonomy":"product_tag","embeddable":true,"href":"https:\/\/www.tornum.com\/lv\/wp-json\/wp\/v2\/product_tag?post=31370"}],"curies":[{"name":"wp","href":"https:\/\/api.w.org\/{rel}","templated":true}]}}