{"id":31372,"date":"2023-04-03T09:35:26","date_gmt":"2023-04-03T09:35:26","guid":{"rendered":"https:\/\/www.tornum.com\/product\/continuous-grain-dryer-tkr\/"},"modified":"2025-07-30T09:39:26","modified_gmt":"2025-07-30T09:39:26","slug":"caurpludes-tipa-graudu-kalte-tkr","status":"publish","type":"product","link":"https:\/\/www.tornum.com\/lv\/product\/caurpludes-tipa-graudu-kalte-tkr\/","title":{"rendered":"CAURPL\u016aDES TIPA GRAUDU KALTE TKR"},"content":{"rendered":"<div class=\"wpb-content-wrapper\"><p>[vc_row][vc_column width=&#8221;2\/3&#8243;][vc_column_text]<em>Tornum TKR<\/em> graudu kalte ir recirkul\u0101cijas graudu kalte, kas nodro\u0161ina siltumener\u0123ijas rekuper\u0101ciju. P\u0113c tam, kad gaiss ir izpl\u016bdis cauri graudiem graudu kaltes atdzes\u0113\u0161anas sekcij\u0101, t\u0101d\u0113j\u0101di uzsilstot, tas tiek atk\u0101rtoti uzsild\u012bts apak\u0161\u0113j\u0101 spir\u0101lveida \u0161aht\u0101, pirms tas izpl\u016bst cauri apak\u0161\u0113jai kalt\u0113\u0161anas sekcijai.<\/p>\n<p>P\u0113c tam nedaudz atdzes\u0113tais un mitrais gaiss tiek sajaukts ar iepriek\u0161 uzsild\u012btu svaigu gaisu no papildu spir\u0101lveida \u0161ahtas aug\u0161\u0113j\u0101s karsta gaisa caurules apak\u0161\u0101. Gaiss tiek uzsild\u012bts v\u0113lreiz, kad tas izpl\u016bst cauri aug\u0161\u0113jai spir\u0101lveida \u0161ahtai. Otru reizi uzsild\u012btais gaiss izpl\u016bst caur graudiem aug\u0161\u0113j\u0101 kalt\u0113\u0161anas sekcij\u0101 pirms izl\u0101des no graudu kaltes.<\/p>\n<p>\u0160\u0101ds dizains nodro\u0161ina 15\u201320% ener\u0123ijas ietaup\u012bjumu atkar\u012bb\u0101 no kalt\u0113\u0161anas temperat\u016bras, ien\u0101ko\u0161\u0101 un izejo\u0161\u0101 mitruma satura un apk\u0101rt\u0113j\u0101s vides temperat\u016bras.<br \/>\nTemperat\u016bras kontrole tiek nodro\u0161in\u0101ta, izmantojot kontroles meh\u0101nismu, kas regul\u0113 \u0161unta v\u0101rstu.<\/p>\n<p>Gan karst\u0101 gaisa, gan izpl\u016bdes gaisa apmai\u0146u iesp\u0113jams kontrol\u0113t, izmantojot ier\u012bkot\u0101s p\u0101rbaudes l\u016bkas, kam iesp\u0113jams piek\u013c\u016bt ar \u0101r\u0113j\u0101m k\u0101pn\u0113m, p\u0101rbaudes platform\u0101m vai sij\u0101m. Iek\u0161pus\u0113 pie l\u016bk\u0101m ir gr\u012bdas re\u017e\u0123is un k\u0101pnes, lai veiktu iek\u0161\u0113j\u0101s p\u0101rbaudes.[\/vc_column_text][\/vc_column][vc_column width=&#8221;1\/3&#8243;][vc_column_text]<strong>FUNKCIJAS<\/strong><br \/>\n\u2022 Gaisa recirkul\u0101cija<br \/>\n\u2022 Par 35\u201345% samazin\u0101ta gaisa pl\u016bsma<br \/>\n\u2022 Par 15\u201320% samazin\u0101ts ener\u0123ijas pat\u0113ri\u0146\u0161<br \/>\n\u2022 Spir\u0101lveida caurules \u016bdenim<br \/>\n\u2022 Da\u017e\u0101das temperat\u016bras sekcijas<\/p>\n<p><strong>PAPILDAPR\u012aKOJUMS<\/strong><br \/>\n\u2022 L\u012bme\u0146a indikators<br \/>\n\u2022 Ugunsgr\u0113ka signaliz\u0101cijas sist\u0113ma[\/vc_column_text][\/vc_column][\/vc_row]<\/p>\n<\/div>","protected":false},"excerpt":{"rendered":"<div class=\"flex flex-grow flex-col gap-3 max-w-full\">\n<div class=\"min-h-[20px] flex flex-col items-start gap-3 overflow-x-auto whitespace-pre-wrap break-words\">\n<div class=\"markdown prose w-full break-words dark:prose-invert light\">\n<p><em>Tornum TKR<\/em> graudu kalte ir ener\u0123iju taupo\u0161a caurpl\u016bdes tipa kalte ar modernu recirkul\u0101cijas sist\u0113mu. T\u0101 ne tikai kalt\u0113 j\u016bsu graudus, bet ar\u012b optimiz\u0113 katru procesa posmu, t\u0101d\u0113j\u0101di ietaupot l\u012bdz pat 15\u201320% ener\u0123ijas, izmantojot vair\u0101kus gaisa sild\u012b\u0161anas so\u013cus.<\/p>\n<\/div>\n<\/div>\n<\/div>\n","protected":false},"featured_media":31373,"comment_status":"open","ping_status":"closed","template":"","meta":{"_acf_changed":false},"product_brand":[],"product_cat":[845,880,863,864,846,884],"product_tag":[867,913,885,868],"class_list":{"0":"post-31372","1":"product","2":"type-product","3":"status-publish","4":"has-post-thumbnail","6":"product_cat-all-products-lv","7":"product_cat-feed-lv","8":"product_cat-food-2-lv","9":"product_cat-grain-lv","10":"product_cat-conditioning-lv","11":"product_cat-grain-dryers-lv","12":"product_tag-dryer-lv","13":"product_tag-dryer-rex-lv","14":"product_tag-dryer-tk-lv","15":"product_tag-dryer-tkr-lv","16":"pa_products-type-grain-lv","17":"description-off","19":"first","20":"instock","21":"shipping-taxable","22":"product-type-simple"},"acf":[],"_links":{"self":[{"href":"https:\/\/www.tornum.com\/lv\/wp-json\/wp\/v2\/product\/31372","targetHints":{"allow":["GET"]}}],"collection":[{"href":"https:\/\/www.tornum.com\/lv\/wp-json\/wp\/v2\/product"}],"about":[{"href":"https:\/\/www.tornum.com\/lv\/wp-json\/wp\/v2\/types\/product"}],"replies":[{"embeddable":true,"href":"https:\/\/www.tornum.com\/lv\/wp-json\/wp\/v2\/comments?post=31372"}],"version-history":[{"count":2,"href":"https:\/\/www.tornum.com\/lv\/wp-json\/wp\/v2\/product\/31372\/revisions"}],"predecessor-version":[{"id":31487,"href":"https:\/\/www.tornum.com\/lv\/wp-json\/wp\/v2\/product\/31372\/revisions\/31487"}],"wp:featuredmedia":[{"embeddable":true,"href":"https:\/\/www.tornum.com\/lv\/wp-json\/wp\/v2\/media\/31373"}],"wp:attachment":[{"href":"https:\/\/www.tornum.com\/lv\/wp-json\/wp\/v2\/media?parent=31372"}],"wp:term":[{"taxonomy":"product_brand","embeddable":true,"href":"https:\/\/www.tornum.com\/lv\/wp-json\/wp\/v2\/product_brand?post=31372"},{"taxonomy":"product_cat","embeddable":true,"href":"https:\/\/www.tornum.com\/lv\/wp-json\/wp\/v2\/product_cat?post=31372"},{"taxonomy":"product_tag","embeddable":true,"href":"https:\/\/www.tornum.com\/lv\/wp-json\/wp\/v2\/product_tag?post=31372"}],"curies":[{"name":"wp","href":"https:\/\/api.w.org\/{rel}","templated":true}]}}