{"id":31377,"date":"2023-05-14T21:51:07","date_gmt":"2023-05-14T21:51:07","guid":{"rendered":"https:\/\/www.tornum.com\/product\/cyclone\/"},"modified":"2025-07-30T09:46:23","modified_gmt":"2025-07-30T09:46:23","slug":"ciklonseparators","status":"publish","type":"product","link":"https:\/\/www.tornum.com\/lv\/product\/ciklonseparators\/","title":{"rendered":"CIKLONSEPARATORS"},"content":{"rendered":"<div class=\"wpb-content-wrapper\"><p>[vc_row][vc_column width=&#8221;2\/3&#8243;][vc_column_text]<em>Tornum<\/em> ciklonseparatori paredz\u0113ti graudu atkritumu un gaisa atdal\u012b\u0161anai, cik vien efekt\u012bvi iesp\u0113jams. Ciklonseparatoru un graudu atkritumu p\u0101rvald\u012bbas poz\u012bcija ir b\u016btisks aspekts, pl\u0101nojot graudu apstr\u0101des sist\u0113mu, kas nodro\u0161in\u0101tu labu darba vidi.[\/vc_column_text][\/vc_column][vc_column width=&#8221;1\/3&#8243;][vc_column_text]<strong>FUNKCIJAS<\/strong><br \/>\n\u2022 Izgatavots no karsti cinkota t\u0113rauda<br \/>\n\u2022 Apr\u012bkots ar spir\u0101lveida cauru\u013cvadu savienojumiem uzpildei, izkrau\u0161anai un ventil\u0101cijai<\/p>\n<p><strong>OPTIONS<\/strong><\/p>\n<ul>\n<li>Aspirator<\/li>\n<li>Dust container<\/li>\n<li>DC Remover<\/li>\n<li>Aeration pipe<\/li>\n<li>Cyclone protection roof<\/li>\n<\/ul>\n<p>[\/vc_column_text][\/vc_column][\/vc_row]<\/p>\n<\/div>","protected":false},"excerpt":{"rendered":"<p><em>Tornum <\/em>ciklonseparatori ir izstr\u0101d\u0101ti efekt\u012bvai graudu atkritumu un gaisa atdal\u012b\u0161anai, kas ir b\u016btisks elements, lai rad\u012btu produkt\u012bvu un dro\u0161u darba vidi graudu p\u0101rkrau\u0161anas sist\u0113m\u0101.<\/p>\n","protected":false},"featured_media":29580,"comment_status":"open","ping_status":"closed","template":"","meta":{"_acf_changed":false},"product_brand":[],"product_cat":[845,864,870,871],"product_tag":[898,914,881,873],"class_list":{"0":"post-31377","1":"product","2":"type-product","3":"status-publish","4":"has-post-thumbnail","6":"product_cat-all-products-lv","7":"product_cat-grain-lv","8":"product_cat-material-handling-lv","9":"product_cat-dust-separation-lv","10":"product_tag-cleaning-lv","11":"product_tag-cyclone-lv","12":"product_tag-dust-lv","13":"product_tag-separation-lv","14":"description-off","16":"first","17":"instock","18":"shipping-taxable","19":"product-type-simple"},"acf":[],"_links":{"self":[{"href":"https:\/\/www.tornum.com\/lv\/wp-json\/wp\/v2\/product\/31377","targetHints":{"allow":["GET"]}}],"collection":[{"href":"https:\/\/www.tornum.com\/lv\/wp-json\/wp\/v2\/product"}],"about":[{"href":"https:\/\/www.tornum.com\/lv\/wp-json\/wp\/v2\/types\/product"}],"replies":[{"embeddable":true,"href":"https:\/\/www.tornum.com\/lv\/wp-json\/wp\/v2\/comments?post=31377"}],"version-history":[{"count":2,"href":"https:\/\/www.tornum.com\/lv\/wp-json\/wp\/v2\/product\/31377\/revisions"}],"predecessor-version":[{"id":31488,"href":"https:\/\/www.tornum.com\/lv\/wp-json\/wp\/v2\/product\/31377\/revisions\/31488"}],"wp:featuredmedia":[{"embeddable":true,"href":"https:\/\/www.tornum.com\/lv\/wp-json\/wp\/v2\/media\/29580"}],"wp:attachment":[{"href":"https:\/\/www.tornum.com\/lv\/wp-json\/wp\/v2\/media?parent=31377"}],"wp:term":[{"taxonomy":"product_brand","embeddable":true,"href":"https:\/\/www.tornum.com\/lv\/wp-json\/wp\/v2\/product_brand?post=31377"},{"taxonomy":"product_cat","embeddable":true,"href":"https:\/\/www.tornum.com\/lv\/wp-json\/wp\/v2\/product_cat?post=31377"},{"taxonomy":"product_tag","embeddable":true,"href":"https:\/\/www.tornum.com\/lv\/wp-json\/wp\/v2\/product_tag?post=31377"}],"curies":[{"name":"wp","href":"https:\/\/api.w.org\/{rel}","templated":true}]}}