{"id":31379,"date":"2023-05-14T21:15:17","date_gmt":"2023-05-14T21:15:17","guid":{"rendered":"https:\/\/www.tornum.com\/product\/damas-omega\/"},"modified":"2025-07-30T09:52:50","modified_gmt":"2025-07-30T09:52:50","slug":"damas-omega","status":"publish","type":"product","link":"https:\/\/www.tornum.com\/lv\/product\/damas-omega\/","title":{"rendered":"DAMAS OMEGA"},"content":{"rendered":"<div class=\"wpb-content-wrapper\"><p>[vc_row][vc_column width=&#8221;2\/3&#8243;][vc_column_text]<em>Omega<\/em> t\u012br\u012bt\u0101js un \u0161\u0137irot\u0101js ir \u013coti elast\u012bgs un to var izmantot da\u017e\u0101du t\u012br\u012b\u0161anas un \u0161\u0137iro\u0161anas uzdevumu veik\u0161anai, s\u0101kot no priek\u0161t\u012br\u012b\u0161anas, beidzot ar smalko t\u012br\u012b\u0161anu. <em>Omega<\/em> t\u012br\u012bt\u0101js un \u0161\u0137irot\u0101js pieejams ar vai bez gaisa recirkul\u0101cijas, lai piel\u0101gotos viet\u0113j\u0101m pras\u012bb\u0101m attiec\u012bb\u0101 uz gaisa pat\u0113ri\u0146u, siltumener\u0123ijas rekuper\u0101ciju utt. Gaisa sist\u0113mas pirms un p\u0113c s\u016bkn\u0113\u0161anas darb\u012bb\u0101m ir piln\u012bgi no\u0161\u0137iramas, tas \u013cauj izmantot neatkar\u012bgus iestat\u012bjumus viegl\u0101kai lieto\u0161anai, uzlabojot t\u012br\u012b\u0161anas efektivit\u0101ti.[\/vc_column_text][\/vc_column][vc_column width=&#8221;1\/3&#8243;][vc_column_text]<strong>FUNKCIJAS<\/strong><br \/>\n\u2022 Nosl\u0113gts, nodro\u0161inot zem\u0101ku trok\u0161\u0146a l\u012bmeni<br \/>\n\u2022 Sieta kastes ir ra\u017eotas no iztur\u012bga <em>WISAform<\/em>, kas ir apstiprin\u0101ts izmanto\u0161anai ar p\u0101rtikas produktiem<br \/>\n\u2022 Sieta t\u012br\u012b\u0161ana ar \u012bpa\u0161\u0101m gumijas bumbi\u0146\u0101m<br \/>\n\u2022 Regul\u0113jama padeves kontrole k\u0101 standarta apr\u012bkojums<br \/>\n\u2022 Materi\u0101la izkliede uz sieta tiek nodro\u0161in\u0101ta, izmantojot skr\u016bvi (da\u017eos mode\u013cos k\u0101 papildapr\u012bkojums)<\/p>\n<p><strong>PAPILDAPR\u012aKOJUMS<\/strong><br \/>\n\u2022 Elektroniska uzraudz\u012bbas sist\u0113ma[\/vc_column_text][\/vc_column][\/vc_row]<\/p>\n<\/div>","protected":false},"excerpt":{"rendered":"<p><em>Omega<\/em> t\u012br\u012b\u0161anas iek\u0101rta ir daudzpus\u012bga, piem\u0113rota da\u017e\u0101diem t\u012br\u012b\u0161anas un \u0161\u0137iro\u0161anas uzdevumiem, ar papildu gaisa recirkul\u0101ciju, lai piel\u0101gotos viet\u0113j\u0101m vajadz\u012bb\u0101m attiec\u012bb\u0101 uz gaisa pat\u0113ri\u0146u un siltumener\u0123ijas rekuper\u0101ciju.<\/p>\n","protected":false},"featured_media":31381,"comment_status":"open","ping_status":"closed","template":"","meta":{"_acf_changed":false},"product_brand":[],"product_cat":[845,880,863,864,870,897],"product_tag":[898,899,881,873],"class_list":{"0":"post-31379","1":"product","2":"type-product","3":"status-publish","4":"has-post-thumbnail","6":"product_cat-all-products-lv","7":"product_cat-feed-lv","8":"product_cat-food-2-lv","9":"product_cat-grain-lv","10":"product_cat-material-handling-lv","11":"product_cat-cleaning-machines-lv","12":"product_tag-cleaning-lv","13":"product_tag-dc-remover-lv","14":"product_tag-dust-lv","15":"product_tag-separation-lv","16":"description-off","18":"first","19":"instock","20":"shipping-taxable","21":"product-type-simple"},"acf":[],"_links":{"self":[{"href":"https:\/\/www.tornum.com\/lv\/wp-json\/wp\/v2\/product\/31379","targetHints":{"allow":["GET"]}}],"collection":[{"href":"https:\/\/www.tornum.com\/lv\/wp-json\/wp\/v2\/product"}],"about":[{"href":"https:\/\/www.tornum.com\/lv\/wp-json\/wp\/v2\/types\/product"}],"replies":[{"embeddable":true,"href":"https:\/\/www.tornum.com\/lv\/wp-json\/wp\/v2\/comments?post=31379"}],"version-history":[{"count":2,"href":"https:\/\/www.tornum.com\/lv\/wp-json\/wp\/v2\/product\/31379\/revisions"}],"predecessor-version":[{"id":31500,"href":"https:\/\/www.tornum.com\/lv\/wp-json\/wp\/v2\/product\/31379\/revisions\/31500"}],"wp:featuredmedia":[{"embeddable":true,"href":"https:\/\/www.tornum.com\/lv\/wp-json\/wp\/v2\/media\/31381"}],"wp:attachment":[{"href":"https:\/\/www.tornum.com\/lv\/wp-json\/wp\/v2\/media?parent=31379"}],"wp:term":[{"taxonomy":"product_brand","embeddable":true,"href":"https:\/\/www.tornum.com\/lv\/wp-json\/wp\/v2\/product_brand?post=31379"},{"taxonomy":"product_cat","embeddable":true,"href":"https:\/\/www.tornum.com\/lv\/wp-json\/wp\/v2\/product_cat?post=31379"},{"taxonomy":"product_tag","embeddable":true,"href":"https:\/\/www.tornum.com\/lv\/wp-json\/wp\/v2\/product_tag?post=31379"}],"curies":[{"name":"wp","href":"https:\/\/api.w.org\/{rel}","templated":true}]}}