{"id":31382,"date":"2023-05-14T21:18:40","date_gmt":"2023-05-14T21:18:40","guid":{"rendered":"https:\/\/www.tornum.com\/product\/damas-pulco\/"},"modified":"2025-07-30T09:59:19","modified_gmt":"2025-07-30T09:59:19","slug":"damas-pulco","status":"publish","type":"product","link":"https:\/\/www.tornum.com\/lv\/product\/damas-pulco\/","title":{"rendered":"DAMAS PULCO"},"content":{"rendered":"<p><strong>Efekt\u012bvs aspirators<\/strong><br \/>\n<em>Pulco<\/em> efekt\u012bvi ar gaisa pal\u012bdz\u012bbu atdala viegl\u0101s kult\u016bras no smagaj\u0101m.<\/p>\n<p>Aspiratoru iesp\u0113jams izmantot jebkur\u0101 ra\u017eotn\u0113, kur tas ir visnoder\u012bg\u0101kais. To iesp\u0113jams izmantot priek\u0161t\u012br\u012b\u0161anai materi\u0101la pie\u0146em\u0161anas laik\u0101, papildus t\u012br\u012b\u0161anai smalk\u0101s t\u012br\u012b\u0161anas proces\u0101, graudu s\u0113klu t\u012br\u012b\u0161anai pirms apstr\u0101des, r\u016bpnieciskajai t\u012br\u012b\u0161anai vai iesala t\u012br\u012b\u0161anai izkrau\u0161anas laik\u0101.<\/p>\n<p><em>Pulco<\/em> izstr\u0101d\u0101ts, lai nodro\u0161in\u0101tu vislab\u0101ko iesp\u0113jamo t\u012br\u012b\u0161anu visos apst\u0101k\u013cos. To var izmantot s\u0113nalu un vieglo piemais\u012bjumu t\u012br\u012b\u0161anai, tos atdalot no graudiem.<\/p>\n<p><em>Pulco<\/em> ir vienk\u0101r\u0161a un videi draudz\u012bga konstrukcija, un iek\u0101rta ir viegli darbin\u0101ma. Var tikt apr\u012bkots ar att\u0101lin\u0101tas vad\u012bbas sist\u0113mu.<\/p>\n<ul>\n<li><em>Pulco<\/em> ir pa\u0161att\u012bro\u0161s un tam ir ide\u0101la gaisa pl\u016bsma, pateicoties perfektai materi\u0101la izkliedei.<\/li>\n<li>Iek\u0101rta nerada vibr\u0101cijas, un, \u0146emot v\u0113r\u0101 t\u0101s jaudu, tai nepiecie\u0161ama \u013coti neliela telpa.<\/li>\n<li><em>Pulco<\/em> rad\u012btais trok\u0161\u0146a l\u012bmenis ir zems, t\u012br\u012bt\u0101jam nepiecie\u0161ama zema jauda, un tas ir videi draudz\u012bgs.<\/li>\n<li>Visaptvero\u0161s piederumu kl\u0101sts modu\u013cu veid\u0101 nodro\u0161ina iesp\u0113ju apmierin\u0101t pa\u0161reiz\u0113j\u0101s un n\u0101kotnes pras\u012bbas.<\/li>\n<\/ul>\n","protected":false},"excerpt":{"rendered":"<p><em>Pulco<\/em> ir efekt\u012bvs aspir\u0101cijas tipa att\u012br\u012bt\u0101js, kas ar gaisa pal\u012bdz\u012bbu atdala viegl\u0101s un smag\u0101s kult\u016bras, piel\u0101gojams da\u017e\u0101diem lietojumiem, tostarp priek\u0161att\u012br\u012b\u0161anai, smalkajai t\u012br\u012b\u0161anai, s\u0113klu apstr\u0101dei, r\u016bpnieciskai t\u012br\u012b\u0161anai un iesala apstr\u0101dei.<\/p>\n","protected":false},"featured_media":31383,"comment_status":"open","ping_status":"closed","template":"","meta":{"_acf_changed":false},"product_brand":[],"product_cat":[845,864,870,897],"product_tag":[898,899,881,873],"class_list":{"0":"post-31382","1":"product","2":"type-product","3":"status-publish","4":"has-post-thumbnail","6":"product_cat-all-products-lv","7":"product_cat-grain-lv","8":"product_cat-material-handling-lv","9":"product_cat-cleaning-machines-lv","10":"product_tag-cleaning-lv","11":"product_tag-dc-remover-lv","12":"product_tag-dust-lv","13":"product_tag-separation-lv","14":"description-off","16":"first","17":"instock","18":"shipping-taxable","19":"product-type-simple"},"acf":[],"_links":{"self":[{"href":"https:\/\/www.tornum.com\/lv\/wp-json\/wp\/v2\/product\/31382","targetHints":{"allow":["GET"]}}],"collection":[{"href":"https:\/\/www.tornum.com\/lv\/wp-json\/wp\/v2\/product"}],"about":[{"href":"https:\/\/www.tornum.com\/lv\/wp-json\/wp\/v2\/types\/product"}],"replies":[{"embeddable":true,"href":"https:\/\/www.tornum.com\/lv\/wp-json\/wp\/v2\/comments?post=31382"}],"version-history":[{"count":1,"href":"https:\/\/www.tornum.com\/lv\/wp-json\/wp\/v2\/product\/31382\/revisions"}],"predecessor-version":[{"id":31509,"href":"https:\/\/www.tornum.com\/lv\/wp-json\/wp\/v2\/product\/31382\/revisions\/31509"}],"wp:featuredmedia":[{"embeddable":true,"href":"https:\/\/www.tornum.com\/lv\/wp-json\/wp\/v2\/media\/31383"}],"wp:attachment":[{"href":"https:\/\/www.tornum.com\/lv\/wp-json\/wp\/v2\/media?parent=31382"}],"wp:term":[{"taxonomy":"product_brand","embeddable":true,"href":"https:\/\/www.tornum.com\/lv\/wp-json\/wp\/v2\/product_brand?post=31382"},{"taxonomy":"product_cat","embeddable":true,"href":"https:\/\/www.tornum.com\/lv\/wp-json\/wp\/v2\/product_cat?post=31382"},{"taxonomy":"product_tag","embeddable":true,"href":"https:\/\/www.tornum.com\/lv\/wp-json\/wp\/v2\/product_tag?post=31382"}],"curies":[{"name":"wp","href":"https:\/\/api.w.org\/{rel}","templated":true}]}}