{"id":31384,"date":"2023-05-14T21:13:07","date_gmt":"2023-05-14T21:13:07","guid":{"rendered":"https:\/\/www.tornum.com\/product\/damas-sigma\/"},"modified":"2025-07-16T10:03:12","modified_gmt":"2025-07-16T10:03:12","slug":"damas-sigma","status":"publish","type":"product","link":"https:\/\/www.tornum.com\/lv\/product\/damas-sigma\/","title":{"rendered":"DAMAS SIGMA"},"content":{"rendered":"<div class=\"wpb-content-wrapper\"><p>[vc_row][vc_column width=&#8221;2\/3&#8243;][vc_column_text]<em>Sigma<\/em> t\u012br\u012bt\u0101js galvenok\u0101rt paredz\u0113ts graudu un citu granul\u0113ta materi\u0101la priek\u0161t\u012br\u012b\u0161anai, ta\u010du var tikt izmantots ar\u012b smalkajai t\u012br\u012b\u0161anai. <em>SIGMA<\/em> ir vertik\u0101li, rot\u0113jo\u0161i sieti, kas, pateicoties centrb\u0113dzes sp\u0113kam, nodro\u0161ina lielu jaudu, \u0146emot v\u0113r\u0101 iek\u0101rtas izm\u0113ru.[\/vc_column_text][\/vc_column][vc_column width=&#8221;1\/3&#8243;][vc_column_text]<strong>FUNKCIJAS<\/strong><br \/>\n\u2022 Rot\u0113jo\u0161a un nevibr\u0113jo\u0161a darb\u012bba<br \/>\n\u2022 Minim\u0101las pras\u012bbas pamatnei<br \/>\n\u2022 Elast\u012bga uzst\u0101d\u012b\u0161ana. Viegli piel\u0101gojama rot\u0113jo\u0161a izpl\u016bdes sekcija un izpl\u016bdes l\u016bka.<br \/>\n\u2022 Piln\u012bgi nosl\u0113gts, nodro\u0161inot zemu trok\u0161\u0146a l\u012bmeni un bezputek\u013cu vidi<br \/>\n\u2022 Pa\u0161iestato\u0161as rot\u0113jo\u0161as sloti\u0146as nodro\u0161ina efekt\u012bvu sieta t\u012br\u012b\u0161anu<br \/>\n\u2022 Izpl\u016bdes sekcija ar efekt\u012bvu aspir\u0101cijas iek\u0101rtu<\/p>\n<p><strong>PAPILDAPR\u012aKOJUMS<\/strong><br \/>\n\u2022 Elektroniska uzraudz\u012bbas sist\u0113ma[\/vc_column_text][\/vc_column][\/vc_row]<\/p>\n<\/div>","protected":false},"excerpt":{"rendered":"<p><em>Sigma<\/em> ir paredz\u0113ts efekt\u012bvai graudu un granulveida materi\u0101lu priek\u0161t\u012br\u012b\u0161anai un smalkajai t\u012br\u012b\u0161anai, un tam ir vertik\u0101li rot\u0113jo\u0161i sieti, kas nodro\u0161ina lielu jaudu, sal\u012bdzinot ar t\u0101 izm\u0113riem.<\/p>\n","protected":false},"featured_media":31386,"comment_status":"open","ping_status":"closed","template":"","meta":{"_acf_changed":false},"product_brand":[],"product_cat":[845,880,863,864,870,897],"product_tag":[898,915,881,873],"class_list":{"0":"post-31384","1":"product","2":"type-product","3":"status-publish","4":"has-post-thumbnail","6":"product_cat-all-products-lv","7":"product_cat-feed-lv","8":"product_cat-food-2-lv","9":"product_cat-grain-lv","10":"product_cat-material-handling-lv","11":"product_cat-cleaning-machines-lv","12":"product_tag-cleaning-lv","13":"product_tag-damas-lv","14":"product_tag-dust-lv","15":"product_tag-separation-lv","16":"description-off","18":"first","19":"instock","20":"shipping-taxable","21":"product-type-simple"},"acf":[],"_links":{"self":[{"href":"https:\/\/www.tornum.com\/lv\/wp-json\/wp\/v2\/product\/31384","targetHints":{"allow":["GET"]}}],"collection":[{"href":"https:\/\/www.tornum.com\/lv\/wp-json\/wp\/v2\/product"}],"about":[{"href":"https:\/\/www.tornum.com\/lv\/wp-json\/wp\/v2\/types\/product"}],"replies":[{"embeddable":true,"href":"https:\/\/www.tornum.com\/lv\/wp-json\/wp\/v2\/comments?post=31384"}],"version-history":[{"count":2,"href":"https:\/\/www.tornum.com\/lv\/wp-json\/wp\/v2\/product\/31384\/revisions"}],"predecessor-version":[{"id":31517,"href":"https:\/\/www.tornum.com\/lv\/wp-json\/wp\/v2\/product\/31384\/revisions\/31517"}],"wp:featuredmedia":[{"embeddable":true,"href":"https:\/\/www.tornum.com\/lv\/wp-json\/wp\/v2\/media\/31386"}],"wp:attachment":[{"href":"https:\/\/www.tornum.com\/lv\/wp-json\/wp\/v2\/media?parent=31384"}],"wp:term":[{"taxonomy":"product_brand","embeddable":true,"href":"https:\/\/www.tornum.com\/lv\/wp-json\/wp\/v2\/product_brand?post=31384"},{"taxonomy":"product_cat","embeddable":true,"href":"https:\/\/www.tornum.com\/lv\/wp-json\/wp\/v2\/product_cat?post=31384"},{"taxonomy":"product_tag","embeddable":true,"href":"https:\/\/www.tornum.com\/lv\/wp-json\/wp\/v2\/product_tag?post=31384"}],"curies":[{"name":"wp","href":"https:\/\/api.w.org\/{rel}","templated":true}]}}