{"id":31387,"date":"2023-05-04T09:56:59","date_gmt":"2023-05-04T09:56:59","guid":{"rendered":"https:\/\/www.tornum.com\/product\/dual-batch-dryer-ts-and-tshr\/"},"modified":"2025-07-30T10:07:22","modified_gmt":"2025-07-30T10:07:22","slug":"dubultas-porcijas-tipa-kalte-ts-un-tshr","status":"publish","type":"product","link":"https:\/\/www.tornum.com\/lv\/product\/dubultas-porcijas-tipa-kalte-ts-un-tshr\/","title":{"rendered":"DUBULTAS PORCIJAS TIPA KALTE TS UN TSHR"},"content":{"rendered":"<div class=\"wpb-content-wrapper\"><p>[vc_row gap=&#8221;35&#8243;][vc_column width=&#8221;2\/3&#8243;][vc_column_text]Ar <em>Tornum<\/em> gaisa sadales k\u0101rbu j\u016bs varat apvienot divas kaltes, lai izveidotu dubulto porciju tipa graudu kalti. Gaisa sadales k\u0101rba ir pievienota siltuma avotam un dzes\u0113\u0161anas ventilatoriem. Ar \u0161o sist\u0113mu graudi vien\u0101 kalt\u0113 tiek \u017e\u0101v\u0113ti, turpretim otr\u0101 kalt\u0113 graudi tiek atdzes\u0113ti, kalte tiek iztuk\u0161ota un atk\u0101rtoti uzpild\u012bta. Tas nodro\u0161ina, ka siltuma avots tiek piln\u012bb\u0101 izmantots, un jums nav j\u0101uztraucas par to, kad kalte b\u016bs gatava lieto\u0161anai.<\/p>\n<p><strong>Sist\u0113ma sast\u0101v no:<\/strong><br \/>\n\u2022 Div\u0101m <a href=\"https:\/\/www.tornum.com\/product\/batch-dryer-ts\/\">porciju tipa kalt\u0113m<\/a><br \/>\n\u2022 Vienas gaisa sadales k\u0101rbas<br \/>\n\u2022 Dzes\u0113\u0161anas ventilatora<br \/>\n\u2022 Automatiz\u0101cijas iesp\u0113jas, izmantojot kaltes kontroles sist\u0113mu<br \/>\n\u2022 Cauru\u013cu komplekta<br \/>\n\u2022 Aizb\u012bd\u0146a un kontroles sensora<\/p>\n<p><em>Tornum<\/em> dubulto porciju tipa kalti iesp\u0113jams apr\u012bkot ar siltumener\u0123ijas rekuper\u0101cijas iesp\u0113ju, lai samazin\u0101tu kalt\u0113\u0161anas laiku un ener\u0123ijas pat\u0113ri\u0146u. Sensors tiek uzst\u0101d\u012bts, lai nov\u0113rt\u0113tu mitr\u0101 gaisa temperat\u016bru kalt\u0113, un tas tiek izmantots procesa kontrolei. <em>TSHR<\/em> dubult\u0101s porciju tipa kaltes patents atrodas apstiprin\u0101\u0161anas proces\u0101.<\/p>\n<p><strong>L\u012bdz pat 12% efekt\u012bv\u0101ka.<\/strong><\/p>\n<p>M\u016bsu <em>TSHR<\/em> kaltes dizains \u013cauj izmantot tikai da\u017eus aizb\u012bd\u0146us, lai kontrol\u0113tu karst\u0101 gaisa pl\u016bsmu starp div\u0101m <em>TS<\/em> kalt\u0113m. Karstais gaiss, kas jau ir aizpl\u016bdis gar\u0101m graudiem pirmaj\u0101 kalt\u0113, var tikt izmantots atk\u0101rtoti un novirz\u012bts uz otro kalti, t\u0101d\u0113j\u0101di \u013caujot uzkars\u0113t tikko iekrautos graudus. <em>TSHR<\/em> koncepcija vislab\u0101k darbojas, ja t\u0101 uzst\u0101d\u012bta uz eso\u0161as <em>TS<\/em> dubult\u0101s porciju tipa kaltes.[\/vc_column_text][\/vc_column][vc_column width=&#8221;1\/3&#8243;][vc_column_text]<strong>PAPILDAPR\u012aKOJUMS<\/strong><br \/>\n\u2022 K\u0101pnes un platformas<br \/>\n\u2022 L\u012bme\u0146a indikators<br \/>\n\u2022 Ugunsgr\u0113ka signaliz\u0101cijas sist\u0113ma<br \/>\n\u2022 Palielin\u0101ta buferzona<br \/>\n\u2022 Kontroles meh\u0101nisms \u2013 mitruma satura vai temperat\u016bras kontrole<br \/>\n\u2022 Interv\u0101la izkrau\u0161ana[\/vc_column_text][\/vc_column][\/vc_row]<\/p>\n<\/div>","protected":false},"excerpt":{"rendered":"<p><em>Tornum<\/em> pied\u0101v\u0101 inovat\u012bvu gaisa sadales k\u0101rbu, kas \u013cauj apvienot divas kaltes, izveidojot dubultu porciju tipa kalti, nodro\u0161inot efekt\u012bvu siltuma avota izmanto\u0161anu un nep\u0101rtrauktus kalt\u0113\u0161anas un dzes\u0113\u0161anas ciklus.<\/p>\n","protected":false},"featured_media":31388,"comment_status":"open","ping_status":"closed","template":"","meta":{"_acf_changed":false},"product_brand":[],"product_cat":[845,864,846,884],"product_tag":[867,885,868,916],"class_list":{"0":"post-31387","1":"product","2":"type-product","3":"status-publish","4":"has-post-thumbnail","6":"product_cat-all-products-lv","7":"product_cat-grain-lv","8":"product_cat-conditioning-lv","9":"product_cat-grain-dryers-lv","10":"product_tag-dryer-lv","11":"product_tag-dryer-tk-lv","12":"product_tag-dryer-tkr-lv","13":"product_tag-dryer-ts-lv","14":"description-off","16":"first","17":"instock","18":"shipping-taxable","19":"product-type-simple"},"acf":[],"_links":{"self":[{"href":"https:\/\/www.tornum.com\/lv\/wp-json\/wp\/v2\/product\/31387","targetHints":{"allow":["GET"]}}],"collection":[{"href":"https:\/\/www.tornum.com\/lv\/wp-json\/wp\/v2\/product"}],"about":[{"href":"https:\/\/www.tornum.com\/lv\/wp-json\/wp\/v2\/types\/product"}],"replies":[{"embeddable":true,"href":"https:\/\/www.tornum.com\/lv\/wp-json\/wp\/v2\/comments?post=31387"}],"version-history":[{"count":2,"href":"https:\/\/www.tornum.com\/lv\/wp-json\/wp\/v2\/product\/31387\/revisions"}],"predecessor-version":[{"id":31531,"href":"https:\/\/www.tornum.com\/lv\/wp-json\/wp\/v2\/product\/31387\/revisions\/31531"}],"wp:featuredmedia":[{"embeddable":true,"href":"https:\/\/www.tornum.com\/lv\/wp-json\/wp\/v2\/media\/31388"}],"wp:attachment":[{"href":"https:\/\/www.tornum.com\/lv\/wp-json\/wp\/v2\/media?parent=31387"}],"wp:term":[{"taxonomy":"product_brand","embeddable":true,"href":"https:\/\/www.tornum.com\/lv\/wp-json\/wp\/v2\/product_brand?post=31387"},{"taxonomy":"product_cat","embeddable":true,"href":"https:\/\/www.tornum.com\/lv\/wp-json\/wp\/v2\/product_cat?post=31387"},{"taxonomy":"product_tag","embeddable":true,"href":"https:\/\/www.tornum.com\/lv\/wp-json\/wp\/v2\/product_tag?post=31387"}],"curies":[{"name":"wp","href":"https:\/\/api.w.org\/{rel}","templated":true}]}}