{"id":31389,"date":"2023-05-14T21:17:15","date_gmt":"2023-05-14T21:17:15","guid":{"rendered":"https:\/\/www.tornum.com\/product\/damas-uniseed-duoseed\/"},"modified":"2025-07-15T11:26:35","modified_gmt":"2025-07-15T11:26:35","slug":"damas-uniseed-duoseed","status":"publish","type":"product","link":"https:\/\/www.tornum.com\/lv\/product\/damas-uniseed-duoseed\/","title":{"rendered":"DAMAS UNISEED\/DUOSEED"},"content":{"rendered":"<div class=\"wpb-content-wrapper\"><p>[vc_row][vc_column width=&#8221;2\/3&#8243;][vc_column_text]<em>Damas Uniseed<\/em> un <em>Duoseed<\/em> t\u012br\u012b\u0161anas iek\u0101rtas ir \u012bpa\u0161i konstru\u0113tas graudu \u0161\u0137iro\u0161anai un t\u012br\u012b\u0161anai saimniec\u012bb\u0101s, k\u0101 ar\u012b neliela m\u0113roga r\u016bpnieciskai graudu p\u0101rstr\u0101dei. \u0160\u012bs ma\u0161\u012bnas pied\u0101v\u0101 t\u0101du pa\u0161u augsta l\u012bme\u0146a veiktsp\u0113ju un efektivit\u0101ti, k\u0101da ir r\u016bpniecisk\u0101s klases <em>Damas OMEGA<\/em> t\u012br\u0101majai \/ \u0161\u0137iro\u0161anas iek\u0101rtai, ta\u010du t\u0101 ir kompakta un ekonomiski izdev\u012bga, t\u0101p\u0113c t\u0101s ir lieliski piem\u0113rotas saimniec\u012bb\u0101m, kur\u0101s graudus izmanto gan lopbar\u012bbai, gan p\u0101rdo\u0161anai.<\/p>\n<p><em>Damas DuoSeed<\/em>, dubult\u0101 <em>Uniseed<\/em> iek\u0101rta, optimiz\u0113 telpas izmanto\u0161anu j\u016bsu graudu p\u0101rstr\u0101des uz\u0146\u0113mum\u0101. \u0160\u012bm iek\u0101rt\u0101m ir pieejamas da\u017e\u0101das konfigur\u0101cijas ar papildu padeves ier\u012bc\u0113m, apgrie\u0161anas-atdal\u012b\u0161anas iek\u0101rt\u0101m un priek\u0161s\u016bkn\u0113\u0161anas iek\u0101rt\u0101m.<\/p>\n<p><em>Uniseed<\/em> un <em>Duoseed<\/em> t\u012br\u012b\u0161anas ma\u0161\u012bnas ir \u012bpa\u0161i piem\u0113rotas rap\u0161a, kvie\u0161u, mie\u017eu, kukur\u016bzas un citu s\u0113klu t\u012br\u012b\u0161anai.<\/p>\n<p><strong>K\u0101 t\u0101s darbojas<\/strong><\/p>\n<p><em>Uniseed<\/em> un <em>Duoseed<\/em> t\u012br\u012b\u0161anas iek\u0101rtas ir izgatavotas no cinkota t\u0113rauda, un taj\u0101s tiek izmantota plakana t\u012br\u012b\u0161anas metode. Aug\u0161\u0113jais siets p\u0101rvietojas vienm\u0113r\u012bgi horizont\u0101li, bet apak\u0161\u0113jais siets p\u0101rvietojas sl\u012bpi. \u0160is unik\u0101lais kust\u012bbu modelis, kas ir ekskluz\u012bvs<em> SKIOLD Damas<\/em> att\u012br\u012bt\u0101jiem, nodro\u0161ina \u013coti efekt\u012bvu t\u012br\u012b\u0161anu uz aug\u0161\u0113j\u0101 sieta un izcilu materi\u0101la \u0161\u0137iro\u0161anu.[\/vc_column_text][\/vc_column][vc_column width=&#8221;1\/3&#8243;][vc_column_text]<strong>FUNKCIJAS<\/strong><br \/>\n<em>\u2022\u00a0Graudu \u0161\u0137iro\u0161ana saimniec\u012bb\u0101:<\/em> <em>Uniseed<\/em> un <em>Duoseed<\/em> iek\u0101rtas ir ide\u0101li piem\u0113rotas lauksaimniekiem, kuri pa\u0161i ra\u017eo lopbar\u012bbu vai \u0161\u0137iro graudus uz vietas. To kompaktais izm\u0113rs, vienk\u0101r\u0161\u0101 ekspluat\u0101cija un minim\u0101l\u0101 apkope padara t\u0101s par lielisku izv\u0113li pat neregul\u0101rai lieto\u0161anai. Turkl\u0101t atkritumus var izmantot autom\u0101tiskajos kurtuv\u0113s, t\u0101d\u0113j\u0101di samazinot atkritumu daudzumu l\u012bdz minimumam.<\/p>\n<ul>\n<li><em>Uzlabota graudu kvalit\u0101te<\/em>: Izv\u0113loties <em>Uniseed<\/em> vai <em>Duoseed,<\/em> piem\u0113ram, rap\u0161a s\u0113klu vai iesala mie\u017eu t\u012br\u012b\u0161anai, j\u016bs varat pa\u013cauties uz to, ka \u0161\u012bs iek\u0101rtas nodro\u0161in\u0101s izcilu kvalit\u0101ti, \u013caujot jums ieg\u016bt lab\u0101ko cenu par savu produkciju. Ar \u0161\u012bm iek\u0101rt\u0101m var ar\u012b efekt\u012bvi likvid\u0113t liel\u0101ko da\u013cu graudu s\u0113n\u012b\u0161u, t\u0101d\u0113j\u0101di saglab\u0101jot j\u016bsu gala produkta kvalit\u0101ti.<\/li>\n<li><em>Uzlabota d\u012bgtsp\u0113ja un samazin\u0101tas izmaksas<\/em>: Labi izt\u012br\u012bti graudi lab\u0101k d\u012bgst, un apret\u016bras materi\u0101ls efekt\u012bv\u0101k piestiprin\u0101s pie atsevi\u0161\u0137iem graudiem, t\u0101d\u0113j\u0101di samazinot materi\u0101la zudumus un izmaksas.<\/li>\n<li><em>Augst\u0101ka bar\u012bbas v\u0113rt\u012bba<\/em>: Ja <em>Uniseed<\/em> un <em>Duoseed<\/em> iek\u0101rtas tiek izmantotas lopbar\u012bbas graudu t\u012br\u012b\u0161anai \/ \u0161\u0137iro\u0161anai, t\u0101s nodro\u0161ina nemain\u012bgi augstas kvalit\u0101tes graudus bez nev\u0113lamiem piemais\u012bjumiem, samazinot putek\u013cu veido\u0161anos.<\/li>\n<li><em>Zem\u0101kas glab\u0101\u0161anas izmaksas<\/em>: Pareizi \u0161\u0137iroti graudaugi vai s\u0113klas uzglab\u0101\u0161an\u0101 rada maz\u0101ku risku, ka t\u0101s saboj\u0101s pel\u0113jums, s\u0113n\u012btes, bakt\u0113rijas un \u0113rces. Tas noz\u012bm\u0113 maz\u0101k ba\u017eu par graudu boj\u0101\u0161anos un maz\u0101k izdevumu par turpm\u0101ko kalt\u0113\u0161anu.<\/li>\n<li><em>Pagarin\u0101ts iek\u0101rtu kalpo\u0161anas laiks<\/em>: Labi \u0161\u0137irota lab\u012bba uzlabo j\u016bsu ra\u017eo\u0161anas iek\u0101rtu veiktsp\u0113ju un kalpo\u0161anas ilgumu, optimiz\u0113jot j\u016bsu ieguld\u012bjumus.<\/li>\n<li><em>Iztur\u012bgs dizains<\/em>: <em>Uniseed<\/em> un <em>Duoseed<\/em> plakan\u0101s platformas t\u012br\u012bt\u0101ji ir izgatavoti t\u0101, lai kalpotu ilgi, un tiem ir cinkota t\u0113rauda durvis un specializ\u0113tas gumijas bumbi\u0146as, kas nodro\u0161ina sietu t\u012br\u012bbu. Minim\u0101las vibr\u0101cijas samazina gr\u012bdas vai balstiek\u0101rtas slodzi, t\u0101d\u0113j\u0101di paildzinot visas iek\u0101rtas kalpo\u0161anas laiku.<\/li>\n<li><em>Apkalpo\u0161anas un lieto\u0161anas \u0113rtums<\/em>: \u0160ie plakan\u0101s platformas t\u012br\u012bt\u0101ji ir izstr\u0101d\u0101ti t\u0101, lai sietu mai\u0146a neb\u016btu sare\u017e\u0123\u012bta un ikdienas darb\u012bba b\u016btu vienk\u0101r\u0161a, t\u0101p\u0113c tos ir viegli apg\u016bt un p\u0101rvald\u012bt.<\/li>\n<\/ul>\n<p>[\/vc_column_text][\/vc_column][\/vc_row]<\/p>\n<\/div>","protected":false},"excerpt":{"rendered":"<p><em>Damas Uniseed<\/em> un <em>Duoseed<\/em> t\u012br\u012b\u0161anas iek\u0101rtas ir paredz\u0113tas efekt\u012bvai graudu \u0161\u0137iro\u0161anai un t\u012br\u012b\u0161anai saimniec\u012bb\u0101. T\u0101s pied\u0101v\u0101 r\u016bpnieciskas klases veiktsp\u0113ju kompakt\u0101 un ekonomisk\u0101 iek\u0101rt\u0101, kas piem\u0113rota saimniec\u012bb\u0101m, kuras izmanto graudus lopbar\u012bbai un p\u0101rdo\u0161anai. \u0160\u012bs iek\u0101rtas ir ide\u0101li piem\u0113rotas rapsim, kvie\u0161iem, mie\u017eiem un kukur\u016bzai.<\/p>\n","protected":false},"featured_media":31390,"comment_status":"open","ping_status":"closed","template":"","meta":{"_acf_changed":false},"product_brand":[],"product_cat":[845,880,863,864,870,897],"product_tag":[898,915,881,873],"class_list":{"0":"post-31389","1":"product","2":"type-product","3":"status-publish","4":"has-post-thumbnail","6":"product_cat-all-products-lv","7":"product_cat-feed-lv","8":"product_cat-food-2-lv","9":"product_cat-grain-lv","10":"product_cat-material-handling-lv","11":"product_cat-cleaning-machines-lv","12":"product_tag-cleaning-lv","13":"product_tag-damas-lv","14":"product_tag-dust-lv","15":"product_tag-separation-lv","16":"description-off","18":"first","19":"instock","20":"shipping-taxable","21":"product-type-simple"},"acf":[],"_links":{"self":[{"href":"https:\/\/www.tornum.com\/lv\/wp-json\/wp\/v2\/product\/31389","targetHints":{"allow":["GET"]}}],"collection":[{"href":"https:\/\/www.tornum.com\/lv\/wp-json\/wp\/v2\/product"}],"about":[{"href":"https:\/\/www.tornum.com\/lv\/wp-json\/wp\/v2\/types\/product"}],"replies":[{"embeddable":true,"href":"https:\/\/www.tornum.com\/lv\/wp-json\/wp\/v2\/comments?post=31389"}],"version-history":[{"count":2,"href":"https:\/\/www.tornum.com\/lv\/wp-json\/wp\/v2\/product\/31389\/revisions"}],"predecessor-version":[{"id":31527,"href":"https:\/\/www.tornum.com\/lv\/wp-json\/wp\/v2\/product\/31389\/revisions\/31527"}],"wp:featuredmedia":[{"embeddable":true,"href":"https:\/\/www.tornum.com\/lv\/wp-json\/wp\/v2\/media\/31390"}],"wp:attachment":[{"href":"https:\/\/www.tornum.com\/lv\/wp-json\/wp\/v2\/media?parent=31389"}],"wp:term":[{"taxonomy":"product_brand","embeddable":true,"href":"https:\/\/www.tornum.com\/lv\/wp-json\/wp\/v2\/product_brand?post=31389"},{"taxonomy":"product_cat","embeddable":true,"href":"https:\/\/www.tornum.com\/lv\/wp-json\/wp\/v2\/product_cat?post=31389"},{"taxonomy":"product_tag","embeddable":true,"href":"https:\/\/www.tornum.com\/lv\/wp-json\/wp\/v2\/product_tag?post=31389"}],"curies":[{"name":"wp","href":"https:\/\/api.w.org\/{rel}","templated":true}]}}