{"id":31391,"date":"2023-05-14T21:49:32","date_gmt":"2023-05-14T21:49:32","guid":{"rendered":"https:\/\/www.tornum.com\/product\/dust-chaff-remover\/"},"modified":"2025-07-30T10:15:41","modified_gmt":"2025-07-30T10:15:41","slug":"puteklu-un-pelavu-savacejs","status":"publish","type":"product","link":"https:\/\/www.tornum.com\/lv\/product\/puteklu-un-pelavu-savacejs\/","title":{"rendered":"PUTEK\u013bU UN PELAVU SAV\u0100C\u0112JS"},"content":{"rendered":"<div class=\"wpb-content-wrapper\"><p>[vc_row][vc_column width=&#8221;2\/3&#8243;][vc_column_text]Putek\u013cu un pelavu sav\u0101c\u0113js ir piln\u012bga sist\u0113ma rupju graudu t\u012br\u012b\u0161anai un putek\u013cu, s\u0113nalu un nelielu salmu atdal\u012b\u0161anai. T\u0101 ir piln\u012bb\u0101 integr\u0113ta, kompakta t\u012br\u012b\u0161anas iek\u0101rta ar ventilatoru, elektrisku motoru un ciklonseparatoru, kas ra\u017eota no cinkota t\u0113rauda. T\u012br\u012b\u0161ana ir visefekt\u012bv\u0101k\u0101 zem\u0101kas jaudas l\u012bmen\u012b, un optim\u0101lus t\u012br\u012b\u0161anas rezult\u0101tus iesp\u0113jams sasniegt tikai ar piln\u012bgu sist\u0113mu.<\/p>\n<p>Ien\u0101ko\u0161ie graudi tiek izklied\u0113ti uz sieta ar \u0161k\u0113rsvirziena spraug\u0101m, \u013caujot att\u012br\u012bt s\u0113klas un graudus un ne\u013caujot tiem izkrist cauri. Gaiss tiek ies\u016bkn\u0113ts caur sietu, un graudu pl\u016bsma tiek att\u012br\u012bta, vienlaikus atdalot putek\u013cus un pelavas. Gaisa pl\u016bsmu iesp\u0113jams piel\u0101got da\u017e\u0101d\u0101m kult\u016br\u0101m.<\/p>\n<p>Uzpilde un izpl\u016bde pieejama ar 180, 250 vai 300\u00a0mm kvadr\u0101tveida \u0161\u0137\u0113rsgriezuma sekciju, lai nodro\u0161in\u0101tu savienojumu ar RK250 cauru\u013cvadu sist\u0113m\u0101m (120\u2013150 t\/h, <em>Spiro 315<\/em>). Ventilatoru iesp\u0113jams rot\u0113t par 360\u00b0, un tas noz\u012bm\u0113, ka izpl\u016bdes atv\u0113rumu iesp\u0113jams novietot v\u0113lamaj\u0101 virzien\u0101 bez nepiecie\u0161am\u012bbas izliekt cauru\u013cvadus. Putek\u013cus un pelavas izp\u016bt\u0113jcaurul\u0113 iesp\u0113jams transport\u0113t aptuveni 25 metrus l\u012bdz ciklonseparatoram.[\/vc_column_text][\/vc_column][vc_column width=&#8221;1\/3&#8243;][vc_column_text]<strong>FUNKCIJAS<\/strong><br \/>\n\u2022 Ra\u017eots no 2\u00a0mm cinkota t\u0113rauda<br \/>\n\u2022 Apr\u012bkots ar difuzoru vienm\u0113r\u012bgai materi\u0101la izkliedei<br \/>\n\u2022 Piel\u0101gojama s\u016bkn\u0113\u0161anas jauda<br \/>\n\u2022 360\u00b0 piel\u0101gojama ventilatora poz\u012bcija<br \/>\n\u2022 Zems uzst\u0101d\u012b\u0161anas augstums<\/p>\n<p><strong>PAPILDAPR\u012aKOJUMS<\/strong><br \/>\n\u2022 P\u0101rsegs pret nelabv\u0113l\u012bgiem laikapst\u0101k\u013ciem<br \/>\n\u2022 Ciklonseparators<br \/>\n\u2022 Putek\u013cu tvertne[\/vc_column_text][\/vc_column][\/vc_row]<\/p>\n<\/div>","protected":false},"excerpt":{"rendered":"<p>Putek\u013cu un pelavu sav\u0101c\u0113js ir kompakta, piln\u012bb\u0101 integr\u0113ta graudu t\u012br\u012b\u0161anas sist\u0113ma no cinkota t\u0113rauda, kas paredz\u0113ta efekt\u012bvai rupjai t\u012br\u012b\u0161anai un putek\u013cu, s\u0113nalu un viegl\u0101ku salmi\u0146u atdal\u012b\u0161anai.<\/p>\n","protected":false},"featured_media":31400,"comment_status":"open","ping_status":"closed","template":"","meta":{"_acf_changed":false},"product_brand":[],"product_cat":[845,864,870,871],"product_tag":[898,899,881,873],"class_list":{"0":"post-31391","1":"product","2":"type-product","3":"status-publish","4":"has-post-thumbnail","6":"product_cat-all-products-lv","7":"product_cat-grain-lv","8":"product_cat-material-handling-lv","9":"product_cat-dust-separation-lv","10":"product_tag-cleaning-lv","11":"product_tag-dc-remover-lv","12":"product_tag-dust-lv","13":"product_tag-separation-lv","14":"description-off","16":"first","17":"instock","18":"shipping-taxable","19":"product-type-simple"},"acf":[],"_links":{"self":[{"href":"https:\/\/www.tornum.com\/lv\/wp-json\/wp\/v2\/product\/31391","targetHints":{"allow":["GET"]}}],"collection":[{"href":"https:\/\/www.tornum.com\/lv\/wp-json\/wp\/v2\/product"}],"about":[{"href":"https:\/\/www.tornum.com\/lv\/wp-json\/wp\/v2\/types\/product"}],"replies":[{"embeddable":true,"href":"https:\/\/www.tornum.com\/lv\/wp-json\/wp\/v2\/comments?post=31391"}],"version-history":[{"count":2,"href":"https:\/\/www.tornum.com\/lv\/wp-json\/wp\/v2\/product\/31391\/revisions"}],"predecessor-version":[{"id":31535,"href":"https:\/\/www.tornum.com\/lv\/wp-json\/wp\/v2\/product\/31391\/revisions\/31535"}],"wp:featuredmedia":[{"embeddable":true,"href":"https:\/\/www.tornum.com\/lv\/wp-json\/wp\/v2\/media\/31400"}],"wp:attachment":[{"href":"https:\/\/www.tornum.com\/lv\/wp-json\/wp\/v2\/media?parent=31391"}],"wp:term":[{"taxonomy":"product_brand","embeddable":true,"href":"https:\/\/www.tornum.com\/lv\/wp-json\/wp\/v2\/product_brand?post=31391"},{"taxonomy":"product_cat","embeddable":true,"href":"https:\/\/www.tornum.com\/lv\/wp-json\/wp\/v2\/product_cat?post=31391"},{"taxonomy":"product_tag","embeddable":true,"href":"https:\/\/www.tornum.com\/lv\/wp-json\/wp\/v2\/product_tag?post=31391"}],"curies":[{"name":"wp","href":"https:\/\/api.w.org\/{rel}","templated":true}]}}