{"id":31392,"date":"2023-05-17T12:34:31","date_gmt":"2023-05-17T12:34:31","guid":{"rendered":"https:\/\/www.tornum.com\/product\/dust-container\/"},"modified":"2025-07-30T10:22:40","modified_gmt":"2025-07-30T10:22:40","slug":"puteklu-tvertne","status":"publish","type":"product","link":"https:\/\/www.tornum.com\/lv\/product\/puteklu-tvertne\/","title":{"rendered":"PUTEK\u013bU TVERTNE"},"content":{"rendered":"<div class=\"wpb-content-wrapper\"><p>[vc_row][vc_column width=&#8221;2\/3&#8243;][vc_column_text]<em>TORNUM<\/em> putek\u013cu tvertne tiek izmantota, lai sav\u0101ktu t\u012br\u012b\u0161anas materi\u0101lus no t\u012br\u012b\u0161anas ma\u0161\u012bnas, putek\u013cus, aspiratora utt. Tvertne ir viegli p\u0101rvietojama ar traktora front\u0101lo iekr\u0101v\u0113ju. Liela l\u016bka priek\u0161pus\u0113 \u013cauj viegli iztuk\u0161ot putek\u013cus un veikt t\u012br\u012b\u0161anu.[\/vc_column_text][\/vc_column][vc_column width=&#8221;1\/3&#8243;][vc_column_text]<strong>Iekr\u0101v\u0113ja kron\u0161teins:<\/strong><\/p>\n<ul>\n<li>Euro<\/li>\n<li>Lielais <em>BM<\/em><\/li>\n<li>Mazais <em>BM<\/em><\/li>\n<li><em>Trim<\/em><\/li>\n<li><em>JCB Q-fit<\/em><\/li>\n<li><em>Zettelmeyer<\/em><\/li>\n<li>Citi stiprin\u0101jumi p\u0113c piepras\u012bjuma<\/li>\n<\/ul>\n<p>[\/vc_column_text][\/vc_column][\/vc_row]<\/p>\n<\/div>","protected":false},"excerpt":{"rendered":"<p><em>Tornum<\/em> putek\u013cu tvertne ir videi draudz\u012bgs risin\u0101jums putek\u013cu un graudu atkritumu apsaimnieko\u0161anai no t\u012br\u012b\u0161anas apr\u012bkojuma, kam ir l\u012bdz minimumam samazin\u0101tas putek\u013cu emisijas, \u0101tri savienojams v\u0101ks \u0101trai iztuk\u0161o\u0161anai un pievienot\u0101jier\u012bces iekr\u0101v\u0113jiem atbilsto\u0161i klientu vajadz\u012bb\u0101m.<\/p>\n","protected":false},"featured_media":31394,"comment_status":"open","ping_status":"closed","template":"","meta":{"_acf_changed":false},"product_brand":[],"product_cat":[845,870,871],"product_tag":[898,881,873,904],"class_list":{"0":"post-31392","1":"product","2":"type-product","3":"status-publish","4":"has-post-thumbnail","6":"product_cat-all-products-lv","7":"product_cat-material-handling-lv","8":"product_cat-dust-separation-lv","9":"product_tag-cleaning-lv","10":"product_tag-dust-lv","11":"product_tag-separation-lv","12":"product_tag-storage-lv","13":"description-off","15":"first","16":"instock","17":"shipping-taxable","18":"product-type-simple"},"acf":[],"_links":{"self":[{"href":"https:\/\/www.tornum.com\/lv\/wp-json\/wp\/v2\/product\/31392","targetHints":{"allow":["GET"]}}],"collection":[{"href":"https:\/\/www.tornum.com\/lv\/wp-json\/wp\/v2\/product"}],"about":[{"href":"https:\/\/www.tornum.com\/lv\/wp-json\/wp\/v2\/types\/product"}],"replies":[{"embeddable":true,"href":"https:\/\/www.tornum.com\/lv\/wp-json\/wp\/v2\/comments?post=31392"}],"version-history":[{"count":2,"href":"https:\/\/www.tornum.com\/lv\/wp-json\/wp\/v2\/product\/31392\/revisions"}],"predecessor-version":[{"id":31538,"href":"https:\/\/www.tornum.com\/lv\/wp-json\/wp\/v2\/product\/31392\/revisions\/31538"}],"wp:featuredmedia":[{"embeddable":true,"href":"https:\/\/www.tornum.com\/lv\/wp-json\/wp\/v2\/media\/31394"}],"wp:attachment":[{"href":"https:\/\/www.tornum.com\/lv\/wp-json\/wp\/v2\/media?parent=31392"}],"wp:term":[{"taxonomy":"product_brand","embeddable":true,"href":"https:\/\/www.tornum.com\/lv\/wp-json\/wp\/v2\/product_brand?post=31392"},{"taxonomy":"product_cat","embeddable":true,"href":"https:\/\/www.tornum.com\/lv\/wp-json\/wp\/v2\/product_cat?post=31392"},{"taxonomy":"product_tag","embeddable":true,"href":"https:\/\/www.tornum.com\/lv\/wp-json\/wp\/v2\/product_tag?post=31392"}],"curies":[{"name":"wp","href":"https:\/\/api.w.org\/{rel}","templated":true}]}}