{"id":31393,"date":"2023-05-04T12:43:42","date_gmt":"2023-05-04T12:43:42","guid":{"rendered":"https:\/\/www.tornum.com\/product\/feed-bin-ft\/"},"modified":"2025-07-30T10:35:17","modified_gmt":"2025-07-30T10:35:17","slug":"iekrausanas-tvertne-ft","status":"publish","type":"product","link":"https:\/\/www.tornum.com\/lv\/product\/iekrausanas-tvertne-ft\/","title":{"rendered":"IEKRAU\u0160ANAS TVERTNE FT"},"content":{"rendered":"<div class=\"wpb-content-wrapper\"><p>[vc_row gap=&#8221;35&#8243;][vc_column width=&#8221;2\/3&#8243;][vc_column_text]Iekrau\u0161anas tvertne graudu, koncentr\u0101tu un drupin\u0101tas vai maltas lopbar\u012bbas glab\u0101\u0161anai.<br \/>\nAr <em>Tornum FT<\/em> iekrau\u0161anas tvertni j\u016bs varat sajaukt ieg\u0101d\u0101to lopbar\u012bbu ar sav\u0101m sast\u0101vda\u013c\u0101m no saimniec\u012bbas. Tvertne tiek uzst\u0101d\u012bta uz \u010detr\u0101m kvadr\u0101tveida k\u0101j\u0101m. Lai sasniegtu v\u0113lamo tilpumu, var pievienot l\u012bdz pat se\u0161\u0101m sekcij\u0101m vien\u0101 tvertn\u0113.[\/vc_column_text][\/vc_column][vc_column width=&#8221;1\/3&#8243;][vc_column_text]<strong>FUNKCIJAS<\/strong><br \/>\n\u2022 Bunkurs un sekcijas ra\u017eotas no karsti cinkota t\u0113rauda<br \/>\n\u2022 Visu uz bunkura uzst\u0101d\u012bto sekciju vertik\u0101lais augstums ir 505\u00a0mm atbilsto\u0161i <em>Tornum<\/em> modul\u0101rajai sist\u0113mai<br \/>\n\u2022 Visas sast\u0101vda\u013cas ir pieskr\u016bv\u0113jamas, vieglai mont\u0101\u017eai un uzst\u0101d\u012b\u0161anai<br \/>\n\u2022 Izkrau\u0161anas konuss 300 x 300\u00a0mm<br \/>\n\u2022 60\u00b0 sl\u012bpuma le\u0146\u0137is<br \/>\n\u2022 Var tikt b\u016bv\u0113ta, izmantojot 1 l\u012bdz 6 sekcijas<br \/>\n\u2022 Pieejama 6 izm\u0113ros no 1 x 1 m l\u012bdz pat 3 x 3 m<\/p>\n<p><strong>PAPILDAPR\u012aKOJUMS<\/strong><br \/>\n\u2022 P\u0101rbaudes l\u016bka ar dro\u0161\u012bbas re\u017e\u0123i, uzst\u0101d\u012bta uz gr\u012bdas<br \/>\n\u2022 Aizb\u012bdnis<br \/>\n\u2022 Uzpildes caurule<br \/>\n\u2022 Ciklonseparators[\/vc_column_text][\/vc_column][\/vc_row]<\/p>\n<\/div>","protected":false},"excerpt":{"rendered":"<p><em>Tornum FT<\/em> iekrau\u0161anas tvertne ir paredz\u0113ta graudu, koncentr\u0101tu, sasmalcin\u0101tas vai maltas bar\u012bbas uzglab\u0101\u0161anai, un tai ir modul\u0101ra konstrukcija, kas \u013cauj veidot l\u012bdz pat 6 sekcij\u0101m ar piel\u0101gojamu tilpumu.<\/p>\n","protected":false},"featured_media":31399,"comment_status":"open","ping_status":"closed","template":"","meta":{"_acf_changed":false},"product_brand":[],"product_cat":[845,880,863,901,917],"product_tag":[888,906,851,904],"class_list":{"0":"post-31393","1":"product","2":"type-product","3":"status-publish","4":"has-post-thumbnail","6":"product_cat-all-products-lv","7":"product_cat-feed-lv","8":"product_cat-food-2-lv","9":"product_cat-storage-lv","10":"product_cat-feed-bin-lv","11":"product_tag-bin-lv","12":"product_tag-building-lv","13":"product_tag-silo-lv","14":"product_tag-storage-lv","15":"description-off","17":"first","18":"instock","19":"shipping-taxable","20":"product-type-simple"},"acf":[],"_links":{"self":[{"href":"https:\/\/www.tornum.com\/lv\/wp-json\/wp\/v2\/product\/31393","targetHints":{"allow":["GET"]}}],"collection":[{"href":"https:\/\/www.tornum.com\/lv\/wp-json\/wp\/v2\/product"}],"about":[{"href":"https:\/\/www.tornum.com\/lv\/wp-json\/wp\/v2\/types\/product"}],"replies":[{"embeddable":true,"href":"https:\/\/www.tornum.com\/lv\/wp-json\/wp\/v2\/comments?post=31393"}],"version-history":[{"count":2,"href":"https:\/\/www.tornum.com\/lv\/wp-json\/wp\/v2\/product\/31393\/revisions"}],"predecessor-version":[{"id":31545,"href":"https:\/\/www.tornum.com\/lv\/wp-json\/wp\/v2\/product\/31393\/revisions\/31545"}],"wp:featuredmedia":[{"embeddable":true,"href":"https:\/\/www.tornum.com\/lv\/wp-json\/wp\/v2\/media\/31399"}],"wp:attachment":[{"href":"https:\/\/www.tornum.com\/lv\/wp-json\/wp\/v2\/media?parent=31393"}],"wp:term":[{"taxonomy":"product_brand","embeddable":true,"href":"https:\/\/www.tornum.com\/lv\/wp-json\/wp\/v2\/product_brand?post=31393"},{"taxonomy":"product_cat","embeddable":true,"href":"https:\/\/www.tornum.com\/lv\/wp-json\/wp\/v2\/product_cat?post=31393"},{"taxonomy":"product_tag","embeddable":true,"href":"https:\/\/www.tornum.com\/lv\/wp-json\/wp\/v2\/product_tag?post=31393"}],"curies":[{"name":"wp","href":"https:\/\/api.w.org\/{rel}","templated":true}]}}