{"id":31403,"date":"2023-03-23T18:48:14","date_gmt":"2023-03-23T18:48:14","guid":{"rendered":"https:\/\/www.tornum.com\/product\/grain-cooler\/"},"modified":"2026-04-22T09:47:09","modified_gmt":"2026-04-22T09:47:09","slug":"graudu-dzesetajs","status":"publish","type":"product","link":"https:\/\/www.tornum.com\/lv\/product\/graudu-dzesetajs\/","title":{"rendered":"GRAIN COOLER"},"content":{"rendered":"<div class=\"wpb-content-wrapper\"><p>[vc_row gap=&#8221;35&#8243;][vc_column width=&#8221;2\/3&#8243;][vc_column_text css=&#8221;&#8221;]<b>Elast\u012bgi risin\u0101jumi vis\u0101m vajadz\u012bb\u0101m<\/b><\/p>\n<p><span style=\"font-weight: 400;\">Tornum graudu dzes\u0113t\u0101ji ir pieejami da\u017e\u0101dos izm\u0113ros \u2013 no lauku saimniec\u012bbu instal\u0101cij\u0101m l\u012bdz liel\u0101k\u0101m industri\u0101l\u0101m sist\u0113m\u0101m. Ier\u012bces ir izstr\u0101d\u0101tas \u0113rtai uzst\u0101d\u012b\u0161anai un transport\u0113\u0161anai.<\/span><\/p>\n<p>&nbsp;<\/p>\n<p><b>Uzticams dizains<\/b><\/p>\n<p><span style=\"font-weight: 400;\">Lai nodro\u0161in\u0101tu dro\u0161u un ilgtermi\u0146a darb\u012bbu, sist\u0113ma ir veidota, \u012bpa\u0161u uzman\u012bbu piev\u0113r\u0161ot iztur\u012bbai, kvalit\u0101tei un ilgm\u016b\u017e\u012bg\u0101m tehnolo\u0123ij\u0101m:<\/span><\/p>\n<ul>\n<li style=\"font-weight: 400;\" aria-level=\"1\"><span style=\"font-weight: 400;\">Autom\u0101tiska atkaus\u0113\u0161ana ar karst\u0101s g\u0101zes pal\u012bdz\u012bbu (kompresora darb\u012bbas laik\u0101)<\/span><\/li>\n<li style=\"font-weight: 400;\" aria-level=\"1\"><span style=\"font-weight: 400;\">Iztur\u012bga un uzticama kompresoru tehnolo\u0123ija<\/span><\/li>\n<li style=\"font-weight: 400;\" aria-level=\"1\"><span style=\"font-weight: 400;\">Videi draudz\u012bgs aukstuma a\u0123ents (R1234ze) ar \u013coti zemu GWP v\u0113rt\u012bbu<\/span><\/li>\n<li style=\"font-weight: 400;\" aria-level=\"1\"><span style=\"font-weight: 400;\">Augstas kvalit\u0101tes komponenti maksim\u0101lam kalpo\u0161anas laikam un minim\u0101lai apkopei<\/span><\/li>\n<\/ul>\n<p><span style=\"font-weight: 400;\">Zem\u0101 GWP v\u0113rt\u012bba noz\u012bm\u0113 iev\u0113rojami maz\u0101ku ietekmi uz klimatu sal\u012bdzin\u0101jum\u0101 ar tradicion\u0101lajiem aukstuma a\u0123entiem, padarot sist\u0113mu par n\u0101kotnei piem\u0113rotu izv\u0113li gan vides, gan regul\u0113juma aspekt\u0101.<\/span><\/p>\n<p><span style=\"font-weight: 400;\">Dizains ir izstr\u0101d\u0101ts, lai nodro\u0161in\u0101tu stabilu darb\u012bbu ilgtermi\u0146\u0101 un garant\u0113tu dro\u0161u un ilgtsp\u0113j\u012bgu graudu uzglab\u0101\u0161anu.<\/span><\/p>\n<p>&nbsp;<\/p>\n<p><b>Uzlabota gaisa apstr\u0101de<\/b><\/p>\n<p><span style=\"font-weight: 400;\">Dzes\u0113\u0161anas proces\u0101 izmantotais gaiss tiek r\u016bp\u012bgi apstr\u0101d\u0101ts:<\/span><\/p>\n<ul>\n<li style=\"font-weight: 400;\" aria-level=\"1\"><span style=\"font-weight: 400;\">Jaud\u012bgi radi\u0101lie ventilatori (centrb\u0113dzes ventilatori) vienm\u0113r\u012bgai gaisa pl\u016bsmai<\/span><\/li>\n<li style=\"font-weight: 400;\" aria-level=\"1\"><span style=\"font-weight: 400;\">Da\u017eos mode\u013cos pieejami augstspiediena ventilatori<\/span><\/li>\n<li style=\"font-weight: 400;\" aria-level=\"1\"><span style=\"font-weight: 400;\">Siltummainis ar vara caurul\u0113m un alum\u012bnija rib\u0101m<\/span><\/li>\n<li style=\"font-weight: 400;\" aria-level=\"1\"><span style=\"font-weight: 400;\">Integr\u0113ta mitruma no\u0146em\u0161ana kondens\u0101cijas ce\u013c\u0101<\/span><\/li>\n<li style=\"font-weight: 400;\" aria-level=\"1\"><span style=\"font-weight: 400;\">Mazg\u0101jami filtri, kurus parasti nav nepiecie\u0161ams nomain\u012bt<\/span><\/li>\n<\/ul>\n<p><span style=\"font-weight: 400;\">Atdzes\u0113tais gaiss tiek sadal\u012bts caur graudu masu, izmantojot kan\u0101lu sist\u0113mu silos vai uzglab\u0101\u0161anas iek\u0101rt\u0101.<\/span><\/p>\n<p>&nbsp;<\/p>\n<p><b>Piln\u012bga kontrole un uzraudz\u012bba<\/b><\/p>\n<p><span style=\"font-weight: 400;\">Sist\u0113ma ir apr\u012bkota ar modernu vad\u012bbas tehnolo\u0123iju:<\/span><\/p>\n<ul>\n<li style=\"font-weight: 400;\" aria-level=\"1\"><span style=\"font-weight: 400;\">PLC vad\u012bba (Siemens CHARLY mode\u013cos, Allen-Bradley TURBOGRAIN mode\u013cos)<\/span><\/li>\n<li style=\"font-weight: 400;\" aria-level=\"1\"><span style=\"font-weight: 400;\">Lietot\u0101jam draudz\u012bgs sk\u0101rienekr\u0101na interfeiss<\/span><\/li>\n<li style=\"font-weight: 400;\" aria-level=\"1\"><span style=\"font-weight: 400;\">Ventilatori ar frekven\u010du p\u0101rveidot\u0101ju vad\u012bbu<\/span><\/li>\n<li style=\"font-weight: 400;\" aria-level=\"1\"><span style=\"font-weight: 400;\">Att\u0101lin\u0101tas vad\u012bbas iesp\u0113ja caur Ethernet vai Wi-Fi<\/span><\/li>\n<\/ul>\n<p><span style=\"font-weight: 400;\">Darb\u012bbas dati tiek nep\u0101rtraukti re\u0123istr\u0113ti, tostarp:<\/span><\/p>\n<ul>\n<li style=\"font-weight: 400;\" aria-level=\"1\"><span style=\"font-weight: 400;\">Temperat\u016bra un mitrums<\/span><\/li>\n<li style=\"font-weight: 400;\" aria-level=\"1\"><span style=\"font-weight: 400;\">Sist\u0113mas spiediens<\/span><\/li>\n<li style=\"font-weight: 400;\" aria-level=\"1\"><span style=\"font-weight: 400;\">Darb\u012bbas laiks un atkaus\u0113\u0161anas cikli<\/span><\/li>\n<\/ul>\n<p>&nbsp;<\/p>\n<p><b>Balst\u012bts pieredz\u0113 un p\u0101rbaud\u012bt\u0101 tehnolo\u0123ij\u0101<\/b><\/p>\n<p><span style=\"font-weight: 400;\">Tornum ir pla\u0161a pieredze graudu apstr\u0101des un uzglab\u0101\u0161anas risin\u0101jumos. Apvienojot tehnisk\u0101s zin\u0101\u0161anas ar praktisku izpratni par lauksaimniec\u012bbas vajadz\u012bb\u0101m, tiek nodro\u0161in\u0101tas uzticamas un efekt\u012bvas sist\u0113mas.<\/span><\/p>\n<p><span style=\"font-weight: 400;\">Rezult\u0101ts ir risin\u0101jums, kas izstr\u0101d\u0101ts darbam re\u0101los uzglab\u0101\u0161anas apst\u0101k\u013cos \u2013 ar uzsvaru uz uzticam\u012bbu, energoefektivit\u0101ti un lieto\u0161anas \u0113rtumu.<\/span><\/p>\n<p>&nbsp;<\/p>\n<p><b>Inteli\u0123enta un automatiz\u0113ta darb\u012bba<\/b><\/p>\n<p><span style=\"font-weight: 400;\">Tornum graudu dzes\u0113t\u0101js uzrauga un kontrol\u0113 dzes\u0113\u0161anas procesu, izmantojot modernu sensoru sist\u0113mu, kas nep\u0101rtraukti m\u0113ra:<\/span><\/p>\n<ul>\n<li style=\"font-weight: 400;\" aria-level=\"1\"><span style=\"font-weight: 400;\">\u0100ra gaisa temperat\u016bru un mitrumu<\/span><\/li>\n<li style=\"font-weight: 400;\" aria-level=\"1\"><span style=\"font-weight: 400;\">Apstr\u0101d\u0101t\u0101 gaisa temperat\u016bru<\/span><\/li>\n<li style=\"font-weight: 400;\" aria-level=\"1\"><span style=\"font-weight: 400;\">Dzes\u0113\u0161anas sist\u0113mas spiedienu un temperat\u016bru<\/span><\/li>\n<li style=\"font-weight: 400;\" aria-level=\"1\"><span style=\"font-weight: 400;\">Gaisa pl\u016bsmu silos vai uzglab\u0101\u0161anas sist\u0113m\u0101<\/span><\/li>\n<\/ul>\n<p><span style=\"font-weight: 400;\">Sist\u0113ma autom\u0101tiski piel\u0101go darb\u012bbu un pak\u0101peniski atdzes\u0113 graudus, nodro\u0161inot vienm\u0113r\u012bgu un saudz\u012bgu temperat\u016bras samazin\u0101jumu.<\/span><\/p>\n<p>&nbsp;<\/p>\n<p><b>Energoefekt\u012bva tehnolo\u0123ija<\/b><\/p>\n<p><span style=\"font-weight: 400;\">Sist\u0113ma ir izstr\u0101d\u0101ta, lai samazin\u0101tu ener\u0123ijas pat\u0113ri\u0146u:<\/span><\/p>\n<p><b>Br\u012bv\u0101 dzes\u0113\u0161ana (Free Cooling)<\/b><b><br \/>\n<\/b><span style=\"font-weight: 400;\"> Izmanto v\u0113sus \u0101ra apst\u0101k\u013cus dzes\u0113\u0161anai bez kompresora darb\u012bbas.<\/span><\/p>\n<p><b>Ener\u0123ijas taup\u012b\u0161anas funkcija<\/b><b><br \/>\n<\/b><span style=\"font-weight: 400;\"> Kompresors autom\u0101tiski izsl\u0113dzas, kad apst\u0101k\u013ci to \u013cauj.<\/span><\/p>\n<p><b>Ventil\u0101cijas re\u017e\u012bms<\/b><b><br \/>\n<\/b><span style=\"font-weight: 400;\"> Darbojas k\u0101 inteli\u0123enta ventil\u0101cijas sist\u0113ma, balstoties uz temperat\u016bru un mitrumu.<\/span><\/p>\n<p>&nbsp;<\/p>\n<p><b>Elast\u012bgi risin\u0101jumi vis\u0101m vajadz\u012bb\u0101m<\/b><\/p>\n<p><span style=\"font-weight: 400;\">Tornum graudu dzes\u0113t\u0101ji ir pieejami da\u017e\u0101dos izm\u0113ros \u2013 no lauku saimniec\u012bbu instal\u0101cij\u0101m l\u012bdz liel\u0101k\u0101m industri\u0101l\u0101m sist\u0113m\u0101m. Ier\u012bces ir izstr\u0101d\u0101tas \u0113rtai uzst\u0101d\u012b\u0161anai un transport\u0113\u0161anai.<\/span>[\/vc_column_text][\/vc_column][vc_column width=&#8221;1\/3&#8243;][vc_column_text css=&#8221;&#8221;]<b>iel\u0101gota darb\u012bba main\u012bgos klimatiskajos apst\u0101k\u013cos<\/b><\/p>\n<p><span style=\"font-weight: 400;\">Sist\u0113ma ir izstr\u0101d\u0101ta, lai efekt\u012bvi darbotos main\u012bgos klimatiskajos apst\u0101k\u013cos. Pie zem\u0101k\u0101m \u0101ra temperat\u016br\u0101m t\u0101 darbojas bez kompresora, izmantojot apk\u0101rt\u0113jo gaisu dzes\u0113\u0161anai kombin\u0101cij\u0101 ar ventilatoriem (un p\u0113c izv\u0113les ar\u012b elektrisko sild\u012bt\u0101ju).<\/span><\/p>\n<p>&nbsp;<\/p>\n<p><b>K\u0101p\u0113c izv\u0113l\u0113ties Tornum graudu dzes\u0113t\u0101ju<\/b><\/p>\n<ul>\n<li style=\"font-weight: 400;\" aria-level=\"1\"><span style=\"font-weight: 400;\">Samazina nepiecie\u0161am\u012bbu p\u0113c \u0137\u012bmisk\u0101s insektu kontroles<\/span><\/li>\n<li style=\"font-weight: 400;\" aria-level=\"1\"><span style=\"font-weight: 400;\">Saglab\u0101 graudu kvalit\u0101ti un pagarina uzglab\u0101\u0161anas laiku<\/span><\/li>\n<li style=\"font-weight: 400;\" aria-level=\"1\"><span style=\"font-weight: 400;\">Pareizos apst\u0101k\u013cos var pal\u012bdz\u0113t samazin\u0101t mitruma saturu<\/span><\/li>\n<li style=\"font-weight: 400;\" aria-level=\"1\"><span style=\"font-weight: 400;\">Zems ener\u0123ijas pat\u0113ri\u0146\u0161<\/span><\/li>\n<li style=\"font-weight: 400;\" aria-level=\"1\"><span style=\"font-weight: 400;\">Vienk\u0101r\u0161a uzst\u0101d\u012b\u0161ana<\/span><\/li>\n<li style=\"font-weight: 400;\" aria-level=\"1\"><span style=\"font-weight: 400;\">Piln\u012bb\u0101 autom\u0101tiska darb\u012bba<\/span><\/li>\n<\/ul>\n<p>[\/vc_column_text][\/vc_column][\/vc_row]<\/p>\n<\/div>","protected":false},"excerpt":{"rendered":"<h3 data-start=\"0\" data-end=\"111\">Tornum graudu dzes\u0113t\u0101js \u2013 moderns graudu dzes\u0113\u0161anas risin\u0101jums dro\u0161ai uzglab\u0101\u0161anai un saglab\u0101tai kvalit\u0101tei<\/h3>\n<p data-start=\"113\" data-end=\"419\">Graudi ir dz\u012bvs materi\u0101ls, kas turpina elpot ar\u012b p\u0113c ra\u017eas nov\u0101k\u0161anas. Bez optim\u0101liem uzglab\u0101\u0161anas apst\u0101k\u013ciem gan to svars, gan kvalit\u0101te laika gait\u0101 var pasliktin\u0101ties. Siltums, mitrums, pel\u0113jums un kukai\u0146i ir vieni no liel\u0101kajiem draudiem, ta\u010du ar pareizu tehnolo\u0123iju \u0161os riskus var iev\u0113rojami samazin\u0101t.<\/p>\n<p data-start=\"421\" data-end=\"677\" data-is-last-node=\"\" data-is-only-node=\"\">Tornum graudu dzes\u0113t\u0101js ir moderns un energoefekt\u012bvs risin\u0101jums, kas nodro\u0161ina piln\u012bgu kontroli p\u0101r uzglab\u0101\u0161anas klimatu. Regul\u0113jot temperat\u016bru un mitrumu, tiek rad\u012bti stabili apst\u0101k\u013ci dro\u0161ai uzglab\u0101\u0161anai \u2013 bez nepiecie\u0161am\u012bbas izmantot \u0137\u012bmiskos pestic\u012bdus.<\/p>\n","protected":false},"featured_media":31406,"comment_status":"open","ping_status":"closed","template":"","meta":{"_acf_changed":false},"product_brand":[],"product_cat":[845,864,846,918],"product_tag":[872,849,919,920],"class_list":{"0":"post-31403","1":"product","2":"type-product","3":"status-publish","4":"has-post-thumbnail","6":"product_cat-all-products-lv","7":"product_cat-grain-lv","8":"product_cat-conditioning-lv","9":"product_cat-grain-cooler-lv","10":"product_tag-conditioning-lv","11":"product_tag-conditioning-laterals-lv","12":"product_tag-cooling-lv","13":"product_tag-cooling-machine-lv","14":"pa_products-type-all-products-lv","15":"pa_products-type-grain-lv","17":"first","18":"instock","19":"shipping-taxable","20":"product-type-simple"},"acf":[],"_links":{"self":[{"href":"https:\/\/www.tornum.com\/lv\/wp-json\/wp\/v2\/product\/31403","targetHints":{"allow":["GET"]}}],"collection":[{"href":"https:\/\/www.tornum.com\/lv\/wp-json\/wp\/v2\/product"}],"about":[{"href":"https:\/\/www.tornum.com\/lv\/wp-json\/wp\/v2\/types\/product"}],"replies":[{"embeddable":true,"href":"https:\/\/www.tornum.com\/lv\/wp-json\/wp\/v2\/comments?post=31403"}],"version-history":[{"count":11,"href":"https:\/\/www.tornum.com\/lv\/wp-json\/wp\/v2\/product\/31403\/revisions"}],"predecessor-version":[{"id":54088,"href":"https:\/\/www.tornum.com\/lv\/wp-json\/wp\/v2\/product\/31403\/revisions\/54088"}],"wp:featuredmedia":[{"embeddable":true,"href":"https:\/\/www.tornum.com\/lv\/wp-json\/wp\/v2\/media\/31406"}],"wp:attachment":[{"href":"https:\/\/www.tornum.com\/lv\/wp-json\/wp\/v2\/media?parent=31403"}],"wp:term":[{"taxonomy":"product_brand","embeddable":true,"href":"https:\/\/www.tornum.com\/lv\/wp-json\/wp\/v2\/product_brand?post=31403"},{"taxonomy":"product_cat","embeddable":true,"href":"https:\/\/www.tornum.com\/lv\/wp-json\/wp\/v2\/product_cat?post=31403"},{"taxonomy":"product_tag","embeddable":true,"href":"https:\/\/www.tornum.com\/lv\/wp-json\/wp\/v2\/product_tag?post=31403"}],"curies":[{"name":"wp","href":"https:\/\/api.w.org\/{rel}","templated":true}]}}