{"id":31407,"date":"2023-05-04T09:45:07","date_gmt":"2023-05-04T09:45:07","guid":{"rendered":"https:\/\/www.tornum.com\/product\/grain-dryer-te\/"},"modified":"2025-07-11T09:29:46","modified_gmt":"2025-07-11T09:29:46","slug":"graudu-kalte-te","status":"publish","type":"product","link":"https:\/\/www.tornum.com\/lv\/product\/graudu-kalte-te\/","title":{"rendered":"GRAUDU KALTE TE"},"content":{"rendered":"<div class=\"wpb-content-wrapper\"><p>[vc_row][vc_column width=&#8221;2\/3&#8243;][vc_column_text]<em>Tornum TE<\/em> porciju tipa graudu kalte ir kompakta, ar karstu gaisu darbin\u0101ma kalte par pieejamu cenu, ko iesp\u0113jams piel\u0101got da\u017e\u0101d\u0101m vajadz\u012bb\u0101m. Graudu kaltei ir pa\u0161izl\u0101des nodal\u012bjums apak\u0161pus\u0113, kas tiek izmantots k\u0101 kalt\u0113\u0161anas sekcija un ir apr\u012bkots ar s\u0101nu kalt\u0113\u0161anas iesp\u0113ju un izpl\u016bdes konusa aizb\u012bdni, kas nodro\u0161ina veiksm\u012bgu kalt\u0113\u0161anas ekonomiju. M\u016bsu graudu kaltes ir ra\u017eotas no karsti cinkota t\u0113rauda.[\/vc_column_text][\/vc_column][vc_column width=&#8221;1\/3&#8243;][vc_column_text]<strong>STANDARTAPR\u012aKOJUMS<\/strong><br \/>\n\u2022 Karsta gaisa vads<br \/>\n\u2022 Buferzona<\/p>\n<p><strong>PAPILDAPR\u012aKOJUMS<\/strong><br \/>\n\u2022 K\u0101pnes un platformas<br \/>\n\u2022 Skatstikls, kas atvieglo p\u0101rbaudi no \u0101rpuses<br \/>\n\u2022 Palielin\u0101ta buferzona<br \/>\n\u2022 Laika, svara vai temperat\u016bras kontrole<br \/>\n\u2022 Mitr\u0101 gaisa vads<br \/>\n\u2022 L\u012bme\u0146a indikators<br \/>\n\u2022 Ugunsgr\u0113ka signaliz\u0101cijas sist\u0113ma[\/vc_column_text][\/vc_column][\/vc_row]<\/p>\n<\/div>","protected":false},"excerpt":{"rendered":"<p><em>Tornum TE <\/em>porciju tipa kalte ir daudzpus\u012bga, ekonomiska karst\u0101 gaisa graudu kalte, kas paredz\u0113ta da\u017e\u0101d\u0101m vajadz\u012bb\u0101m. Tai ir pa\u0161iztuk\u0161ojo\u0161a apak\u0161\u0113j\u0101 da\u013ca, kas darbojas k\u0101 kalt\u0113\u0161anas zona, apr\u012bkota ar kalt\u0113\u0161anas s\u0101nvadiem un izpl\u016bdes aizb\u012bdni efekt\u012bvai kalt\u0113\u0161anai. Visas m\u016bsu graudu kaltes ir izgatavotas no karsti cinkota t\u0113rauda.<\/p>\n","protected":false},"featured_media":31409,"comment_status":"open","ping_status":"closed","template":"","meta":{"_acf_changed":false},"product_brand":[],"product_cat":[845,863,864,846,884],"product_tag":[866,867,916,890],"class_list":{"0":"post-31407","1":"product","2":"type-product","3":"status-publish","4":"has-post-thumbnail","6":"product_cat-all-products-lv","7":"product_cat-food-2-lv","8":"product_cat-grain-lv","9":"product_cat-conditioning-lv","10":"product_cat-grain-dryers-lv","11":"product_tag-burner-lv","12":"product_tag-dryer-lv","13":"product_tag-dryer-ts-lv","14":"product_tag-transport-lv","15":"description-off","17":"first","18":"instock","19":"shipping-taxable","20":"product-type-simple"},"acf":[],"_links":{"self":[{"href":"https:\/\/www.tornum.com\/lv\/wp-json\/wp\/v2\/product\/31407","targetHints":{"allow":["GET"]}}],"collection":[{"href":"https:\/\/www.tornum.com\/lv\/wp-json\/wp\/v2\/product"}],"about":[{"href":"https:\/\/www.tornum.com\/lv\/wp-json\/wp\/v2\/types\/product"}],"replies":[{"embeddable":true,"href":"https:\/\/www.tornum.com\/lv\/wp-json\/wp\/v2\/comments?post=31407"}],"version-history":[{"count":2,"href":"https:\/\/www.tornum.com\/lv\/wp-json\/wp\/v2\/product\/31407\/revisions"}],"predecessor-version":[{"id":31571,"href":"https:\/\/www.tornum.com\/lv\/wp-json\/wp\/v2\/product\/31407\/revisions\/31571"}],"wp:featuredmedia":[{"embeddable":true,"href":"https:\/\/www.tornum.com\/lv\/wp-json\/wp\/v2\/media\/31409"}],"wp:attachment":[{"href":"https:\/\/www.tornum.com\/lv\/wp-json\/wp\/v2\/media?parent=31407"}],"wp:term":[{"taxonomy":"product_brand","embeddable":true,"href":"https:\/\/www.tornum.com\/lv\/wp-json\/wp\/v2\/product_brand?post=31407"},{"taxonomy":"product_cat","embeddable":true,"href":"https:\/\/www.tornum.com\/lv\/wp-json\/wp\/v2\/product_cat?post=31407"},{"taxonomy":"product_tag","embeddable":true,"href":"https:\/\/www.tornum.com\/lv\/wp-json\/wp\/v2\/product_tag?post=31407"}],"curies":[{"name":"wp","href":"https:\/\/api.w.org\/{rel}","templated":true}]}}