{"id":31413,"date":"2023-05-04T11:13:10","date_gmt":"2023-05-04T11:13:10","guid":{"rendered":"https:\/\/www.tornum.com\/product\/grain-storage-silos\/"},"modified":"2025-07-30T10:44:20","modified_gmt":"2025-07-30T10:44:20","slug":"graudu-uzglabasanas-silosi","status":"publish","type":"product","link":"https:\/\/www.tornum.com\/lv\/product\/graudu-uzglabasanas-silosi\/","title":{"rendered":"GRAUDU UZGLAB\u0100\u0160ANAS SILOSI"},"content":{"rendered":"<div class=\"wpb-content-wrapper\"><p>[vc_row][vc_column width=&#8221;2\/3&#8243;][vc_column_text]<em>Tornum<\/em> uzglab\u0101\u0161anas silosi ir paredz\u0113tas visu br\u012bvi pl\u016bsto\u0161o graudaugu past\u0101v\u012bgai glab\u0101\u0161anai. Jumta segmenti, kas izgatavoti no augstas stipr\u012bbas t\u0113rauda, ir rievoti un veido \u012bpa\u0161i iztur\u012bgu modul\u0101ru jumta sist\u0113mu. Cinkoto s\u0101nu lok\u0161\u0146u biezums ir 0,8\u20133,5\u00a0mm, l\u012bdz 600\u00a0g\/m\u00b2. M\u016bsu uzglab\u0101\u0161anas silosi ir projekt\u0113ti atbilsto\u0161i Eirokodeksa vai <em>ASAE \/ ANSI<\/em> standartiem, un tie var tikt pieg\u0101d\u0101ti ar \u012bpa\u0161iem seismisk\u0101s, sniega vai v\u0113ja slodzes iztur\u012bbas uzlabojumiem atbilsto\u0161i pras\u012bb\u0101m.<\/p>\n<p>Pied\u0101v\u0101jam pilnu piederumu kl\u0101stu, tostarp s\u0101nu durvis, pieslienam\u0101s k\u0101pnes, <a href=\"https:\/\/www.tornum.com\/product\/ladders-and-platforms\/\">platformas<\/a>, atbalsta tor\u0146us, ventil\u0101cijas un temperat\u016bras uzr\u0101d\u012b\u0161anas sist\u0113mas, k\u0101 ar\u012b meh\u0101nisk\u0101s apstr\u0101des apr\u012bkojumu.[\/vc_column_text][\/vc_column][vc_column width=&#8221;1\/3&#8243;][\/vc_column][\/vc_row]<\/p>\n<\/div>","protected":false},"excerpt":{"rendered":"<p><em>Tornum<\/em> uzglab\u0101\u0161anas silosi ir paredz\u0113tas visu br\u012bvi pl\u016bsto\u0161o graudaugu past\u0101v\u012bgai glab\u0101\u0161anai. Jumta segmenti, kas izgatavoti no augstas stipr\u012bbas t\u0113rauda, ir rievoti un veido \u012bpa\u0161i iztur\u012bgu modul\u0101ru jumta sist\u0113mu.<\/p>\n","protected":false},"featured_media":31417,"comment_status":"open","ping_status":"closed","template":"","meta":{"_acf_changed":false},"product_brand":[],"product_cat":[845,864,901,921],"product_tag":[888,877,851,904],"class_list":{"0":"post-31413","1":"product","2":"type-product","3":"status-publish","4":"has-post-thumbnail","6":"product_cat-all-products-lv","7":"product_cat-grain-lv","8":"product_cat-storage-lv","9":"product_cat-grain-storage-silos-lv","10":"product_tag-bin-lv","11":"product_tag-monitoring-lv","12":"product_tag-silo-lv","13":"product_tag-storage-lv","14":"description-off","16":"first","17":"instock","18":"shipping-taxable","19":"product-type-simple"},"acf":[],"_links":{"self":[{"href":"https:\/\/www.tornum.com\/lv\/wp-json\/wp\/v2\/product\/31413","targetHints":{"allow":["GET"]}}],"collection":[{"href":"https:\/\/www.tornum.com\/lv\/wp-json\/wp\/v2\/product"}],"about":[{"href":"https:\/\/www.tornum.com\/lv\/wp-json\/wp\/v2\/types\/product"}],"replies":[{"embeddable":true,"href":"https:\/\/www.tornum.com\/lv\/wp-json\/wp\/v2\/comments?post=31413"}],"version-history":[{"count":2,"href":"https:\/\/www.tornum.com\/lv\/wp-json\/wp\/v2\/product\/31413\/revisions"}],"predecessor-version":[{"id":31572,"href":"https:\/\/www.tornum.com\/lv\/wp-json\/wp\/v2\/product\/31413\/revisions\/31572"}],"wp:featuredmedia":[{"embeddable":true,"href":"https:\/\/www.tornum.com\/lv\/wp-json\/wp\/v2\/media\/31417"}],"wp:attachment":[{"href":"https:\/\/www.tornum.com\/lv\/wp-json\/wp\/v2\/media?parent=31413"}],"wp:term":[{"taxonomy":"product_brand","embeddable":true,"href":"https:\/\/www.tornum.com\/lv\/wp-json\/wp\/v2\/product_brand?post=31413"},{"taxonomy":"product_cat","embeddable":true,"href":"https:\/\/www.tornum.com\/lv\/wp-json\/wp\/v2\/product_cat?post=31413"},{"taxonomy":"product_tag","embeddable":true,"href":"https:\/\/www.tornum.com\/lv\/wp-json\/wp\/v2\/product_tag?post=31413"}],"curies":[{"name":"wp","href":"https:\/\/api.w.org\/{rel}","templated":true}]}}