{"id":31611,"date":"2023-05-04T10:21:36","date_gmt":"2023-05-04T10:21:36","guid":{"rendered":"https:\/\/www.tornum.com\/product\/heat-exchanger\/"},"modified":"2025-07-30T11:21:18","modified_gmt":"2025-07-30T11:21:18","slug":"siltummainis","status":"publish","type":"product","link":"https:\/\/www.tornum.com\/lv\/product\/siltummainis\/","title":{"rendered":"SILTUMMAINIS"},"content":{"rendered":"<div class=\"wpb-content-wrapper\"><p>[vc_row gap=&#8221;35&#8243;][vc_column width=&#8221;2\/3&#8243;][vc_column_text]Siltummai\u0146i ir alternat\u012bva karst\u0101 gaisa kr\u0101sn\u012bm, un tie ir \u012bpa\u0161i piel\u0101goti <em>Tornum<\/em> modul\u0101rajai kal\u0161u sist\u0113mai. Pied\u0101v\u0101jum\u0101 ir karst\u0101 \u016bdens un tvaika siltummainis, un piem\u0113roti ener\u0123ijas avoti ir salmi, \u0161\u0137elda, granulas vai naftas kurin\u0101mie. Elast\u012bgais dizains \u013cauj mums piel\u0101got spoles izm\u0113ru un gaisa ietilp\u012bbu j\u016bsu specifiskaj\u0101m vajadz\u012bb\u0101m.<\/p>\n<p>&nbsp;<\/p>\n<h3><strong>SILTUMMAINIS, KAS TIEK IZMANTOTS K\u0100 PRIEK\u0160SILD\u012aT\u0100JS<\/strong><\/h3>\n<p>Uzsildot gaisu pirms t\u0101 ielai\u0161anas kr\u0101sn\u012b, tiek samazin\u0101ts kop\u0113jais degvielas pat\u0113ri\u0146\u0161. <em>TORNUM<\/em> uzsild\u012b\u0161anas spoli iesp\u0113jams savienot ar karst\u0101 gaisa cirkul\u0101cijas kr\u0101sni.[\/vc_column_text][\/vc_column][vc_column width=&#8221;1\/3&#8243;][vc_column_text]<strong>FUNKCIJAS<\/strong><br \/>\n\u2022 Riboti siltummai\u0146i ar vara cauru\u013cvadiem un meh\u0101niski piestiprin\u0101tiem, izv\u0113rst\u0101m alum\u012bnija rib\u0101m.<br \/>\n\u2022 Spoles darbojas p\u0113c pretpl\u016bsmas principa, kas nodro\u0161ina \u013coti augstu efektivit\u0101ti.<br \/>\n\u2022 Uzkares r\u0101mis, kas piem\u0113rots darbam smagos apst\u0101k\u013cos, izstr\u0101d\u0101ts \u012bpa\u0161i <em>Tornum<\/em> modul\u0101rajai sist\u0113mai, ir viegli uzst\u0101d\u0101mas un garant\u0113 dro\u0161\u012bbu.<br \/>\n\u2022 Kolektori un savienojumi \u016bdens armat\u016brai var tikt uzst\u0101d\u012bti ab\u0101s pus\u0113s.<br \/>\n\u2022 Kolektoriem ir aizveramas izejas ventil\u0101cijai un dren\u0101\u017eai. Spoles savienojumiem \u0161\u0137idruma pus\u0113 ir \u0101r\u0113j\u0101s v\u012btnes.[\/vc_column_text][\/vc_column][\/vc_row]<\/p>\n<\/div>","protected":false},"excerpt":{"rendered":"<p>Siltummai\u0146i ir alternat\u012bva karst\u0101 gaisa kr\u0101sn\u012bm, un tie ir \u012bpa\u0161i piel\u0101goti <em>Tornum<\/em> modul\u0101rajai kal\u0161u sist\u0113mai. Pied\u0101v\u0101jum\u0101 ir karst\u0101 \u016bdens un tvaika siltummainis, un piem\u0113roti ener\u0123ijas avoti ir salmi, \u0161\u0137elda, granulas vai naftas kurin\u0101mie.<\/p>\n","protected":false},"featured_media":31612,"comment_status":"open","ping_status":"closed","template":"","meta":{"_acf_changed":false},"product_brand":[],"product_cat":[845,864,846,865],"product_tag":[866,867,885,879],"class_list":{"0":"post-31611","1":"product","2":"type-product","3":"status-publish","4":"has-post-thumbnail","6":"product_cat-all-products-lv","7":"product_cat-grain-lv","8":"product_cat-conditioning-lv","9":"product_cat-heat-sources-lv","10":"product_tag-burner-lv","11":"product_tag-dryer-lv","12":"product_tag-dryer-tk-lv","13":"product_tag-plc-lv","14":"description-off","16":"first","17":"instock","18":"shipping-taxable","19":"product-type-simple"},"acf":[],"_links":{"self":[{"href":"https:\/\/www.tornum.com\/lv\/wp-json\/wp\/v2\/product\/31611","targetHints":{"allow":["GET"]}}],"collection":[{"href":"https:\/\/www.tornum.com\/lv\/wp-json\/wp\/v2\/product"}],"about":[{"href":"https:\/\/www.tornum.com\/lv\/wp-json\/wp\/v2\/types\/product"}],"replies":[{"embeddable":true,"href":"https:\/\/www.tornum.com\/lv\/wp-json\/wp\/v2\/comments?post=31611"}],"version-history":[{"count":2,"href":"https:\/\/www.tornum.com\/lv\/wp-json\/wp\/v2\/product\/31611\/revisions"}],"predecessor-version":[{"id":31739,"href":"https:\/\/www.tornum.com\/lv\/wp-json\/wp\/v2\/product\/31611\/revisions\/31739"}],"wp:featuredmedia":[{"embeddable":true,"href":"https:\/\/www.tornum.com\/lv\/wp-json\/wp\/v2\/media\/31612"}],"wp:attachment":[{"href":"https:\/\/www.tornum.com\/lv\/wp-json\/wp\/v2\/media?parent=31611"}],"wp:term":[{"taxonomy":"product_brand","embeddable":true,"href":"https:\/\/www.tornum.com\/lv\/wp-json\/wp\/v2\/product_brand?post=31611"},{"taxonomy":"product_cat","embeddable":true,"href":"https:\/\/www.tornum.com\/lv\/wp-json\/wp\/v2\/product_cat?post=31611"},{"taxonomy":"product_tag","embeddable":true,"href":"https:\/\/www.tornum.com\/lv\/wp-json\/wp\/v2\/product_tag?post=31611"}],"curies":[{"name":"wp","href":"https:\/\/api.w.org\/{rel}","templated":true}]}}